{"id":74,"date":"2016-04-17T16:00:36","date_gmt":"2016-04-17T14:00:36","guid":{"rendered":"http:\/\/regatyyoutuberow.roza.pl\/?page_id=74"},"modified":"2016-04-21T21:14:46","modified_gmt":"2016-04-21T19:14:46","slug":"uczestnicy-pierwszych-mistrzostw","status":"publish","type":"page","link":"https:\/\/regatyinfluencerow.roza.pl\/index.php\/uczestnicy-pierwszych-mistrzostw\/","title":{"rendered":"Uczestnicy Pierwszych Mistrzostw"},"content":{"rendered":"<h1 style=\"text-align: center;\">YouTuberzy bior\u0105cy udzia\u0142 w pierwszej edycji \u017beglarskich Mistrzostw Polski<\/h1>\n<p style=\"text-align: center;\"><img loading=\"lazy\" decoding=\"async\" class=\"alignnone wp-image-268 size-full\" src=\"http:\/\/www.roza.pl\/regatyyoutuberow\/wp-content\/uploads\/2016\/03\/Adwekage.png\" alt=\"Adwekage\" width=\"236\" height=\"260\" \/><\/p>\n<h2 style=\"text-align: center;\">Adwekage<\/h2>\n<h2 style=\"text-align: center;\"><img loading=\"lazy\" decoding=\"async\" class=\"alignnone wp-image-269 size-full\" src=\"http:\/\/www.roza.pl\/regatyyoutuberow\/wp-content\/uploads\/2016\/03\/Gimper.png\" alt=\"Gimper\" width=\"237\" height=\"260\" \/><\/h2>\n<h2 style=\"text-align: center;\">Gimper<\/h2>\n<h2 style=\"text-align: center;\"><img loading=\"lazy\" decoding=\"async\" class=\"alignnone wp-image-270 size-full\" src=\"http:\/\/www.roza.pl\/regatyyoutuberow\/wp-content\/uploads\/2016\/03\/Graczol.png\" alt=\"Graczol\" width=\"236\" height=\"260\" \/><\/h2>\n<h2 style=\"text-align: center;\">Graczol<\/h2>\n<h2 style=\"text-align: center;\"><img loading=\"lazy\" decoding=\"async\" class=\"alignnone wp-image-271 size-full\" src=\"http:\/\/www.roza.pl\/regatyyoutuberow\/wp-content\/uploads\/2016\/03\/Isamu.png\" alt=\"Isamu\" width=\"237\" height=\"260\" \/><\/h2>\n<h2 style=\"text-align: center;\">Isamu<\/h2>\n<h2 style=\"text-align: center;\"><img loading=\"lazy\" decoding=\"async\" class=\"alignnone wp-image-272 size-full\" src=\"http:\/\/www.roza.pl\/regatyyoutuberow\/wp-content\/uploads\/2016\/03\/Izak.png\" alt=\"Izak\" width=\"236\" height=\"260\" \/><\/h2>\n<h2 style=\"text-align: center;\">Izak<\/h2>\n<h2 style=\"text-align: center;\"><img loading=\"lazy\" decoding=\"async\" class=\"alignnone wp-image-273 size-full\" src=\"http:\/\/www.roza.pl\/regatyyoutuberow\/wp-content\/uploads\/2016\/03\/JCOBPlay.png\" alt=\"JCOBPlay\" width=\"234\" height=\"260\" \/><\/h2>\n<h2 style=\"text-align: center;\">Jcob<\/h2>\n<h2 style=\"text-align: center;\"><img loading=\"lazy\" decoding=\"async\" class=\"alignnone wp-image-274 size-full\" src=\"http:\/\/www.roza.pl\/regatyyoutuberow\/wp-content\/uploads\/2016\/03\/Kisiel.png\" alt=\"Kisiel\" width=\"237\" height=\"260\" \/><\/h2>\n<h2 style=\"text-align: center;\">Kisiel<\/h2>\n<h2 style=\"text-align: center;\"><img loading=\"lazy\" decoding=\"async\" class=\"alignnone wp-image-275 size-full\" src=\"http:\/\/www.roza.pl\/regatyyoutuberow\/wp-content\/uploads\/2016\/03\/Kolega-Ignacy.png\" alt=\"Kolega Ignacy\" width=\"237\" height=\"260\" \/><\/h2>\n<h2 style=\"text-align: center;\">Kolega Ignacy<\/h2>\n<h2 style=\"text-align: center;\"><img loading=\"lazy\" decoding=\"async\" class=\"alignnone wp-image-276 size-full\" src=\"http:\/\/www.roza.pl\/regatyyoutuberow\/wp-content\/uploads\/2016\/03\/LoveAndGreatShoes.png\" alt=\"LoveAndGreatShoes\" width=\"236\" height=\"260\" \/><\/h2>\n<h2 style=\"text-align: center;\">Love and Great Shoes<\/h2>\n<h2 style=\"text-align: center;\"><img loading=\"lazy\" decoding=\"async\" class=\"alignnone wp-image-277 size-full\" src=\"http:\/\/www.roza.pl\/regatyyoutuberow\/wp-content\/uploads\/2016\/03\/Magic-of-Y.png\" alt=\"Magic of Y\" width=\"237\" height=\"260\" \/><\/h2>\n<h2 style=\"text-align: center;\">Y<\/h2>\n<h2 style=\"text-align: center;\"><img loading=\"lazy\" decoding=\"async\" class=\"alignnone wp-image-278 size-full\" src=\"http:\/\/www.roza.pl\/regatyyoutuberow\/wp-content\/uploads\/2016\/03\/Monika-Ko\u0142akowska.png\" alt=\"Monika Ko\u0142akowska\" width=\"236\" height=\"260\" \/><\/h2>\n<h2 style=\"text-align: center;\">Monika Ko\u0142akowska<\/h2>\n<h2 style=\"text-align: center;\"><img loading=\"lazy\" decoding=\"async\" class=\"alignnone wp-image-279 size-full\" src=\"http:\/\/www.roza.pl\/regatyyoutuberow\/wp-content\/uploads\/2016\/03\/MrSetoKami.png\" alt=\"MrSetoKami\" width=\"236\" height=\"260\" \/><\/h2>\n<h2 style=\"text-align: center;\">Seto<\/h2>\n<h2 style=\"text-align: center;\"><img loading=\"lazy\" decoding=\"async\" class=\"alignnone wp-image-280 size-full\" src=\"http:\/\/www.roza.pl\/regatyyoutuberow\/wp-content\/uploads\/2016\/03\/Naruciak.png\" alt=\"Naruciak\" width=\"237\" height=\"260\" \/><\/h2>\n<h2 style=\"text-align: center;\">Naruciak<\/h2>\n<h2 style=\"text-align: center;\"><img loading=\"lazy\" decoding=\"async\" class=\"alignnone wp-image-281 size-full\" src=\"http:\/\/www.roza.pl\/regatyyoutuberow\/wp-content\/uploads\/2016\/03\/Nymfa.png\" alt=\"Nymfa\" width=\"236\" height=\"260\" \/><\/h2>\n<h2 style=\"text-align: center;\">\u2605 Nymfa\u00a0\u2605<\/h2>\n<h2 style=\"text-align: center;\"><img loading=\"lazy\" decoding=\"async\" class=\"alignnone wp-image-282 size-full\" src=\"http:\/\/www.roza.pl\/regatyyoutuberow\/wp-content\/uploads\/2016\/03\/Rock-Alone.png\" alt=\"Rock Alone\" width=\"237\" height=\"260\" \/><\/h2>\n<h2 style=\"text-align: center;\">Rock<\/h2>\n<h2 style=\"text-align: center;\"><img loading=\"lazy\" decoding=\"async\" class=\"alignnone wp-image-283 size-full\" src=\"http:\/\/www.roza.pl\/regatyyoutuberow\/wp-content\/uploads\/2016\/03\/Rojo.png\" alt=\"Rojo\" width=\"236\" height=\"260\" \/><\/h2>\n<h2 style=\"text-align: center;\">Rojo<\/h2>\n<h2 style=\"text-align: center;\"><img loading=\"lazy\" decoding=\"async\" class=\"alignnone wp-image-284 size-full\" src=\"http:\/\/www.roza.pl\/regatyyoutuberow\/wp-content\/uploads\/2016\/03\/Sadam.png\" alt=\"Sadam\" width=\"228\" height=\"260\" \/><\/h2>\n<h2 style=\"text-align: center;\">Sadam<\/h2>\n<h2 style=\"text-align: center;\"><img loading=\"lazy\" decoding=\"async\" class=\"alignnone wp-image-285 size-full\" src=\"http:\/\/www.roza.pl\/regatyyoutuberow\/wp-content\/uploads\/2016\/03\/SouShibo.png\" alt=\"SouShibo\" width=\"237\" height=\"250\" \/><\/h2>\n<h2 style=\"text-align: center;\">SouShibo<\/h2>\n<h2 style=\"text-align: center;\"><img loading=\"lazy\" decoding=\"async\" class=\"alignnone wp-image-286 size-full\" src=\"http:\/\/www.roza.pl\/regatyyoutuberow\/wp-content\/uploads\/2016\/03\/Sylwester-Ward\u0119ga.png\" alt=\"Sylwester Ward\u0119ga\" width=\"191\" height=\"232\" \/><\/h2>\n<h2 style=\"text-align: center;\">S A Ward\u0119ga<\/h2>\n<h2 style=\"text-align: center;\"><img loading=\"lazy\" decoding=\"async\" class=\"alignnone wp-image-287 size-full\" src=\"http:\/\/www.roza.pl\/regatyyoutuberow\/wp-content\/uploads\/2016\/03\/\u015amiechawa-TV.png\" alt=\"\u015amiechawa TV\" width=\"236\" height=\"260\" \/><\/h2>\n<h2 style=\"text-align: center;\">\u015amiechawa TV<\/h2>\n<h2 style=\"text-align: center;\"><img loading=\"lazy\" decoding=\"async\" class=\"alignnone wp-image-288 size-full\" src=\"http:\/\/www.roza.pl\/regatyyoutuberow\/wp-content\/uploads\/2016\/03\/TheNitroZyniak.png\" alt=\"TheNitroZyniak\" width=\"237\" height=\"260\" \/><\/h2>\n<h2 style=\"text-align: center;\">Nitro<\/h2>\n<h2 style=\"text-align: center;\"><img loading=\"lazy\" decoding=\"async\" class=\"alignnone wp-image-289 size-full\" src=\"http:\/\/www.roza.pl\/regatyyoutuberow\/wp-content\/uploads\/2016\/03\/Urban.png\" alt=\"Urban\" width=\"236\" height=\"260\" \/><\/h2>\n<h2 style=\"text-align: center;\">Urban<\/h2>\n<h2 style=\"text-align: center;\"><img loading=\"lazy\" decoding=\"async\" class=\"alignnone wp-image-290 size-full\" src=\"http:\/\/www.roza.pl\/regatyyoutuberow\/wp-content\/uploads\/2016\/03\/Wapniak.png\" alt=\"Wapniak\" width=\"237\" height=\"260\" \/><\/h2>\n<h2 style=\"text-align: center;\">Wapniak<\/h2>\n<h2 style=\"text-align: center;\"><img loading=\"lazy\" decoding=\"async\" class=\"alignnone wp-image-291 size-full\" src=\"http:\/\/www.roza.pl\/regatyyoutuberow\/wp-content\/uploads\/2016\/03\/Yoogurto.png\" alt=\"Yoogurto\" width=\"236\" height=\"260\" \/><\/h2>\n<h2 style=\"text-align: center;\">Yogurt<\/h2>\n<h2 style=\"text-align: center;\"><img loading=\"lazy\" decoding=\"async\" class=\"alignnone wp-image-292 size-full\" src=\"http:\/\/www.roza.pl\/regatyyoutuberow\/wp-content\/uploads\/2016\/03\/Yoshi.png\" alt=\"Yoshi\" width=\"236\" height=\"255\" \/><\/h2>\n<h2 style=\"text-align: center;\">Yoshi<\/h2>\n<p style=\"text-align: center;\">\n","protected":false},"excerpt":{"rendered":"<p>YouTuberzy bior\u0105cy udzia\u0142 w pierwszej edycji \u017beglarskich Mistrzostw Polski Adwekage Gimper Graczol Isamu Izak Jcob Kisiel Kolega Ignacy Love and Great Shoes Y Monika Ko\u0142akowska Seto<span class=\"excerpt-hellip\"> [\u2026]<\/span><\/p>\n","protected":false},"author":2,"featured_media":0,"parent":0,"menu_order":0,"comment_status":"open","ping_status":"closed","template":"","meta":{"_acf_changed":false,"footnotes":""},"class_list":["post-74","page","type-page","status-publish","hentry"],"acf":[],"yoast_head":"<!-- This site is optimized with the Yoast SEO plugin v27.5 - https:\/\/yoast.com\/product\/yoast-seo-wordpress\/ -->\n<title>Uczestnicy Pierwszych Mistrzostw - Regaty Influencer\u00f3w<\/title>\n<meta name=\"robots\" content=\"index, follow, max-snippet:-1, max-image-preview:large, max-video-preview:-1\" \/>\n<link rel=\"canonical\" href=\"https:\/\/regatyinfluencerow.roza.pl\/index.php\/uczestnicy-pierwszych-mistrzostw\/\" \/>\n<meta property=\"og:locale\" content=\"pl_PL\" \/>\n<meta property=\"og:type\" content=\"article\" \/>\n<meta property=\"og:title\" content=\"Uczestnicy Pierwszych Mistrzostw - Regaty Influencer\u00f3w\" \/>\n<meta property=\"og:description\" content=\"YouTuberzy bior\u0105cy udzia\u0142 w pierwszej edycji \u017beglarskich Mistrzostw Polski Adwekage Gimper Graczol Isamu Izak Jcob Kisiel Kolega Ignacy Love and Great Shoes Y Monika Ko\u0142akowska Seto [\u2026]\" \/>\n<meta property=\"og:url\" content=\"https:\/\/regatyinfluencerow.roza.pl\/index.php\/uczestnicy-pierwszych-mistrzostw\/\" \/>\n<meta property=\"og:site_name\" content=\"Regaty Influencer\u00f3w\" \/>\n<meta property=\"article:modified_time\" content=\"2016-04-21T19:14:46+00:00\" \/>\n<meta property=\"og:image\" content=\"http:\/\/www.roza.pl\/regatyyoutuberow\/wp-content\/uploads\/2016\/03\/Adwekage.png\" \/>\n<meta name=\"twitter:card\" content=\"summary_large_image\" \/>\n<script type=\"application\/ld+json\" class=\"yoast-schema-graph\">{\"@context\":\"https:\\\/\\\/schema.org\",\"@graph\":[{\"@type\":\"WebPage\",\"@id\":\"https:\\\/\\\/regatyinfluencerow.roza.pl\\\/index.php\\\/uczestnicy-pierwszych-mistrzostw\\\/\",\"url\":\"https:\\\/\\\/regatyinfluencerow.roza.pl\\\/index.php\\\/uczestnicy-pierwszych-mistrzostw\\\/\",\"name\":\"Uczestnicy Pierwszych Mistrzostw - Regaty Influencer\u00f3w\",\"isPartOf\":{\"@id\":\"https:\\\/\\\/regatyinfluencerow.roza.pl\\\/#website\"},\"primaryImageOfPage\":{\"@id\":\"https:\\\/\\\/regatyinfluencerow.roza.pl\\\/index.php\\\/uczestnicy-pierwszych-mistrzostw\\\/#primaryimage\"},\"image\":{\"@id\":\"https:\\\/\\\/regatyinfluencerow.roza.pl\\\/index.php\\\/uczestnicy-pierwszych-mistrzostw\\\/#primaryimage\"},\"thumbnailUrl\":\"http:\\\/\\\/www.roza.pl\\\/regatyyoutuberow\\\/wp-content\\\/uploads\\\/2016\\\/03\\\/Adwekage.png\",\"datePublished\":\"2016-04-17T14:00:36+00:00\",\"dateModified\":\"2016-04-21T19:14:46+00:00\",\"breadcrumb\":{\"@id\":\"https:\\\/\\\/regatyinfluencerow.roza.pl\\\/index.php\\\/uczestnicy-pierwszych-mistrzostw\\\/#breadcrumb\"},\"inLanguage\":\"pl-PL\",\"potentialAction\":[{\"@type\":\"ReadAction\",\"target\":[\"https:\\\/\\\/regatyinfluencerow.roza.pl\\\/index.php\\\/uczestnicy-pierwszych-mistrzostw\\\/\"]}]},{\"@type\":\"ImageObject\",\"inLanguage\":\"pl-PL\",\"@id\":\"https:\\\/\\\/regatyinfluencerow.roza.pl\\\/index.php\\\/uczestnicy-pierwszych-mistrzostw\\\/#primaryimage\",\"url\":\"http:\\\/\\\/www.roza.pl\\\/regatyyoutuberow\\\/wp-content\\\/uploads\\\/2016\\\/03\\\/Adwekage.png\",\"contentUrl\":\"http:\\\/\\\/www.roza.pl\\\/regatyyoutuberow\\\/wp-content\\\/uploads\\\/2016\\\/03\\\/Adwekage.png\"},{\"@type\":\"BreadcrumbList\",\"@id\":\"https:\\\/\\\/regatyinfluencerow.roza.pl\\\/index.php\\\/uczestnicy-pierwszych-mistrzostw\\\/#breadcrumb\",\"itemListElement\":[{\"@type\":\"ListItem\",\"position\":1,\"name\":\"Strona g\u0142\u00f3wna\",\"item\":\"https:\\\/\\\/regatyinfluencerow.roza.pl\\\/\"},{\"@type\":\"ListItem\",\"position\":2,\"name\":\"Uczestnicy Pierwszych Mistrzostw\"}]},{\"@type\":\"WebSite\",\"@id\":\"https:\\\/\\\/regatyinfluencerow.roza.pl\\\/#website\",\"url\":\"https:\\\/\\\/regatyinfluencerow.roza.pl\\\/\",\"name\":\"Regaty Influencer\u00f3w\",\"description\":\"o puchar R\u00f3\u017cy Wiatr\u00f3w\",\"publisher\":{\"@id\":\"https:\\\/\\\/regatyinfluencerow.roza.pl\\\/#organization\"},\"potentialAction\":[{\"@type\":\"SearchAction\",\"target\":{\"@type\":\"EntryPoint\",\"urlTemplate\":\"https:\\\/\\\/regatyinfluencerow.roza.pl\\\/?s={search_term_string}\"},\"query-input\":{\"@type\":\"PropertyValueSpecification\",\"valueRequired\":true,\"valueName\":\"search_term_string\"}}],\"inLanguage\":\"pl-PL\"},{\"@type\":\"Organization\",\"@id\":\"https:\\\/\\\/regatyinfluencerow.roza.pl\\\/#organization\",\"name\":\"Regaty Influencer\u00f3w\",\"url\":\"https:\\\/\\\/regatyinfluencerow.roza.pl\\\/\",\"logo\":{\"@type\":\"ImageObject\",\"inLanguage\":\"pl-PL\",\"@id\":\"https:\\\/\\\/regatyinfluencerow.roza.pl\\\/#\\\/schema\\\/logo\\\/image\\\/\",\"url\":\"https:\\\/\\\/regatyinfluencerow.roza.pl\\\/wp-content\\\/uploads\\\/2016\\\/04\\\/logoyotubesail-1024x934.png\",\"contentUrl\":\"https:\\\/\\\/regatyinfluencerow.roza.pl\\\/wp-content\\\/uploads\\\/2016\\\/04\\\/logoyotubesail-1024x934.png\",\"width\":1024,\"height\":934,\"caption\":\"Regaty Influencer\u00f3w\"},\"image\":{\"@id\":\"https:\\\/\\\/regatyinfluencerow.roza.pl\\\/#\\\/schema\\\/logo\\\/image\\\/\"}}]}<\/script>\n<!-- \/ Yoast SEO plugin. -->","yoast_head_json":{"title":"Uczestnicy Pierwszych Mistrzostw - Regaty Influencer\u00f3w","robots":{"index":"index","follow":"follow","max-snippet":"max-snippet:-1","max-image-preview":"max-image-preview:large","max-video-preview":"max-video-preview:-1"},"canonical":"https:\/\/regatyinfluencerow.roza.pl\/index.php\/uczestnicy-pierwszych-mistrzostw\/","og_locale":"pl_PL","og_type":"article","og_title":"Uczestnicy Pierwszych Mistrzostw - Regaty Influencer\u00f3w","og_description":"YouTuberzy bior\u0105cy udzia\u0142 w pierwszej edycji \u017beglarskich Mistrzostw Polski Adwekage Gimper Graczol Isamu Izak Jcob Kisiel Kolega Ignacy Love and Great Shoes Y Monika Ko\u0142akowska Seto [\u2026]","og_url":"https:\/\/regatyinfluencerow.roza.pl\/index.php\/uczestnicy-pierwszych-mistrzostw\/","og_site_name":"Regaty Influencer\u00f3w","article_modified_time":"2016-04-21T19:14:46+00:00","og_image":[{"url":"http:\/\/www.roza.pl\/regatyyoutuberow\/wp-content\/uploads\/2016\/03\/Adwekage.png","type":"","width":"","height":""}],"twitter_card":"summary_large_image","schema":{"@context":"https:\/\/schema.org","@graph":[{"@type":"WebPage","@id":"https:\/\/regatyinfluencerow.roza.pl\/index.php\/uczestnicy-pierwszych-mistrzostw\/","url":"https:\/\/regatyinfluencerow.roza.pl\/index.php\/uczestnicy-pierwszych-mistrzostw\/","name":"Uczestnicy Pierwszych Mistrzostw - Regaty Influencer\u00f3w","isPartOf":{"@id":"https:\/\/regatyinfluencerow.roza.pl\/#website"},"primaryImageOfPage":{"@id":"https:\/\/regatyinfluencerow.roza.pl\/index.php\/uczestnicy-pierwszych-mistrzostw\/#primaryimage"},"image":{"@id":"https:\/\/regatyinfluencerow.roza.pl\/index.php\/uczestnicy-pierwszych-mistrzostw\/#primaryimage"},"thumbnailUrl":"http:\/\/www.roza.pl\/regatyyoutuberow\/wp-content\/uploads\/2016\/03\/Adwekage.png","datePublished":"2016-04-17T14:00:36+00:00","dateModified":"2016-04-21T19:14:46+00:00","breadcrumb":{"@id":"https:\/\/regatyinfluencerow.roza.pl\/index.php\/uczestnicy-pierwszych-mistrzostw\/#breadcrumb"},"inLanguage":"pl-PL","potentialAction":[{"@type":"ReadAction","target":["https:\/\/regatyinfluencerow.roza.pl\/index.php\/uczestnicy-pierwszych-mistrzostw\/"]}]},{"@type":"ImageObject","inLanguage":"pl-PL","@id":"https:\/\/regatyinfluencerow.roza.pl\/index.php\/uczestnicy-pierwszych-mistrzostw\/#primaryimage","url":"http:\/\/www.roza.pl\/regatyyoutuberow\/wp-content\/uploads\/2016\/03\/Adwekage.png","contentUrl":"http:\/\/www.roza.pl\/regatyyoutuberow\/wp-content\/uploads\/2016\/03\/Adwekage.png"},{"@type":"BreadcrumbList","@id":"https:\/\/regatyinfluencerow.roza.pl\/index.php\/uczestnicy-pierwszych-mistrzostw\/#breadcrumb","itemListElement":[{"@type":"ListItem","position":1,"name":"Strona g\u0142\u00f3wna","item":"https:\/\/regatyinfluencerow.roza.pl\/"},{"@type":"ListItem","position":2,"name":"Uczestnicy Pierwszych Mistrzostw"}]},{"@type":"WebSite","@id":"https:\/\/regatyinfluencerow.roza.pl\/#website","url":"https:\/\/regatyinfluencerow.roza.pl\/","name":"Regaty Influencer\u00f3w","description":"o puchar R\u00f3\u017cy Wiatr\u00f3w","publisher":{"@id":"https:\/\/regatyinfluencerow.roza.pl\/#organization"},"potentialAction":[{"@type":"SearchAction","target":{"@type":"EntryPoint","urlTemplate":"https:\/\/regatyinfluencerow.roza.pl\/?s={search_term_string}"},"query-input":{"@type":"PropertyValueSpecification","valueRequired":true,"valueName":"search_term_string"}}],"inLanguage":"pl-PL"},{"@type":"Organization","@id":"https:\/\/regatyinfluencerow.roza.pl\/#organization","name":"Regaty Influencer\u00f3w","url":"https:\/\/regatyinfluencerow.roza.pl\/","logo":{"@type":"ImageObject","inLanguage":"pl-PL","@id":"https:\/\/regatyinfluencerow.roza.pl\/#\/schema\/logo\/image\/","url":"https:\/\/regatyinfluencerow.roza.pl\/wp-content\/uploads\/2016\/04\/logoyotubesail-1024x934.png","contentUrl":"https:\/\/regatyinfluencerow.roza.pl\/wp-content\/uploads\/2016\/04\/logoyotubesail-1024x934.png","width":1024,"height":934,"caption":"Regaty Influencer\u00f3w"},"image":{"@id":"https:\/\/regatyinfluencerow.roza.pl\/#\/schema\/logo\/image\/"}}]}},"_links":{"self":[{"href":"https:\/\/regatyinfluencerow.roza.pl\/index.php\/wp-json\/wp\/v2\/pages\/74","targetHints":{"allow":["GET"]}}],"collection":[{"href":"https:\/\/regatyinfluencerow.roza.pl\/index.php\/wp-json\/wp\/v2\/pages"}],"about":[{"href":"https:\/\/regatyinfluencerow.roza.pl\/index.php\/wp-json\/wp\/v2\/types\/page"}],"author":[{"embeddable":true,"href":"https:\/\/regatyinfluencerow.roza.pl\/index.php\/wp-json\/wp\/v2\/users\/2"}],"replies":[{"embeddable":true,"href":"https:\/\/regatyinfluencerow.roza.pl\/index.php\/wp-json\/wp\/v2\/comments?post=74"}],"version-history":[{"count":1,"href":"https:\/\/regatyinfluencerow.roza.pl\/index.php\/wp-json\/wp\/v2\/pages\/74\/revisions"}],"predecessor-version":[{"id":75,"href":"https:\/\/regatyinfluencerow.roza.pl\/index.php\/wp-json\/wp\/v2\/pages\/74\/revisions\/75"}],"wp:attachment":[{"href":"https:\/\/regatyinfluencerow.roza.pl\/index.php\/wp-json\/wp\/v2\/media?parent=74"}],"curies":[{"name":"wp","href":"https:\/\/api.w.org\/{rel}","templated":true}]}}