{"id":53,"date":"2016-04-17T13:34:08","date_gmt":"2016-04-17T11:34:08","guid":{"rendered":"http:\/\/regatyyoutuberow.roza.pl\/?page_id=53"},"modified":"2016-05-30T12:11:16","modified_gmt":"2016-05-30T10:11:16","slug":"partnerzy","status":"publish","type":"page","link":"https:\/\/regatyinfluencerow.roza.pl\/index.php\/partnerzy\/","title":{"rendered":"Partnerzy"},"content":{"rendered":"<h1 style=\"text-align: center;\"><span style=\"color: #000000;\">Partnerzy \u017beglarskich Mistrzostw Polski YouTuber\u00f3w<\/span><\/h1>\n<h2 style=\"text-align: center;\"><span style=\"color: #000000;\">bez kt\u00f3rych II edycja nie mog\u0142aby si\u0119 odby\u0107:<\/span><\/h2>\n<p style=\"text-align: center;\">\n<p style=\"text-align: center;\">\n<p style=\"text-align: center;\"><a href=\"https:\/\/www.playstation.com\/pl-pl\/\" target=\"_blank\"><img loading=\"lazy\" decoding=\"async\" class=\" wp-image-165 aligncenter\" src=\"https:\/\/regatyyoutuberow.roza.pl\/wp-content\/uploads\/2016\/04\/PS4_logo_lockup_blue-1024x268-1024x268.png\" alt=\"PS4_logo_lockup_blue-1024x268\" width=\"783\" height=\"205\" srcset=\"https:\/\/regatyinfluencerow.roza.pl\/wp-content\/uploads\/2016\/04\/PS4_logo_lockup_blue-1024x268.png 1024w, https:\/\/regatyinfluencerow.roza.pl\/wp-content\/uploads\/2016\/04\/PS4_logo_lockup_blue-1024x268-300x79.png 300w, https:\/\/regatyinfluencerow.roza.pl\/wp-content\/uploads\/2016\/04\/PS4_logo_lockup_blue-1024x268-768x201.png 768w, https:\/\/regatyinfluencerow.roza.pl\/wp-content\/uploads\/2016\/04\/PS4_logo_lockup_blue-1024x268-260x68.png 260w, https:\/\/regatyinfluencerow.roza.pl\/wp-content\/uploads\/2016\/04\/PS4_logo_lockup_blue-1024x268-50x13.png 50w, https:\/\/regatyinfluencerow.roza.pl\/wp-content\/uploads\/2016\/04\/PS4_logo_lockup_blue-1024x268-150x39.png 150w\" sizes=\"auto, (max-width: 783px) 100vw, 783px\" \/><\/a><\/p>\n<p style=\"text-align: center;\"><a href=\"https:\/\/www.playstation.com\/pl-pl\/\" target=\"_blank\"><img loading=\"lazy\" decoding=\"async\" class=\" wp-image-166 aligncenter\" src=\"https:\/\/regatyyoutuberow.roza.pl\/wp-content\/uploads\/2016\/04\/UNCHARTED4Logo_POLISH_20151027-1024x289-1024x289.png\" alt=\"UNCHARTED4Logo_POLISH_20151027-1024x289\" width=\"719\" height=\"203\" srcset=\"https:\/\/regatyinfluencerow.roza.pl\/wp-content\/uploads\/2016\/04\/UNCHARTED4Logo_POLISH_20151027-1024x289.png 1024w, https:\/\/regatyinfluencerow.roza.pl\/wp-content\/uploads\/2016\/04\/UNCHARTED4Logo_POLISH_20151027-1024x289-300x85.png 300w, https:\/\/regatyinfluencerow.roza.pl\/wp-content\/uploads\/2016\/04\/UNCHARTED4Logo_POLISH_20151027-1024x289-768x217.png 768w, https:\/\/regatyinfluencerow.roza.pl\/wp-content\/uploads\/2016\/04\/UNCHARTED4Logo_POLISH_20151027-1024x289-260x73.png 260w, https:\/\/regatyinfluencerow.roza.pl\/wp-content\/uploads\/2016\/04\/UNCHARTED4Logo_POLISH_20151027-1024x289-50x14.png 50w, https:\/\/regatyinfluencerow.roza.pl\/wp-content\/uploads\/2016\/04\/UNCHARTED4Logo_POLISH_20151027-1024x289-150x42.png 150w\" sizes=\"auto, (max-width: 719px) 100vw, 719px\" \/><\/a><\/p>\n<p style=\"text-align: center;\">\n<hr \/>\n<p style=\"text-align: center;\">\n<p style=\"text-align: center;\"><a href=\"http:\/\/www.sony.pl\" target=\"_blank\"><img loading=\"lazy\" decoding=\"async\" class=\" wp-image-167 aligncenter\" src=\"https:\/\/regatyyoutuberow.roza.pl\/wp-content\/uploads\/2016\/04\/Sony_black_logo.png\" alt=\"Sony_black_logo\" width=\"568\" height=\"100\" srcset=\"https:\/\/regatyinfluencerow.roza.pl\/wp-content\/uploads\/2016\/04\/Sony_black_logo.png 500w, https:\/\/regatyinfluencerow.roza.pl\/wp-content\/uploads\/2016\/04\/Sony_black_logo-300x53.png 300w, https:\/\/regatyinfluencerow.roza.pl\/wp-content\/uploads\/2016\/04\/Sony_black_logo-260x46.png 260w, https:\/\/regatyinfluencerow.roza.pl\/wp-content\/uploads\/2016\/04\/Sony_black_logo-50x9.png 50w, https:\/\/regatyinfluencerow.roza.pl\/wp-content\/uploads\/2016\/04\/Sony_black_logo-150x26.png 150w\" sizes=\"auto, (max-width: 568px) 100vw, 568px\" \/><\/a><\/p>\n<p style=\"text-align: center;\">\n<hr \/>\n<p style=\"text-align: center;\"><a href=\"https:\/\/www.kozminski.edu.pl\/pl\/\" target=\"_blank\"><img loading=\"lazy\" decoding=\"async\" class=\" wp-image-168 aligncenter\" src=\"https:\/\/regatyyoutuberow.roza.pl\/wp-content\/uploads\/2016\/04\/logo-plaskie_z-polsk\u0105-nazw\u0105-1024x686-1024x686.png\" alt=\"logo-plaskie_z-polsk\u0105-nazw\u0105-1024x686\" width=\"887\" height=\"557\" \/><\/a><\/p>\n<hr \/>\n<p style=\"text-align: center;\"><img loading=\"lazy\" decoding=\"async\" class=\"aligncenter size-full wp-image-940\" src=\"https:\/\/regatyyoutuberow.roza.pl\/wp-content\/uploads\/2016\/04\/SPRITE-2-Pantone-print.png\" alt=\"SPRITE 2 Pantone print\" width=\"591\" height=\"591\" srcset=\"https:\/\/regatyinfluencerow.roza.pl\/wp-content\/uploads\/2016\/04\/SPRITE-2-Pantone-print.png 591w, https:\/\/regatyinfluencerow.roza.pl\/wp-content\/uploads\/2016\/04\/SPRITE-2-Pantone-print-150x150.png 150w, https:\/\/regatyinfluencerow.roza.pl\/wp-content\/uploads\/2016\/04\/SPRITE-2-Pantone-print-300x300.png 300w, https:\/\/regatyinfluencerow.roza.pl\/wp-content\/uploads\/2016\/04\/SPRITE-2-Pantone-print-146x146.png 146w, https:\/\/regatyinfluencerow.roza.pl\/wp-content\/uploads\/2016\/04\/SPRITE-2-Pantone-print-50x50.png 50w, https:\/\/regatyinfluencerow.roza.pl\/wp-content\/uploads\/2016\/04\/SPRITE-2-Pantone-print-75x75.png 75w, https:\/\/regatyinfluencerow.roza.pl\/wp-content\/uploads\/2016\/04\/SPRITE-2-Pantone-print-85x85.png 85w, https:\/\/regatyinfluencerow.roza.pl\/wp-content\/uploads\/2016\/04\/SPRITE-2-Pantone-print-80x80.png 80w\" sizes=\"auto, (max-width: 591px) 100vw, 591px\" \/><\/p>\n<hr \/>\n<h2 style=\"text-align: center;\"><b>Patroni medialni:<\/b><\/h2>\n<p style=\"text-align: center;\"><a href=\"http:\/\/4fun.tv\/\" target=\"_blank\"><img loading=\"lazy\" decoding=\"async\" class=\" wp-image-169 aligncenter\" src=\"https:\/\/regatyyoutuberow.roza.pl\/wp-content\/uploads\/2016\/04\/4FUN_TV_logoRGB-1.png\" alt=\"4FUN_TV_logoRGB-1\" width=\"343\" height=\"254\" srcset=\"https:\/\/regatyinfluencerow.roza.pl\/wp-content\/uploads\/2016\/04\/4FUN_TV_logoRGB-1.png 757w, https:\/\/regatyinfluencerow.roza.pl\/wp-content\/uploads\/2016\/04\/4FUN_TV_logoRGB-1-300x222.png 300w, https:\/\/regatyinfluencerow.roza.pl\/wp-content\/uploads\/2016\/04\/4FUN_TV_logoRGB-1-197x146.png 197w, https:\/\/regatyinfluencerow.roza.pl\/wp-content\/uploads\/2016\/04\/4FUN_TV_logoRGB-1-50x37.png 50w, https:\/\/regatyinfluencerow.roza.pl\/wp-content\/uploads\/2016\/04\/4FUN_TV_logoRGB-1-101x75.png 101w\" sizes=\"auto, (max-width: 343px) 100vw, 343px\" \/><\/a><\/p>\n<hr \/>\n<p style=\"text-align: center;\"><a href=\"http:\/\/www.polskieradio.pl\/10,Czworka\" target=\"_blank\"><img loading=\"lazy\" decoding=\"async\" class=\" wp-image-170 aligncenter\" src=\"https:\/\/regatyyoutuberow.roza.pl\/wp-content\/uploads\/2016\/04\/logotyp_poziomy-1-1024x410-1024x410.jpg\" alt=\"logotyp_poziomy-1-1024x410\" width=\"536\" height=\"215\" srcset=\"https:\/\/regatyinfluencerow.roza.pl\/wp-content\/uploads\/2016\/04\/logotyp_poziomy-1-1024x410.jpg 1024w, https:\/\/regatyinfluencerow.roza.pl\/wp-content\/uploads\/2016\/04\/logotyp_poziomy-1-1024x410-300x120.jpg 300w, https:\/\/regatyinfluencerow.roza.pl\/wp-content\/uploads\/2016\/04\/logotyp_poziomy-1-1024x410-768x308.jpg 768w, https:\/\/regatyinfluencerow.roza.pl\/wp-content\/uploads\/2016\/04\/logotyp_poziomy-1-1024x410-260x104.jpg 260w, https:\/\/regatyinfluencerow.roza.pl\/wp-content\/uploads\/2016\/04\/logotyp_poziomy-1-1024x410-50x20.jpg 50w, https:\/\/regatyinfluencerow.roza.pl\/wp-content\/uploads\/2016\/04\/logotyp_poziomy-1-1024x410-150x60.jpg 150w\" sizes=\"auto, (max-width: 536px) 100vw, 536px\" \/><\/a><\/p>\n<hr \/>\n<p style=\"text-align: center;\"><a href=\"https:\/\/www.facebook.com\/TubeNews24\" target=\"_blank\"><img loading=\"lazy\" decoding=\"async\" class=\" wp-image-171 aligncenter\" src=\"https:\/\/regatyyoutuberow.roza.pl\/wp-content\/uploads\/2016\/04\/logo-tube-news-5cm.png\" alt=\"logo-tube-news-5cm\" width=\"478\" height=\"143\" srcset=\"https:\/\/regatyinfluencerow.roza.pl\/wp-content\/uploads\/2016\/04\/logo-tube-news-5cm.png 591w, https:\/\/regatyinfluencerow.roza.pl\/wp-content\/uploads\/2016\/04\/logo-tube-news-5cm-300x90.png 300w, https:\/\/regatyinfluencerow.roza.pl\/wp-content\/uploads\/2016\/04\/logo-tube-news-5cm-260x78.png 260w, https:\/\/regatyinfluencerow.roza.pl\/wp-content\/uploads\/2016\/04\/logo-tube-news-5cm-50x15.png 50w, https:\/\/regatyinfluencerow.roza.pl\/wp-content\/uploads\/2016\/04\/logo-tube-news-5cm-150x45.png 150w\" sizes=\"auto, (max-width: 478px) 100vw, 478px\" \/><\/a><\/p>\n<hr \/>\n<p style=\"text-align: center;\"><a href=\"http:\/\/apynews.pl\/\" target=\"_blank\"><img loading=\"lazy\" decoding=\"async\" class=\" wp-image-172 aligncenter\" src=\"https:\/\/regatyyoutuberow.roza.pl\/wp-content\/uploads\/2016\/04\/apynews-1.jpg\" alt=\"apynews\" width=\"465\" height=\"203\" srcset=\"https:\/\/regatyinfluencerow.roza.pl\/wp-content\/uploads\/2016\/04\/apynews-1.jpg 769w, https:\/\/regatyinfluencerow.roza.pl\/wp-content\/uploads\/2016\/04\/apynews-1-300x131.jpg 300w, https:\/\/regatyinfluencerow.roza.pl\/wp-content\/uploads\/2016\/04\/apynews-1-768x336.jpg 768w, https:\/\/regatyinfluencerow.roza.pl\/wp-content\/uploads\/2016\/04\/apynews-1-260x114.jpg 260w, https:\/\/regatyinfluencerow.roza.pl\/wp-content\/uploads\/2016\/04\/apynews-1-50x22.jpg 50w, https:\/\/regatyinfluencerow.roza.pl\/wp-content\/uploads\/2016\/04\/apynews-1-150x66.jpg 150w\" sizes=\"auto, (max-width: 465px) 100vw, 465px\" \/><\/a><\/p>\n<hr \/>\n<p><a href=\"http:\/\/yt360.pl\/\" target=\"_blank\"><img loading=\"lazy\" decoding=\"async\" class=\"wp-image-173 aligncenter\" src=\"https:\/\/regatyyoutuberow.roza.pl\/wp-content\/uploads\/2016\/04\/yt360-transparent-300x107.png\" alt=\"yt360-transparent-300x107\" width=\"426\" height=\"152\" srcset=\"https:\/\/regatyinfluencerow.roza.pl\/wp-content\/uploads\/2016\/04\/yt360-transparent-300x107.png 300w, https:\/\/regatyinfluencerow.roza.pl\/wp-content\/uploads\/2016\/04\/yt360-transparent-300x107-260x93.png 260w, https:\/\/regatyinfluencerow.roza.pl\/wp-content\/uploads\/2016\/04\/yt360-transparent-300x107-50x18.png 50w, https:\/\/regatyinfluencerow.roza.pl\/wp-content\/uploads\/2016\/04\/yt360-transparent-300x107-150x54.png 150w\" sizes=\"auto, (max-width: 426px) 100vw, 426px\" \/><\/a><\/p>\n","protected":false},"excerpt":{"rendered":"<p>Partnerzy \u017beglarskich Mistrzostw Polski YouTuber\u00f3w bez kt\u00f3rych II edycja nie mog\u0142aby si\u0119 odby\u0107: Patroni medialni:<\/p>\n","protected":false},"author":2,"featured_media":0,"parent":0,"menu_order":0,"comment_status":"open","ping_status":"closed","template":"","meta":{"_acf_changed":false,"footnotes":""},"class_list":["post-53","page","type-page","status-publish","hentry"],"acf":[],"yoast_head":"<!-- This site is optimized with the Yoast SEO plugin v27.5 - https:\/\/yoast.com\/product\/yoast-seo-wordpress\/ -->\n<title>Partnerzy - Regaty Influencer\u00f3w<\/title>\n<meta name=\"robots\" content=\"index, follow, max-snippet:-1, max-image-preview:large, max-video-preview:-1\" \/>\n<link rel=\"canonical\" href=\"https:\/\/regatyinfluencerow.roza.pl\/index.php\/partnerzy\/\" \/>\n<meta property=\"og:locale\" content=\"pl_PL\" \/>\n<meta property=\"og:type\" content=\"article\" \/>\n<meta property=\"og:title\" content=\"Partnerzy - Regaty Influencer\u00f3w\" \/>\n<meta property=\"og:description\" content=\"Partnerzy \u017beglarskich Mistrzostw Polski YouTuber\u00f3w bez kt\u00f3rych II edycja nie mog\u0142aby si\u0119 odby\u0107: Patroni medialni:\" \/>\n<meta property=\"og:url\" content=\"https:\/\/regatyinfluencerow.roza.pl\/index.php\/partnerzy\/\" \/>\n<meta property=\"og:site_name\" content=\"Regaty Influencer\u00f3w\" \/>\n<meta property=\"article:modified_time\" content=\"2016-05-30T10:11:16+00:00\" \/>\n<meta property=\"og:image\" content=\"https:\/\/regatyyoutuberow.roza.pl\/wp-content\/uploads\/2016\/04\/PS4_logo_lockup_blue-1024x268-1024x268.png\" \/>\n<meta name=\"twitter:card\" content=\"summary_large_image\" \/>\n<script type=\"application\/ld+json\" class=\"yoast-schema-graph\">{\"@context\":\"https:\\\/\\\/schema.org\",\"@graph\":[{\"@type\":\"WebPage\",\"@id\":\"https:\\\/\\\/regatyinfluencerow.roza.pl\\\/index.php\\\/partnerzy\\\/\",\"url\":\"https:\\\/\\\/regatyinfluencerow.roza.pl\\\/index.php\\\/partnerzy\\\/\",\"name\":\"Partnerzy - Regaty Influencer\u00f3w\",\"isPartOf\":{\"@id\":\"https:\\\/\\\/regatyinfluencerow.roza.pl\\\/#website\"},\"primaryImageOfPage\":{\"@id\":\"https:\\\/\\\/regatyinfluencerow.roza.pl\\\/index.php\\\/partnerzy\\\/#primaryimage\"},\"image\":{\"@id\":\"https:\\\/\\\/regatyinfluencerow.roza.pl\\\/index.php\\\/partnerzy\\\/#primaryimage\"},\"thumbnailUrl\":\"https:\\\/\\\/regatyyoutuberow.roza.pl\\\/wp-content\\\/uploads\\\/2016\\\/04\\\/PS4_logo_lockup_blue-1024x268-1024x268.png\",\"datePublished\":\"2016-04-17T11:34:08+00:00\",\"dateModified\":\"2016-05-30T10:11:16+00:00\",\"breadcrumb\":{\"@id\":\"https:\\\/\\\/regatyinfluencerow.roza.pl\\\/index.php\\\/partnerzy\\\/#breadcrumb\"},\"inLanguage\":\"pl-PL\",\"potentialAction\":[{\"@type\":\"ReadAction\",\"target\":[\"https:\\\/\\\/regatyinfluencerow.roza.pl\\\/index.php\\\/partnerzy\\\/\"]}]},{\"@type\":\"ImageObject\",\"inLanguage\":\"pl-PL\",\"@id\":\"https:\\\/\\\/regatyinfluencerow.roza.pl\\\/index.php\\\/partnerzy\\\/#primaryimage\",\"url\":\"https:\\\/\\\/regatyyoutuberow.roza.pl\\\/wp-content\\\/uploads\\\/2016\\\/04\\\/PS4_logo_lockup_blue-1024x268-1024x268.png\",\"contentUrl\":\"https:\\\/\\\/regatyyoutuberow.roza.pl\\\/wp-content\\\/uploads\\\/2016\\\/04\\\/PS4_logo_lockup_blue-1024x268-1024x268.png\"},{\"@type\":\"BreadcrumbList\",\"@id\":\"https:\\\/\\\/regatyinfluencerow.roza.pl\\\/index.php\\\/partnerzy\\\/#breadcrumb\",\"itemListElement\":[{\"@type\":\"ListItem\",\"position\":1,\"name\":\"Strona g\u0142\u00f3wna\",\"item\":\"https:\\\/\\\/regatyinfluencerow.roza.pl\\\/\"},{\"@type\":\"ListItem\",\"position\":2,\"name\":\"Partnerzy\"}]},{\"@type\":\"WebSite\",\"@id\":\"https:\\\/\\\/regatyinfluencerow.roza.pl\\\/#website\",\"url\":\"https:\\\/\\\/regatyinfluencerow.roza.pl\\\/\",\"name\":\"Regaty Influencer\u00f3w\",\"description\":\"o puchar R\u00f3\u017cy Wiatr\u00f3w\",\"publisher\":{\"@id\":\"https:\\\/\\\/regatyinfluencerow.roza.pl\\\/#organization\"},\"potentialAction\":[{\"@type\":\"SearchAction\",\"target\":{\"@type\":\"EntryPoint\",\"urlTemplate\":\"https:\\\/\\\/regatyinfluencerow.roza.pl\\\/?s={search_term_string}\"},\"query-input\":{\"@type\":\"PropertyValueSpecification\",\"valueRequired\":true,\"valueName\":\"search_term_string\"}}],\"inLanguage\":\"pl-PL\"},{\"@type\":\"Organization\",\"@id\":\"https:\\\/\\\/regatyinfluencerow.roza.pl\\\/#organization\",\"name\":\"Regaty Influencer\u00f3w\",\"url\":\"https:\\\/\\\/regatyinfluencerow.roza.pl\\\/\",\"logo\":{\"@type\":\"ImageObject\",\"inLanguage\":\"pl-PL\",\"@id\":\"https:\\\/\\\/regatyinfluencerow.roza.pl\\\/#\\\/schema\\\/logo\\\/image\\\/\",\"url\":\"https:\\\/\\\/regatyinfluencerow.roza.pl\\\/wp-content\\\/uploads\\\/2016\\\/04\\\/logoyotubesail-1024x934.png\",\"contentUrl\":\"https:\\\/\\\/regatyinfluencerow.roza.pl\\\/wp-content\\\/uploads\\\/2016\\\/04\\\/logoyotubesail-1024x934.png\",\"width\":1024,\"height\":934,\"caption\":\"Regaty Influencer\u00f3w\"},\"image\":{\"@id\":\"https:\\\/\\\/regatyinfluencerow.roza.pl\\\/#\\\/schema\\\/logo\\\/image\\\/\"}}]}<\/script>\n<!-- \/ Yoast SEO plugin. -->","yoast_head_json":{"title":"Partnerzy - Regaty Influencer\u00f3w","robots":{"index":"index","follow":"follow","max-snippet":"max-snippet:-1","max-image-preview":"max-image-preview:large","max-video-preview":"max-video-preview:-1"},"canonical":"https:\/\/regatyinfluencerow.roza.pl\/index.php\/partnerzy\/","og_locale":"pl_PL","og_type":"article","og_title":"Partnerzy - Regaty Influencer\u00f3w","og_description":"Partnerzy \u017beglarskich Mistrzostw Polski YouTuber\u00f3w bez kt\u00f3rych II edycja nie mog\u0142aby si\u0119 odby\u0107: Patroni medialni:","og_url":"https:\/\/regatyinfluencerow.roza.pl\/index.php\/partnerzy\/","og_site_name":"Regaty Influencer\u00f3w","article_modified_time":"2016-05-30T10:11:16+00:00","og_image":[{"url":"https:\/\/regatyyoutuberow.roza.pl\/wp-content\/uploads\/2016\/04\/PS4_logo_lockup_blue-1024x268-1024x268.png","type":"","width":"","height":""}],"twitter_card":"summary_large_image","schema":{"@context":"https:\/\/schema.org","@graph":[{"@type":"WebPage","@id":"https:\/\/regatyinfluencerow.roza.pl\/index.php\/partnerzy\/","url":"https:\/\/regatyinfluencerow.roza.pl\/index.php\/partnerzy\/","name":"Partnerzy - Regaty Influencer\u00f3w","isPartOf":{"@id":"https:\/\/regatyinfluencerow.roza.pl\/#website"},"primaryImageOfPage":{"@id":"https:\/\/regatyinfluencerow.roza.pl\/index.php\/partnerzy\/#primaryimage"},"image":{"@id":"https:\/\/regatyinfluencerow.roza.pl\/index.php\/partnerzy\/#primaryimage"},"thumbnailUrl":"https:\/\/regatyyoutuberow.roza.pl\/wp-content\/uploads\/2016\/04\/PS4_logo_lockup_blue-1024x268-1024x268.png","datePublished":"2016-04-17T11:34:08+00:00","dateModified":"2016-05-30T10:11:16+00:00","breadcrumb":{"@id":"https:\/\/regatyinfluencerow.roza.pl\/index.php\/partnerzy\/#breadcrumb"},"inLanguage":"pl-PL","potentialAction":[{"@type":"ReadAction","target":["https:\/\/regatyinfluencerow.roza.pl\/index.php\/partnerzy\/"]}]},{"@type":"ImageObject","inLanguage":"pl-PL","@id":"https:\/\/regatyinfluencerow.roza.pl\/index.php\/partnerzy\/#primaryimage","url":"https:\/\/regatyyoutuberow.roza.pl\/wp-content\/uploads\/2016\/04\/PS4_logo_lockup_blue-1024x268-1024x268.png","contentUrl":"https:\/\/regatyyoutuberow.roza.pl\/wp-content\/uploads\/2016\/04\/PS4_logo_lockup_blue-1024x268-1024x268.png"},{"@type":"BreadcrumbList","@id":"https:\/\/regatyinfluencerow.roza.pl\/index.php\/partnerzy\/#breadcrumb","itemListElement":[{"@type":"ListItem","position":1,"name":"Strona g\u0142\u00f3wna","item":"https:\/\/regatyinfluencerow.roza.pl\/"},{"@type":"ListItem","position":2,"name":"Partnerzy"}]},{"@type":"WebSite","@id":"https:\/\/regatyinfluencerow.roza.pl\/#website","url":"https:\/\/regatyinfluencerow.roza.pl\/","name":"Regaty Influencer\u00f3w","description":"o puchar R\u00f3\u017cy Wiatr\u00f3w","publisher":{"@id":"https:\/\/regatyinfluencerow.roza.pl\/#organization"},"potentialAction":[{"@type":"SearchAction","target":{"@type":"EntryPoint","urlTemplate":"https:\/\/regatyinfluencerow.roza.pl\/?s={search_term_string}"},"query-input":{"@type":"PropertyValueSpecification","valueRequired":true,"valueName":"search_term_string"}}],"inLanguage":"pl-PL"},{"@type":"Organization","@id":"https:\/\/regatyinfluencerow.roza.pl\/#organization","name":"Regaty Influencer\u00f3w","url":"https:\/\/regatyinfluencerow.roza.pl\/","logo":{"@type":"ImageObject","inLanguage":"pl-PL","@id":"https:\/\/regatyinfluencerow.roza.pl\/#\/schema\/logo\/image\/","url":"https:\/\/regatyinfluencerow.roza.pl\/wp-content\/uploads\/2016\/04\/logoyotubesail-1024x934.png","contentUrl":"https:\/\/regatyinfluencerow.roza.pl\/wp-content\/uploads\/2016\/04\/logoyotubesail-1024x934.png","width":1024,"height":934,"caption":"Regaty Influencer\u00f3w"},"image":{"@id":"https:\/\/regatyinfluencerow.roza.pl\/#\/schema\/logo\/image\/"}}]}},"_links":{"self":[{"href":"https:\/\/regatyinfluencerow.roza.pl\/index.php\/wp-json\/wp\/v2\/pages\/53","targetHints":{"allow":["GET"]}}],"collection":[{"href":"https:\/\/regatyinfluencerow.roza.pl\/index.php\/wp-json\/wp\/v2\/pages"}],"about":[{"href":"https:\/\/regatyinfluencerow.roza.pl\/index.php\/wp-json\/wp\/v2\/types\/page"}],"author":[{"embeddable":true,"href":"https:\/\/regatyinfluencerow.roza.pl\/index.php\/wp-json\/wp\/v2\/users\/2"}],"replies":[{"embeddable":true,"href":"https:\/\/regatyinfluencerow.roza.pl\/index.php\/wp-json\/wp\/v2\/comments?post=53"}],"version-history":[{"count":6,"href":"https:\/\/regatyinfluencerow.roza.pl\/index.php\/wp-json\/wp\/v2\/pages\/53\/revisions"}],"predecessor-version":[{"id":164,"href":"https:\/\/regatyinfluencerow.roza.pl\/index.php\/wp-json\/wp\/v2\/pages\/53\/revisions\/164"}],"wp:attachment":[{"href":"https:\/\/regatyinfluencerow.roza.pl\/index.php\/wp-json\/wp\/v2\/media?parent=53"}],"curies":[{"name":"wp","href":"https:\/\/api.w.org\/{rel}","templated":true}]}}