{"id":44,"date":"2016-04-17T13:20:39","date_gmt":"2016-04-17T11:20:39","guid":{"rendered":"http:\/\/regatyyoutuberow.roza.pl\/?page_id=44"},"modified":"2025-01-20T18:01:58","modified_gmt":"2025-01-20T17:01:58","slug":"informacje-o-imprezie","status":"publish","type":"page","link":"https:\/\/regatyinfluencerow.roza.pl\/index.php\/informacje-o-imprezie\/","title":{"rendered":"Informacje o imprezie"},"content":{"rendered":"<p align=\"justify\"><strong>\u017beglarskie Mistrzostwa Polski Influencer\u00f3w o Puchar R\u00f3\u017cy Wiatr\u00f3w<\/strong> to pierwsze w naszym kraju wydarzenie sportowe stworzone w 2015 roku z my\u015bl\u0105 o polskich YouTuberach. W zwi\u0105zku z rozwojem platform SM od edycji 2023 formu\u0142a zosta\u0142a rozszerzona o tw\u00f3rc\u00f3w z innych popularnych platform. Zawody maj\u0105 form\u0119 zabawy, ale organizowane s\u0105 w randze Mistrzostw Polski. Zawodnikom nie brakuje wi\u0119c ducha sportowej rywalizacji, przecie\u017c ka\u017cdy chce si\u0119gn\u0105\u0107 po tytu\u0142 najlepszego \u017ceglarza!<br \/>\nTa trzydniowa impreza to jednak nie tylko regaty; to tak\u017ce doskona\u0142a okazja do spotkania si\u0119 tw\u00f3rc\u00f3w z ca\u0142ej Polski w jednym miejscu.<br \/>\nDotychczasowe edycje charakteryzowa\u0142y si\u0119 wspania\u0142\u0105, przyjacielsk\u0105 atmosfer\u0105. Podkre\u015blan\u0105 przez uczestnik zalet\u0105 imprezy jest, \u017ceTw\u00f3rcy bawi\u0105 si\u0119 we w\u0142asnym gronie i mog\u0105 wsp\u00f3lnie sp\u0119dzi\u0107 czas.<\/p>\n<p align=\"justify\"><img loading=\"lazy\" decoding=\"async\" class=\"size-medium wp-image-121 alignright\" src=\"https:\/\/regatyyoutuberow.roza.pl\/wp-content\/uploads\/revslider\/youtube\/8-300x103.jpg\" alt=\"\" width=\"300\" height=\"103\" srcset=\"https:\/\/regatyinfluencerow.roza.pl\/wp-content\/uploads\/revslider\/youtube\/8-300x103.jpg 300w, https:\/\/regatyinfluencerow.roza.pl\/wp-content\/uploads\/revslider\/youtube\/8-768x264.jpg 768w, https:\/\/regatyinfluencerow.roza.pl\/wp-content\/uploads\/revslider\/youtube\/8-1024x351.jpg 1024w, https:\/\/regatyinfluencerow.roza.pl\/wp-content\/uploads\/revslider\/youtube\/8-260x89.jpg 260w, https:\/\/regatyinfluencerow.roza.pl\/wp-content\/uploads\/revslider\/youtube\/8-50x17.jpg 50w, https:\/\/regatyinfluencerow.roza.pl\/wp-content\/uploads\/revslider\/youtube\/8-150x51.jpg 150w, https:\/\/regatyinfluencerow.roza.pl\/wp-content\/uploads\/revslider\/youtube\/8.jpg 1600w\" sizes=\"auto, (max-width: 300px) 100vw, 300px\" \/><\/p>\n<h1 align=\"justify\">Misja Regat<\/h1>\n<p align=\"justify\"><em><strong>\u017beglarskie Mistrzostwa Polski Influencer\u00f3w o Puchar R\u00f3\u017cy Wiatr\u00f3w<\/strong> s\u0105 imprez\u0105 sportow\u0105 o charakterze integracyjnym, skierowan\u0105 do polskiego \u015brodowiska tw\u00f3rc\u00f3w platform Social Mediowych. Regaty maj\u0105 by\u0107 okazj\u0105 do spotkania we w\u0142asnym gronie i wsp\u00f3lnej zabawy, zar\u00f3wno podczas zawod\u00f3w, jak i atrakcji towarzysz\u0105cych.<\/em><\/p>\n","protected":false},"excerpt":{"rendered":"<p>\u017beglarskie Mistrzostwa Polski Influencer\u00f3w o Puchar R\u00f3\u017cy Wiatr\u00f3w to pierwsze w naszym kraju wydarzenie sportowe stworzone w 2015 roku z my\u015bl\u0105 o polskich YouTuberach. W zwi\u0105zku<span class=\"excerpt-hellip\"> [\u2026]<\/span><\/p>\n","protected":false},"author":2,"featured_media":0,"parent":0,"menu_order":0,"comment_status":"open","ping_status":"closed","template":"","meta":{"_acf_changed":false,"footnotes":""},"class_list":["post-44","page","type-page","status-publish","hentry"],"acf":[],"yoast_head":"<!-- This site is optimized with the Yoast SEO plugin v27.5 - https:\/\/yoast.com\/product\/yoast-seo-wordpress\/ -->\n<title>Informacje o imprezie - Regaty Influencer\u00f3w<\/title>\n<meta name=\"robots\" content=\"index, follow, max-snippet:-1, max-image-preview:large, max-video-preview:-1\" \/>\n<link rel=\"canonical\" href=\"https:\/\/regatyinfluencerow.roza.pl\/index.php\/informacje-o-imprezie\/\" \/>\n<meta property=\"og:locale\" content=\"pl_PL\" \/>\n<meta property=\"og:type\" content=\"article\" \/>\n<meta property=\"og:title\" content=\"Informacje o imprezie - Regaty Influencer\u00f3w\" \/>\n<meta property=\"og:description\" content=\"\u017beglarskie Mistrzostwa Polski Influencer\u00f3w o Puchar R\u00f3\u017cy Wiatr\u00f3w to pierwsze w naszym kraju wydarzenie sportowe stworzone w 2015 roku z my\u015bl\u0105 o polskich YouTuberach. W zwi\u0105zku [\u2026]\" \/>\n<meta property=\"og:url\" content=\"https:\/\/regatyinfluencerow.roza.pl\/index.php\/informacje-o-imprezie\/\" \/>\n<meta property=\"og:site_name\" content=\"Regaty Influencer\u00f3w\" \/>\n<meta property=\"article:modified_time\" content=\"2025-01-20T17:01:58+00:00\" \/>\n<meta property=\"og:image\" content=\"https:\/\/regatyyoutuberow.roza.pl\/wp-content\/uploads\/revslider\/youtube\/8-300x103.jpg\" \/>\n<meta name=\"twitter:card\" content=\"summary_large_image\" \/>\n<meta name=\"twitter:label1\" content=\"Szacowany czas czytania\" \/>\n\t<meta name=\"twitter:data1\" content=\"1 minuta\" \/>\n<script type=\"application\/ld+json\" class=\"yoast-schema-graph\">{\"@context\":\"https:\\\/\\\/schema.org\",\"@graph\":[{\"@type\":\"WebPage\",\"@id\":\"https:\\\/\\\/regatyinfluencerow.roza.pl\\\/index.php\\\/informacje-o-imprezie\\\/\",\"url\":\"https:\\\/\\\/regatyinfluencerow.roza.pl\\\/index.php\\\/informacje-o-imprezie\\\/\",\"name\":\"Informacje o imprezie - Regaty Influencer\u00f3w\",\"isPartOf\":{\"@id\":\"https:\\\/\\\/regatyinfluencerow.roza.pl\\\/#website\"},\"primaryImageOfPage\":{\"@id\":\"https:\\\/\\\/regatyinfluencerow.roza.pl\\\/index.php\\\/informacje-o-imprezie\\\/#primaryimage\"},\"image\":{\"@id\":\"https:\\\/\\\/regatyinfluencerow.roza.pl\\\/index.php\\\/informacje-o-imprezie\\\/#primaryimage\"},\"thumbnailUrl\":\"https:\\\/\\\/regatyyoutuberow.roza.pl\\\/wp-content\\\/uploads\\\/revslider\\\/youtube\\\/8-300x103.jpg\",\"datePublished\":\"2016-04-17T11:20:39+00:00\",\"dateModified\":\"2025-01-20T17:01:58+00:00\",\"breadcrumb\":{\"@id\":\"https:\\\/\\\/regatyinfluencerow.roza.pl\\\/index.php\\\/informacje-o-imprezie\\\/#breadcrumb\"},\"inLanguage\":\"pl-PL\",\"potentialAction\":[{\"@type\":\"ReadAction\",\"target\":[\"https:\\\/\\\/regatyinfluencerow.roza.pl\\\/index.php\\\/informacje-o-imprezie\\\/\"]}]},{\"@type\":\"ImageObject\",\"inLanguage\":\"pl-PL\",\"@id\":\"https:\\\/\\\/regatyinfluencerow.roza.pl\\\/index.php\\\/informacje-o-imprezie\\\/#primaryimage\",\"url\":\"https:\\\/\\\/regatyyoutuberow.roza.pl\\\/wp-content\\\/uploads\\\/revslider\\\/youtube\\\/8-300x103.jpg\",\"contentUrl\":\"https:\\\/\\\/regatyyoutuberow.roza.pl\\\/wp-content\\\/uploads\\\/revslider\\\/youtube\\\/8-300x103.jpg\"},{\"@type\":\"BreadcrumbList\",\"@id\":\"https:\\\/\\\/regatyinfluencerow.roza.pl\\\/index.php\\\/informacje-o-imprezie\\\/#breadcrumb\",\"itemListElement\":[{\"@type\":\"ListItem\",\"position\":1,\"name\":\"Strona g\u0142\u00f3wna\",\"item\":\"https:\\\/\\\/regatyinfluencerow.roza.pl\\\/\"},{\"@type\":\"ListItem\",\"position\":2,\"name\":\"Informacje o imprezie\"}]},{\"@type\":\"WebSite\",\"@id\":\"https:\\\/\\\/regatyinfluencerow.roza.pl\\\/#website\",\"url\":\"https:\\\/\\\/regatyinfluencerow.roza.pl\\\/\",\"name\":\"Regaty Influencer\u00f3w\",\"description\":\"o puchar R\u00f3\u017cy Wiatr\u00f3w\",\"publisher\":{\"@id\":\"https:\\\/\\\/regatyinfluencerow.roza.pl\\\/#organization\"},\"potentialAction\":[{\"@type\":\"SearchAction\",\"target\":{\"@type\":\"EntryPoint\",\"urlTemplate\":\"https:\\\/\\\/regatyinfluencerow.roza.pl\\\/?s={search_term_string}\"},\"query-input\":{\"@type\":\"PropertyValueSpecification\",\"valueRequired\":true,\"valueName\":\"search_term_string\"}}],\"inLanguage\":\"pl-PL\"},{\"@type\":\"Organization\",\"@id\":\"https:\\\/\\\/regatyinfluencerow.roza.pl\\\/#organization\",\"name\":\"Regaty Influencer\u00f3w\",\"url\":\"https:\\\/\\\/regatyinfluencerow.roza.pl\\\/\",\"logo\":{\"@type\":\"ImageObject\",\"inLanguage\":\"pl-PL\",\"@id\":\"https:\\\/\\\/regatyinfluencerow.roza.pl\\\/#\\\/schema\\\/logo\\\/image\\\/\",\"url\":\"https:\\\/\\\/regatyinfluencerow.roza.pl\\\/wp-content\\\/uploads\\\/2016\\\/04\\\/logoyotubesail-1024x934.png\",\"contentUrl\":\"https:\\\/\\\/regatyinfluencerow.roza.pl\\\/wp-content\\\/uploads\\\/2016\\\/04\\\/logoyotubesail-1024x934.png\",\"width\":1024,\"height\":934,\"caption\":\"Regaty Influencer\u00f3w\"},\"image\":{\"@id\":\"https:\\\/\\\/regatyinfluencerow.roza.pl\\\/#\\\/schema\\\/logo\\\/image\\\/\"}}]}<\/script>\n<!-- \/ Yoast SEO plugin. -->","yoast_head_json":{"title":"Informacje o imprezie - Regaty Influencer\u00f3w","robots":{"index":"index","follow":"follow","max-snippet":"max-snippet:-1","max-image-preview":"max-image-preview:large","max-video-preview":"max-video-preview:-1"},"canonical":"https:\/\/regatyinfluencerow.roza.pl\/index.php\/informacje-o-imprezie\/","og_locale":"pl_PL","og_type":"article","og_title":"Informacje o imprezie - Regaty Influencer\u00f3w","og_description":"\u017beglarskie Mistrzostwa Polski Influencer\u00f3w o Puchar R\u00f3\u017cy Wiatr\u00f3w to pierwsze w naszym kraju wydarzenie sportowe stworzone w 2015 roku z my\u015bl\u0105 o polskich YouTuberach. W zwi\u0105zku [\u2026]","og_url":"https:\/\/regatyinfluencerow.roza.pl\/index.php\/informacje-o-imprezie\/","og_site_name":"Regaty Influencer\u00f3w","article_modified_time":"2025-01-20T17:01:58+00:00","og_image":[{"url":"https:\/\/regatyyoutuberow.roza.pl\/wp-content\/uploads\/revslider\/youtube\/8-300x103.jpg","type":"","width":"","height":""}],"twitter_card":"summary_large_image","twitter_misc":{"Szacowany czas czytania":"1 minuta"},"schema":{"@context":"https:\/\/schema.org","@graph":[{"@type":"WebPage","@id":"https:\/\/regatyinfluencerow.roza.pl\/index.php\/informacje-o-imprezie\/","url":"https:\/\/regatyinfluencerow.roza.pl\/index.php\/informacje-o-imprezie\/","name":"Informacje o imprezie - Regaty Influencer\u00f3w","isPartOf":{"@id":"https:\/\/regatyinfluencerow.roza.pl\/#website"},"primaryImageOfPage":{"@id":"https:\/\/regatyinfluencerow.roza.pl\/index.php\/informacje-o-imprezie\/#primaryimage"},"image":{"@id":"https:\/\/regatyinfluencerow.roza.pl\/index.php\/informacje-o-imprezie\/#primaryimage"},"thumbnailUrl":"https:\/\/regatyyoutuberow.roza.pl\/wp-content\/uploads\/revslider\/youtube\/8-300x103.jpg","datePublished":"2016-04-17T11:20:39+00:00","dateModified":"2025-01-20T17:01:58+00:00","breadcrumb":{"@id":"https:\/\/regatyinfluencerow.roza.pl\/index.php\/informacje-o-imprezie\/#breadcrumb"},"inLanguage":"pl-PL","potentialAction":[{"@type":"ReadAction","target":["https:\/\/regatyinfluencerow.roza.pl\/index.php\/informacje-o-imprezie\/"]}]},{"@type":"ImageObject","inLanguage":"pl-PL","@id":"https:\/\/regatyinfluencerow.roza.pl\/index.php\/informacje-o-imprezie\/#primaryimage","url":"https:\/\/regatyyoutuberow.roza.pl\/wp-content\/uploads\/revslider\/youtube\/8-300x103.jpg","contentUrl":"https:\/\/regatyyoutuberow.roza.pl\/wp-content\/uploads\/revslider\/youtube\/8-300x103.jpg"},{"@type":"BreadcrumbList","@id":"https:\/\/regatyinfluencerow.roza.pl\/index.php\/informacje-o-imprezie\/#breadcrumb","itemListElement":[{"@type":"ListItem","position":1,"name":"Strona g\u0142\u00f3wna","item":"https:\/\/regatyinfluencerow.roza.pl\/"},{"@type":"ListItem","position":2,"name":"Informacje o imprezie"}]},{"@type":"WebSite","@id":"https:\/\/regatyinfluencerow.roza.pl\/#website","url":"https:\/\/regatyinfluencerow.roza.pl\/","name":"Regaty Influencer\u00f3w","description":"o puchar R\u00f3\u017cy Wiatr\u00f3w","publisher":{"@id":"https:\/\/regatyinfluencerow.roza.pl\/#organization"},"potentialAction":[{"@type":"SearchAction","target":{"@type":"EntryPoint","urlTemplate":"https:\/\/regatyinfluencerow.roza.pl\/?s={search_term_string}"},"query-input":{"@type":"PropertyValueSpecification","valueRequired":true,"valueName":"search_term_string"}}],"inLanguage":"pl-PL"},{"@type":"Organization","@id":"https:\/\/regatyinfluencerow.roza.pl\/#organization","name":"Regaty Influencer\u00f3w","url":"https:\/\/regatyinfluencerow.roza.pl\/","logo":{"@type":"ImageObject","inLanguage":"pl-PL","@id":"https:\/\/regatyinfluencerow.roza.pl\/#\/schema\/logo\/image\/","url":"https:\/\/regatyinfluencerow.roza.pl\/wp-content\/uploads\/2016\/04\/logoyotubesail-1024x934.png","contentUrl":"https:\/\/regatyinfluencerow.roza.pl\/wp-content\/uploads\/2016\/04\/logoyotubesail-1024x934.png","width":1024,"height":934,"caption":"Regaty Influencer\u00f3w"},"image":{"@id":"https:\/\/regatyinfluencerow.roza.pl\/#\/schema\/logo\/image\/"}}]}},"_links":{"self":[{"href":"https:\/\/regatyinfluencerow.roza.pl\/index.php\/wp-json\/wp\/v2\/pages\/44","targetHints":{"allow":["GET"]}}],"collection":[{"href":"https:\/\/regatyinfluencerow.roza.pl\/index.php\/wp-json\/wp\/v2\/pages"}],"about":[{"href":"https:\/\/regatyinfluencerow.roza.pl\/index.php\/wp-json\/wp\/v2\/types\/page"}],"author":[{"embeddable":true,"href":"https:\/\/regatyinfluencerow.roza.pl\/index.php\/wp-json\/wp\/v2\/users\/2"}],"replies":[{"embeddable":true,"href":"https:\/\/regatyinfluencerow.roza.pl\/index.php\/wp-json\/wp\/v2\/comments?post=44"}],"version-history":[{"count":5,"href":"https:\/\/regatyinfluencerow.roza.pl\/index.php\/wp-json\/wp\/v2\/pages\/44\/revisions"}],"predecessor-version":[{"id":3844,"href":"https:\/\/regatyinfluencerow.roza.pl\/index.php\/wp-json\/wp\/v2\/pages\/44\/revisions\/3844"}],"wp:attachment":[{"href":"https:\/\/regatyinfluencerow.roza.pl\/index.php\/wp-json\/wp\/v2\/media?parent=44"}],"curies":[{"name":"wp","href":"https:\/\/api.w.org\/{rel}","templated":true}]}}