{"id":38,"date":"2016-04-17T13:00:42","date_gmt":"2016-04-17T11:00:42","guid":{"rendered":"http:\/\/regatyyoutuberow.roza.pl\/?page_id=38"},"modified":"2024-03-20T13:45:48","modified_gmt":"2024-03-20T12:45:48","slug":"dla-mediow","status":"publish","type":"page","link":"https:\/\/regatyinfluencerow.roza.pl\/index.php\/dla-mediow\/","title":{"rendered":"Dla medi\u00f3w"},"content":{"rendered":"<h2 style=\"text-align: center;\">Kontakt i wsp\u00f3\u0142praca z mediami<\/h2>\n<p><img loading=\"lazy\" decoding=\"async\" class=\"aligncenter wp-image-3628 size-medium\" src=\"https:\/\/regatyinfluencerow.roza.pl\/wp-content\/uploads\/2023\/09\/X4C6163-scaled-e1710938691831-256x300.jpg\" alt=\"\" width=\"256\" height=\"300\" srcset=\"https:\/\/regatyinfluencerow.roza.pl\/wp-content\/uploads\/2023\/09\/X4C6163-scaled-e1710938691831-256x300.jpg 256w, https:\/\/regatyinfluencerow.roza.pl\/wp-content\/uploads\/2023\/09\/X4C6163-scaled-e1710938691831-873x1024.jpg 873w, https:\/\/regatyinfluencerow.roza.pl\/wp-content\/uploads\/2023\/09\/X4C6163-scaled-e1710938691831-768x901.jpg 768w, https:\/\/regatyinfluencerow.roza.pl\/wp-content\/uploads\/2023\/09\/X4C6163-scaled-e1710938691831-124x146.jpg 124w, https:\/\/regatyinfluencerow.roza.pl\/wp-content\/uploads\/2023\/09\/X4C6163-scaled-e1710938691831-43x50.jpg 43w, https:\/\/regatyinfluencerow.roza.pl\/wp-content\/uploads\/2023\/09\/X4C6163-scaled-e1710938691831-64x75.jpg 64w, https:\/\/regatyinfluencerow.roza.pl\/wp-content\/uploads\/2023\/09\/X4C6163-scaled-e1710938691831.jpg 1309w\" sizes=\"auto, (max-width: 256px) 100vw, 256px\" \/><\/p>\n<p style=\"text-align: center;\">\u0141ukasz St\u0119pniak: lukasz@roza.pl<\/p>\n<p style=\"text-align: center;\">\n","protected":false},"excerpt":{"rendered":"<p>Kontakt i wsp\u00f3\u0142praca z mediami \u0141ukasz St\u0119pniak: lukasz@roza.pl<\/p>\n","protected":false},"author":2,"featured_media":0,"parent":0,"menu_order":0,"comment_status":"open","ping_status":"closed","template":"","meta":{"_acf_changed":false,"footnotes":""},"class_list":["post-38","page","type-page","status-publish","hentry"],"acf":[],"yoast_head":"<!-- This site is optimized with the Yoast SEO plugin v27.5 - https:\/\/yoast.com\/product\/yoast-seo-wordpress\/ -->\n<title>Dla medi\u00f3w - Regaty Influencer\u00f3w<\/title>\n<meta name=\"robots\" content=\"index, follow, max-snippet:-1, max-image-preview:large, max-video-preview:-1\" \/>\n<link rel=\"canonical\" href=\"https:\/\/regatyinfluencerow.roza.pl\/index.php\/dla-mediow\/\" \/>\n<meta property=\"og:locale\" content=\"pl_PL\" \/>\n<meta property=\"og:type\" content=\"article\" \/>\n<meta property=\"og:title\" content=\"Dla medi\u00f3w - Regaty Influencer\u00f3w\" \/>\n<meta property=\"og:description\" content=\"Kontakt i wsp\u00f3\u0142praca z mediami \u0141ukasz St\u0119pniak: lukasz@roza.pl\" \/>\n<meta property=\"og:url\" content=\"https:\/\/regatyinfluencerow.roza.pl\/index.php\/dla-mediow\/\" \/>\n<meta property=\"og:site_name\" content=\"Regaty Influencer\u00f3w\" \/>\n<meta property=\"article:modified_time\" content=\"2024-03-20T12:45:48+00:00\" \/>\n<meta property=\"og:image\" content=\"https:\/\/regatyinfluencerow.roza.pl\/wp-content\/uploads\/2023\/09\/X4C6163-scaled-e1710938691831-256x300.jpg\" \/>\n<meta name=\"twitter:card\" content=\"summary_large_image\" \/>\n<script type=\"application\/ld+json\" class=\"yoast-schema-graph\">{\"@context\":\"https:\\\/\\\/schema.org\",\"@graph\":[{\"@type\":\"WebPage\",\"@id\":\"https:\\\/\\\/regatyinfluencerow.roza.pl\\\/index.php\\\/dla-mediow\\\/\",\"url\":\"https:\\\/\\\/regatyinfluencerow.roza.pl\\\/index.php\\\/dla-mediow\\\/\",\"name\":\"Dla medi\u00f3w - Regaty Influencer\u00f3w\",\"isPartOf\":{\"@id\":\"https:\\\/\\\/regatyinfluencerow.roza.pl\\\/#website\"},\"primaryImageOfPage\":{\"@id\":\"https:\\\/\\\/regatyinfluencerow.roza.pl\\\/index.php\\\/dla-mediow\\\/#primaryimage\"},\"image\":{\"@id\":\"https:\\\/\\\/regatyinfluencerow.roza.pl\\\/index.php\\\/dla-mediow\\\/#primaryimage\"},\"thumbnailUrl\":\"https:\\\/\\\/regatyinfluencerow.roza.pl\\\/wp-content\\\/uploads\\\/2023\\\/09\\\/X4C6163-scaled-e1710938691831-256x300.jpg\",\"datePublished\":\"2016-04-17T11:00:42+00:00\",\"dateModified\":\"2024-03-20T12:45:48+00:00\",\"breadcrumb\":{\"@id\":\"https:\\\/\\\/regatyinfluencerow.roza.pl\\\/index.php\\\/dla-mediow\\\/#breadcrumb\"},\"inLanguage\":\"pl-PL\",\"potentialAction\":[{\"@type\":\"ReadAction\",\"target\":[\"https:\\\/\\\/regatyinfluencerow.roza.pl\\\/index.php\\\/dla-mediow\\\/\"]}]},{\"@type\":\"ImageObject\",\"inLanguage\":\"pl-PL\",\"@id\":\"https:\\\/\\\/regatyinfluencerow.roza.pl\\\/index.php\\\/dla-mediow\\\/#primaryimage\",\"url\":\"https:\\\/\\\/regatyinfluencerow.roza.pl\\\/wp-content\\\/uploads\\\/2023\\\/09\\\/X4C6163-scaled-e1710938691831.jpg\",\"contentUrl\":\"https:\\\/\\\/regatyinfluencerow.roza.pl\\\/wp-content\\\/uploads\\\/2023\\\/09\\\/X4C6163-scaled-e1710938691831.jpg\",\"width\":1309,\"height\":1536},{\"@type\":\"BreadcrumbList\",\"@id\":\"https:\\\/\\\/regatyinfluencerow.roza.pl\\\/index.php\\\/dla-mediow\\\/#breadcrumb\",\"itemListElement\":[{\"@type\":\"ListItem\",\"position\":1,\"name\":\"Strona g\u0142\u00f3wna\",\"item\":\"https:\\\/\\\/regatyinfluencerow.roza.pl\\\/\"},{\"@type\":\"ListItem\",\"position\":2,\"name\":\"Dla medi\u00f3w\"}]},{\"@type\":\"WebSite\",\"@id\":\"https:\\\/\\\/regatyinfluencerow.roza.pl\\\/#website\",\"url\":\"https:\\\/\\\/regatyinfluencerow.roza.pl\\\/\",\"name\":\"Regaty Influencer\u00f3w\",\"description\":\"o puchar R\u00f3\u017cy Wiatr\u00f3w\",\"publisher\":{\"@id\":\"https:\\\/\\\/regatyinfluencerow.roza.pl\\\/#organization\"},\"potentialAction\":[{\"@type\":\"SearchAction\",\"target\":{\"@type\":\"EntryPoint\",\"urlTemplate\":\"https:\\\/\\\/regatyinfluencerow.roza.pl\\\/?s={search_term_string}\"},\"query-input\":{\"@type\":\"PropertyValueSpecification\",\"valueRequired\":true,\"valueName\":\"search_term_string\"}}],\"inLanguage\":\"pl-PL\"},{\"@type\":\"Organization\",\"@id\":\"https:\\\/\\\/regatyinfluencerow.roza.pl\\\/#organization\",\"name\":\"Regaty Influencer\u00f3w\",\"url\":\"https:\\\/\\\/regatyinfluencerow.roza.pl\\\/\",\"logo\":{\"@type\":\"ImageObject\",\"inLanguage\":\"pl-PL\",\"@id\":\"https:\\\/\\\/regatyinfluencerow.roza.pl\\\/#\\\/schema\\\/logo\\\/image\\\/\",\"url\":\"https:\\\/\\\/regatyinfluencerow.roza.pl\\\/wp-content\\\/uploads\\\/2016\\\/04\\\/logoyotubesail-1024x934.png\",\"contentUrl\":\"https:\\\/\\\/regatyinfluencerow.roza.pl\\\/wp-content\\\/uploads\\\/2016\\\/04\\\/logoyotubesail-1024x934.png\",\"width\":1024,\"height\":934,\"caption\":\"Regaty Influencer\u00f3w\"},\"image\":{\"@id\":\"https:\\\/\\\/regatyinfluencerow.roza.pl\\\/#\\\/schema\\\/logo\\\/image\\\/\"}}]}<\/script>\n<!-- \/ Yoast SEO plugin. -->","yoast_head_json":{"title":"Dla medi\u00f3w - Regaty Influencer\u00f3w","robots":{"index":"index","follow":"follow","max-snippet":"max-snippet:-1","max-image-preview":"max-image-preview:large","max-video-preview":"max-video-preview:-1"},"canonical":"https:\/\/regatyinfluencerow.roza.pl\/index.php\/dla-mediow\/","og_locale":"pl_PL","og_type":"article","og_title":"Dla medi\u00f3w - Regaty Influencer\u00f3w","og_description":"Kontakt i wsp\u00f3\u0142praca z mediami \u0141ukasz St\u0119pniak: lukasz@roza.pl","og_url":"https:\/\/regatyinfluencerow.roza.pl\/index.php\/dla-mediow\/","og_site_name":"Regaty Influencer\u00f3w","article_modified_time":"2024-03-20T12:45:48+00:00","og_image":[{"url":"https:\/\/regatyinfluencerow.roza.pl\/wp-content\/uploads\/2023\/09\/X4C6163-scaled-e1710938691831-256x300.jpg","type":"","width":"","height":""}],"twitter_card":"summary_large_image","schema":{"@context":"https:\/\/schema.org","@graph":[{"@type":"WebPage","@id":"https:\/\/regatyinfluencerow.roza.pl\/index.php\/dla-mediow\/","url":"https:\/\/regatyinfluencerow.roza.pl\/index.php\/dla-mediow\/","name":"Dla medi\u00f3w - Regaty Influencer\u00f3w","isPartOf":{"@id":"https:\/\/regatyinfluencerow.roza.pl\/#website"},"primaryImageOfPage":{"@id":"https:\/\/regatyinfluencerow.roza.pl\/index.php\/dla-mediow\/#primaryimage"},"image":{"@id":"https:\/\/regatyinfluencerow.roza.pl\/index.php\/dla-mediow\/#primaryimage"},"thumbnailUrl":"https:\/\/regatyinfluencerow.roza.pl\/wp-content\/uploads\/2023\/09\/X4C6163-scaled-e1710938691831-256x300.jpg","datePublished":"2016-04-17T11:00:42+00:00","dateModified":"2024-03-20T12:45:48+00:00","breadcrumb":{"@id":"https:\/\/regatyinfluencerow.roza.pl\/index.php\/dla-mediow\/#breadcrumb"},"inLanguage":"pl-PL","potentialAction":[{"@type":"ReadAction","target":["https:\/\/regatyinfluencerow.roza.pl\/index.php\/dla-mediow\/"]}]},{"@type":"ImageObject","inLanguage":"pl-PL","@id":"https:\/\/regatyinfluencerow.roza.pl\/index.php\/dla-mediow\/#primaryimage","url":"https:\/\/regatyinfluencerow.roza.pl\/wp-content\/uploads\/2023\/09\/X4C6163-scaled-e1710938691831.jpg","contentUrl":"https:\/\/regatyinfluencerow.roza.pl\/wp-content\/uploads\/2023\/09\/X4C6163-scaled-e1710938691831.jpg","width":1309,"height":1536},{"@type":"BreadcrumbList","@id":"https:\/\/regatyinfluencerow.roza.pl\/index.php\/dla-mediow\/#breadcrumb","itemListElement":[{"@type":"ListItem","position":1,"name":"Strona g\u0142\u00f3wna","item":"https:\/\/regatyinfluencerow.roza.pl\/"},{"@type":"ListItem","position":2,"name":"Dla medi\u00f3w"}]},{"@type":"WebSite","@id":"https:\/\/regatyinfluencerow.roza.pl\/#website","url":"https:\/\/regatyinfluencerow.roza.pl\/","name":"Regaty Influencer\u00f3w","description":"o puchar R\u00f3\u017cy Wiatr\u00f3w","publisher":{"@id":"https:\/\/regatyinfluencerow.roza.pl\/#organization"},"potentialAction":[{"@type":"SearchAction","target":{"@type":"EntryPoint","urlTemplate":"https:\/\/regatyinfluencerow.roza.pl\/?s={search_term_string}"},"query-input":{"@type":"PropertyValueSpecification","valueRequired":true,"valueName":"search_term_string"}}],"inLanguage":"pl-PL"},{"@type":"Organization","@id":"https:\/\/regatyinfluencerow.roza.pl\/#organization","name":"Regaty Influencer\u00f3w","url":"https:\/\/regatyinfluencerow.roza.pl\/","logo":{"@type":"ImageObject","inLanguage":"pl-PL","@id":"https:\/\/regatyinfluencerow.roza.pl\/#\/schema\/logo\/image\/","url":"https:\/\/regatyinfluencerow.roza.pl\/wp-content\/uploads\/2016\/04\/logoyotubesail-1024x934.png","contentUrl":"https:\/\/regatyinfluencerow.roza.pl\/wp-content\/uploads\/2016\/04\/logoyotubesail-1024x934.png","width":1024,"height":934,"caption":"Regaty Influencer\u00f3w"},"image":{"@id":"https:\/\/regatyinfluencerow.roza.pl\/#\/schema\/logo\/image\/"}}]}},"_links":{"self":[{"href":"https:\/\/regatyinfluencerow.roza.pl\/index.php\/wp-json\/wp\/v2\/pages\/38","targetHints":{"allow":["GET"]}}],"collection":[{"href":"https:\/\/regatyinfluencerow.roza.pl\/index.php\/wp-json\/wp\/v2\/pages"}],"about":[{"href":"https:\/\/regatyinfluencerow.roza.pl\/index.php\/wp-json\/wp\/v2\/types\/page"}],"author":[{"embeddable":true,"href":"https:\/\/regatyinfluencerow.roza.pl\/index.php\/wp-json\/wp\/v2\/users\/2"}],"replies":[{"embeddable":true,"href":"https:\/\/regatyinfluencerow.roza.pl\/index.php\/wp-json\/wp\/v2\/comments?post=38"}],"version-history":[{"count":17,"href":"https:\/\/regatyinfluencerow.roza.pl\/index.php\/wp-json\/wp\/v2\/pages\/38\/revisions"}],"predecessor-version":[{"id":3717,"href":"https:\/\/regatyinfluencerow.roza.pl\/index.php\/wp-json\/wp\/v2\/pages\/38\/revisions\/3717"}],"wp:attachment":[{"href":"https:\/\/regatyinfluencerow.roza.pl\/index.php\/wp-json\/wp\/v2\/media?parent=38"}],"curies":[{"name":"wp","href":"https:\/\/api.w.org\/{rel}","templated":true}]}}