{"id":367,"date":"2016-05-10T17:41:22","date_gmt":"2016-05-10T15:41:22","guid":{"rendered":"http:\/\/regatyyoutuberow.roza.pl\/?page_id=367"},"modified":"2017-11-14T15:53:44","modified_gmt":"2017-11-14T14:53:44","slug":"relacje-video-i-vlogi-z-regat-2016","status":"publish","type":"page","link":"https:\/\/regatyinfluencerow.roza.pl\/index.php\/relacje-video-i-vlogi-z-regat-2016\/","title":{"rendered":"Relacje video i vlogi z regat 2016"},"content":{"rendered":"<p style=\"text-align: center;\">Mamy ju\u017c dla Was filmy\u00a0 z regat.<br \/>\nZagl\u0105dajcie co jaki\u015b czas, bo b\u0119d\u0105 si\u0119 pojawia\u0142y kolejne \ud83d\ude42<\/p>\n<p style=\"text-align: center;\"><iframe loading=\"lazy\" src=\"https:\/\/www.youtube.com\/embed\/V-M5_ZnIKYA\" width=\"640\" height=\"360\" frameborder=\"0\" allowfullscreen=\"allowfullscreen\"><\/iframe><\/p>\n<p style=\"text-align: center;\"><iframe loading=\"lazy\" src=\"https:\/\/www.youtube.com\/embed\/eW2y11Qsnpo\" width=\"560\" height=\"315\" frameborder=\"0\" allowfullscreen=\"allowfullscreen\"><\/iframe><\/p>\n<p style=\"text-align: center;\"><iframe loading=\"lazy\" src=\"https:\/\/www.youtube.com\/embed\/2TgaJuwq72w\" width=\"560\" height=\"315\" frameborder=\"0\" allowfullscreen=\"allowfullscreen\"><\/iframe><\/p>\n<p style=\"text-align: center;\"><iframe loading=\"lazy\" src=\"https:\/\/www.youtube.com\/embed\/7E7nJMesjCk?list=PL4NJlDTsJcd4o77Y8TQ-XCgv-RT_fde9H\" width=\"560\" height=\"315\" frameborder=\"0\" allowfullscreen=\"allowfullscreen\"><\/iframe><\/p>\n<p style=\"text-align: center;\">i jeszcze Ziemniakowa droga na Mazury i przyjazd do o\u015brodka:<br \/>\n<iframe loading=\"lazy\" src=\"https:\/\/www.youtube.com\/embed\/mNPqN4__aUY?list=PL4NJlDTsJcd4o77Y8TQ-XCgv-RT_fde9H\" width=\"560\" height=\"315\" frameborder=\"0\" allowfullscreen=\"allowfullscreen\"><\/iframe><\/p>\n<p style=\"text-align: center;\"><iframe loading=\"lazy\" src=\"https:\/\/www.youtube.com\/embed\/s4XLV-_AmLE\" width=\"560\" height=\"315\" frameborder=\"0\" allowfullscreen=\"allowfullscreen\"><\/iframe><\/p>\n<p style=\"text-align: center;\"><iframe loading=\"lazy\" src=\"https:\/\/www.youtube.com\/embed\/oXJfSBj0DV0\" width=\"560\" height=\"315\" frameborder=\"0\" allowfullscreen=\"allowfullscreen\"><\/iframe><\/p>\n<p style=\"text-align: center;\"><iframe loading=\"lazy\" src=\"https:\/\/www.youtube.com\/embed\/76kIIUacDe0?list=PL4NJlDTsJcd4o77Y8TQ-XCgv-RT_fde9H\" width=\"560\" height=\"315\" frameborder=\"0\" allowfullscreen=\"allowfullscreen\"><\/iframe><\/p>\n<p style=\"text-align: center;\"><iframe loading=\"lazy\" src=\"https:\/\/www.youtube.com\/embed\/93QDoOeWlPE\" width=\"560\" height=\"315\" frameborder=\"0\" allowfullscreen=\"allowfullscreen\"><\/iframe><\/p>\n<p style=\"text-align: center;\"><iframe loading=\"lazy\" src=\"https:\/\/www.youtube.com\/embed\/1JcEgIj434I\" width=\"560\" height=\"315\" frameborder=\"0\" allowfullscreen=\"allowfullscreen\"><\/iframe><\/p>\n<p style=\"text-align: center;\"><iframe loading=\"lazy\" src=\"https:\/\/www.youtube.com\/embed\/mhR2lnERYNs\" width=\"560\" height=\"315\" frameborder=\"0\" allowfullscreen=\"allowfullscreen\"><\/iframe><\/p>\n<p style=\"text-align: center;\"><iframe loading=\"lazy\" src=\"https:\/\/www.youtube.com\/embed\/rAoNfShckLs\" width=\"560\" height=\"315\" frameborder=\"0\" allowfullscreen=\"allowfullscreen\"><\/iframe><\/p>\n<p style=\"text-align: center;\"><iframe loading=\"lazy\" src=\"https:\/\/www.youtube.com\/embed\/wr8XTf20VAY\" width=\"560\" height=\"315\" frameborder=\"0\" allowfullscreen=\"allowfullscreen\"><\/iframe><\/p>\n<p style=\"text-align: center;\"><iframe loading=\"lazy\" src=\"https:\/\/www.youtube.com\/embed\/sAhSJ_p_Zlw\" width=\"560\" height=\"315\" frameborder=\"0\" allowfullscreen=\"allowfullscreen\"><\/iframe><\/p>\n","protected":false},"excerpt":{"rendered":"<p>Mamy ju\u017c dla Was filmy\u00a0 z regat. Zagl\u0105dajcie co jaki\u015b czas, bo b\u0119d\u0105 si\u0119 pojawia\u0142y kolejne \ud83d\ude42 i jeszcze Ziemniakowa droga na Mazury i przyjazd do<span class=\"excerpt-hellip\"> [\u2026]<\/span><\/p>\n","protected":false},"author":2,"featured_media":0,"parent":0,"menu_order":0,"comment_status":"closed","ping_status":"closed","template":"","meta":{"_acf_changed":false,"footnotes":""},"class_list":["post-367","page","type-page","status-publish","hentry"],"acf":[],"yoast_head":"<!-- This site is optimized with the Yoast SEO plugin v27.5 - https:\/\/yoast.com\/product\/yoast-seo-wordpress\/ -->\n<title>Relacje video i vlogi z regat 2016 - Regaty Influencer\u00f3w<\/title>\n<meta name=\"robots\" content=\"index, follow, max-snippet:-1, max-image-preview:large, max-video-preview:-1\" \/>\n<link rel=\"canonical\" href=\"https:\/\/regatyinfluencerow.roza.pl\/index.php\/relacje-video-i-vlogi-z-regat-2016\/\" \/>\n<meta property=\"og:locale\" content=\"pl_PL\" \/>\n<meta property=\"og:type\" content=\"article\" \/>\n<meta property=\"og:title\" content=\"Relacje video i vlogi z regat 2016 - Regaty Influencer\u00f3w\" \/>\n<meta property=\"og:description\" content=\"Mamy ju\u017c dla Was filmy\u00a0 z regat. Zagl\u0105dajcie co jaki\u015b czas, bo b\u0119d\u0105 si\u0119 pojawia\u0142y kolejne \ud83d\ude42 i jeszcze Ziemniakowa droga na Mazury i przyjazd do [\u2026]\" \/>\n<meta property=\"og:url\" content=\"https:\/\/regatyinfluencerow.roza.pl\/index.php\/relacje-video-i-vlogi-z-regat-2016\/\" \/>\n<meta property=\"og:site_name\" content=\"Regaty Influencer\u00f3w\" \/>\n<meta property=\"article:modified_time\" content=\"2017-11-14T14:53:44+00:00\" \/>\n<meta name=\"twitter:card\" content=\"summary_large_image\" \/>\n<script type=\"application\/ld+json\" class=\"yoast-schema-graph\">{\"@context\":\"https:\\\/\\\/schema.org\",\"@graph\":[{\"@type\":\"WebPage\",\"@id\":\"https:\\\/\\\/regatyinfluencerow.roza.pl\\\/index.php\\\/relacje-video-i-vlogi-z-regat-2016\\\/\",\"url\":\"https:\\\/\\\/regatyinfluencerow.roza.pl\\\/index.php\\\/relacje-video-i-vlogi-z-regat-2016\\\/\",\"name\":\"Relacje video i vlogi z regat 2016 - Regaty Influencer\u00f3w\",\"isPartOf\":{\"@id\":\"https:\\\/\\\/regatyinfluencerow.roza.pl\\\/#website\"},\"datePublished\":\"2016-05-10T15:41:22+00:00\",\"dateModified\":\"2017-11-14T14:53:44+00:00\",\"breadcrumb\":{\"@id\":\"https:\\\/\\\/regatyinfluencerow.roza.pl\\\/index.php\\\/relacje-video-i-vlogi-z-regat-2016\\\/#breadcrumb\"},\"inLanguage\":\"pl-PL\",\"potentialAction\":[{\"@type\":\"ReadAction\",\"target\":[\"https:\\\/\\\/regatyinfluencerow.roza.pl\\\/index.php\\\/relacje-video-i-vlogi-z-regat-2016\\\/\"]}]},{\"@type\":\"BreadcrumbList\",\"@id\":\"https:\\\/\\\/regatyinfluencerow.roza.pl\\\/index.php\\\/relacje-video-i-vlogi-z-regat-2016\\\/#breadcrumb\",\"itemListElement\":[{\"@type\":\"ListItem\",\"position\":1,\"name\":\"Strona g\u0142\u00f3wna\",\"item\":\"https:\\\/\\\/regatyinfluencerow.roza.pl\\\/\"},{\"@type\":\"ListItem\",\"position\":2,\"name\":\"Relacje video i vlogi z regat 2016\"}]},{\"@type\":\"WebSite\",\"@id\":\"https:\\\/\\\/regatyinfluencerow.roza.pl\\\/#website\",\"url\":\"https:\\\/\\\/regatyinfluencerow.roza.pl\\\/\",\"name\":\"Regaty Influencer\u00f3w\",\"description\":\"o puchar R\u00f3\u017cy Wiatr\u00f3w\",\"publisher\":{\"@id\":\"https:\\\/\\\/regatyinfluencerow.roza.pl\\\/#organization\"},\"potentialAction\":[{\"@type\":\"SearchAction\",\"target\":{\"@type\":\"EntryPoint\",\"urlTemplate\":\"https:\\\/\\\/regatyinfluencerow.roza.pl\\\/?s={search_term_string}\"},\"query-input\":{\"@type\":\"PropertyValueSpecification\",\"valueRequired\":true,\"valueName\":\"search_term_string\"}}],\"inLanguage\":\"pl-PL\"},{\"@type\":\"Organization\",\"@id\":\"https:\\\/\\\/regatyinfluencerow.roza.pl\\\/#organization\",\"name\":\"Regaty Influencer\u00f3w\",\"url\":\"https:\\\/\\\/regatyinfluencerow.roza.pl\\\/\",\"logo\":{\"@type\":\"ImageObject\",\"inLanguage\":\"pl-PL\",\"@id\":\"https:\\\/\\\/regatyinfluencerow.roza.pl\\\/#\\\/schema\\\/logo\\\/image\\\/\",\"url\":\"https:\\\/\\\/regatyinfluencerow.roza.pl\\\/wp-content\\\/uploads\\\/2016\\\/04\\\/logoyotubesail-1024x934.png\",\"contentUrl\":\"https:\\\/\\\/regatyinfluencerow.roza.pl\\\/wp-content\\\/uploads\\\/2016\\\/04\\\/logoyotubesail-1024x934.png\",\"width\":1024,\"height\":934,\"caption\":\"Regaty Influencer\u00f3w\"},\"image\":{\"@id\":\"https:\\\/\\\/regatyinfluencerow.roza.pl\\\/#\\\/schema\\\/logo\\\/image\\\/\"}}]}<\/script>\n<!-- \/ Yoast SEO plugin. -->","yoast_head_json":{"title":"Relacje video i vlogi z regat 2016 - Regaty Influencer\u00f3w","robots":{"index":"index","follow":"follow","max-snippet":"max-snippet:-1","max-image-preview":"max-image-preview:large","max-video-preview":"max-video-preview:-1"},"canonical":"https:\/\/regatyinfluencerow.roza.pl\/index.php\/relacje-video-i-vlogi-z-regat-2016\/","og_locale":"pl_PL","og_type":"article","og_title":"Relacje video i vlogi z regat 2016 - Regaty Influencer\u00f3w","og_description":"Mamy ju\u017c dla Was filmy\u00a0 z regat. Zagl\u0105dajcie co jaki\u015b czas, bo b\u0119d\u0105 si\u0119 pojawia\u0142y kolejne \ud83d\ude42 i jeszcze Ziemniakowa droga na Mazury i przyjazd do [\u2026]","og_url":"https:\/\/regatyinfluencerow.roza.pl\/index.php\/relacje-video-i-vlogi-z-regat-2016\/","og_site_name":"Regaty Influencer\u00f3w","article_modified_time":"2017-11-14T14:53:44+00:00","twitter_card":"summary_large_image","schema":{"@context":"https:\/\/schema.org","@graph":[{"@type":"WebPage","@id":"https:\/\/regatyinfluencerow.roza.pl\/index.php\/relacje-video-i-vlogi-z-regat-2016\/","url":"https:\/\/regatyinfluencerow.roza.pl\/index.php\/relacje-video-i-vlogi-z-regat-2016\/","name":"Relacje video i vlogi z regat 2016 - Regaty Influencer\u00f3w","isPartOf":{"@id":"https:\/\/regatyinfluencerow.roza.pl\/#website"},"datePublished":"2016-05-10T15:41:22+00:00","dateModified":"2017-11-14T14:53:44+00:00","breadcrumb":{"@id":"https:\/\/regatyinfluencerow.roza.pl\/index.php\/relacje-video-i-vlogi-z-regat-2016\/#breadcrumb"},"inLanguage":"pl-PL","potentialAction":[{"@type":"ReadAction","target":["https:\/\/regatyinfluencerow.roza.pl\/index.php\/relacje-video-i-vlogi-z-regat-2016\/"]}]},{"@type":"BreadcrumbList","@id":"https:\/\/regatyinfluencerow.roza.pl\/index.php\/relacje-video-i-vlogi-z-regat-2016\/#breadcrumb","itemListElement":[{"@type":"ListItem","position":1,"name":"Strona g\u0142\u00f3wna","item":"https:\/\/regatyinfluencerow.roza.pl\/"},{"@type":"ListItem","position":2,"name":"Relacje video i vlogi z regat 2016"}]},{"@type":"WebSite","@id":"https:\/\/regatyinfluencerow.roza.pl\/#website","url":"https:\/\/regatyinfluencerow.roza.pl\/","name":"Regaty Influencer\u00f3w","description":"o puchar R\u00f3\u017cy Wiatr\u00f3w","publisher":{"@id":"https:\/\/regatyinfluencerow.roza.pl\/#organization"},"potentialAction":[{"@type":"SearchAction","target":{"@type":"EntryPoint","urlTemplate":"https:\/\/regatyinfluencerow.roza.pl\/?s={search_term_string}"},"query-input":{"@type":"PropertyValueSpecification","valueRequired":true,"valueName":"search_term_string"}}],"inLanguage":"pl-PL"},{"@type":"Organization","@id":"https:\/\/regatyinfluencerow.roza.pl\/#organization","name":"Regaty Influencer\u00f3w","url":"https:\/\/regatyinfluencerow.roza.pl\/","logo":{"@type":"ImageObject","inLanguage":"pl-PL","@id":"https:\/\/regatyinfluencerow.roza.pl\/#\/schema\/logo\/image\/","url":"https:\/\/regatyinfluencerow.roza.pl\/wp-content\/uploads\/2016\/04\/logoyotubesail-1024x934.png","contentUrl":"https:\/\/regatyinfluencerow.roza.pl\/wp-content\/uploads\/2016\/04\/logoyotubesail-1024x934.png","width":1024,"height":934,"caption":"Regaty Influencer\u00f3w"},"image":{"@id":"https:\/\/regatyinfluencerow.roza.pl\/#\/schema\/logo\/image\/"}}]}},"_links":{"self":[{"href":"https:\/\/regatyinfluencerow.roza.pl\/index.php\/wp-json\/wp\/v2\/pages\/367","targetHints":{"allow":["GET"]}}],"collection":[{"href":"https:\/\/regatyinfluencerow.roza.pl\/index.php\/wp-json\/wp\/v2\/pages"}],"about":[{"href":"https:\/\/regatyinfluencerow.roza.pl\/index.php\/wp-json\/wp\/v2\/types\/page"}],"author":[{"embeddable":true,"href":"https:\/\/regatyinfluencerow.roza.pl\/index.php\/wp-json\/wp\/v2\/users\/2"}],"replies":[{"embeddable":true,"href":"https:\/\/regatyinfluencerow.roza.pl\/index.php\/wp-json\/wp\/v2\/comments?post=367"}],"version-history":[{"count":20,"href":"https:\/\/regatyinfluencerow.roza.pl\/index.php\/wp-json\/wp\/v2\/pages\/367\/revisions"}],"predecessor-version":[{"id":1587,"href":"https:\/\/regatyinfluencerow.roza.pl\/index.php\/wp-json\/wp\/v2\/pages\/367\/revisions\/1587"}],"wp:attachment":[{"href":"https:\/\/regatyinfluencerow.roza.pl\/index.php\/wp-json\/wp\/v2\/media?parent=367"}],"curies":[{"name":"wp","href":"https:\/\/api.w.org\/{rel}","templated":true}]}}