{"id":3229,"date":"2023-03-26T19:23:35","date_gmt":"2023-03-26T17:23:35","guid":{"rendered":"https:\/\/regatyinfluencerow.roza.pl\/?page_id=3229"},"modified":"2023-06-11T12:34:25","modified_gmt":"2023-06-11T10:34:25","slug":"program-2023","status":"publish","type":"page","link":"https:\/\/regatyinfluencerow.roza.pl\/index.php\/program-2023\/","title":{"rendered":"Program 2023"},"content":{"rendered":"<h1>Program imprezy<img loading=\"lazy\" decoding=\"async\" class=\"size-medium wp-image-28 alignright\" src=\"https:\/\/regatyyoutuberow.roza.pl\/wp-content\/uploads\/2016\/04\/logoyotubesail-1024x934-300x274.png\" alt=\"\" width=\"300\" height=\"274\" srcset=\"https:\/\/regatyinfluencerow.roza.pl\/wp-content\/uploads\/2016\/04\/logoyotubesail-1024x934-300x274.png 300w, https:\/\/regatyinfluencerow.roza.pl\/wp-content\/uploads\/2016\/04\/logoyotubesail-1024x934-768x701.png 768w, https:\/\/regatyinfluencerow.roza.pl\/wp-content\/uploads\/2016\/04\/logoyotubesail-1024x934.png 1024w, https:\/\/regatyinfluencerow.roza.pl\/wp-content\/uploads\/2016\/04\/logoyotubesail-1024x934-160x146.png 160w, https:\/\/regatyinfluencerow.roza.pl\/wp-content\/uploads\/2016\/04\/logoyotubesail-1024x934-50x46.png 50w, https:\/\/regatyinfluencerow.roza.pl\/wp-content\/uploads\/2016\/04\/logoyotubesail-1024x934-82x75.png 82w\" sizes=\"auto, (max-width: 300px) 100vw, 300px\" \/><\/h1>\n<p>VII edycja Mistrzostw odb\u0119dzie si\u0119 w dniach 16\u201318 czerwca 2023 r.<\/p>\n<p><strong>16 czerwca (pi\u0105tek)<\/strong><br \/>\n16:00-20:00 &#8211; przydzia\u0142 do za\u0142\u00f3g, zakwaterowanie na jachtach;<br \/>\n20:00 &#8211; kolacja<br \/>\n21:00 &#8211; ognisko<\/p>\n<p><strong>17 czerwca (sobota)<\/strong><\/p>\n<p>09:00 &#8211; \u015bniadanie<br \/>\n09:30-10:30 \u2013 uroczyste otwarcie regat, odprawa za\u0142\u00f3g, om\u00f3wienie zasad<br \/>\n10:30 \u2013 wyj\u015bcie za\u0142\u00f3g na wod\u0119<br \/>\n11:00-12:00 \u2013 pierwszy bieg &#8211; kr\u00f3tkodystansowy<br \/>\n12:00-13:00 \u2013 drugi bieg &#8211; kr\u00f3tkodystansowy<br \/>\n13:00-16:00 \u2013 trzeci bieg &#8211; d\u0142ugodystansowy<br \/>\n16.30-18.00 \u2013 grill na tarasie<br \/>\n18.00-19.30 \u2013 oficjalna ceremonia dekoracji, og\u0142oszenie wynik\u00f3w<br \/>\n20:00-&#8230;. \u2013 afterparty<\/p>\n<p><strong>18 czerwca (niedziela)<\/strong><\/p>\n<p>10:00 \u015bniadanie<br \/>\n11:00 \u2013 atrakcje towarzysz\u0105ce (paintball, kajaki, offroad, \u017ceglowanie itp)<\/p>\n<p><strong>Zapisy:<\/strong><br \/>\n&#8211; za po\u015brednictwem formularza zg\u0142oszeniowego: <a>https:\/\/regatyyoutuberow.roza.pl\/index.php\/formularz-zgloszeniowy\/<\/a>;<br \/>\n&#8211; zg\u0142oszenia przyjmujemy do 10.05.2023 lub do wyczerpania miejsc;<br \/>\n&#8211; UWAGA! liczba jednostek &#8211; a w zwi\u0105zku z tym i miejsc &#8211; jest ograniczona.<\/p>\n<p><strong>Zakres \u015bwiadcze\u0144:<\/strong><br \/>\n&#8211; noclegi na jachcie kabinowym typu Fortuna 27, Twister 780 lub podobnym;<br \/>\n&#8211; czarter jachtu ze sternikiem na czas trwania regat;<br \/>\n&#8211; cumowanie w porcie R\u00f3\u017cy Wiatr\u00f3w wraz dost\u0119pem do sanitariat\u00f3w (toaleta, prysznic);<br \/>\n&#8211; wy\u017cywienie: kolacja w pi\u0105tek, \u015bniadanie, lunch pakiet i gor\u0105ca kolacja w sobot\u0119 oraz \u015bniadanie w niedziel\u0119;<br \/>\n&#8211; ubezpieczenie NNW;<br \/>\n&#8211; nadz\u00f3r komisji regatowej nad przebiegiem regat oraz zabezpieczenie ratownicze imprezy;<br \/>\n&#8211; niesamowita atmosfera oraz towarzystwo \ud83d\ude09<\/p>\n<p><strong>UWAGA!<\/strong><br \/>\nProgram mo\u017ce ulec zmianie je\u017celi nast\u0105pi\u0105 nieprzewidziane okoliczno\u015bci (w szczeg\u00f3lno\u015bci &#8211; z\u0142e warunki atmosferyczne).<\/p>\n<h2>Program\u00a0FanZone<\/h2>\n<ul>\n<li>10.10 po\u017cegnanie za\u0142\u00f3g wyp\u0142ywaj\u0105cych z portu<\/li>\n<li>11.00 otwarcie strefy kibica<\/li>\n<li>16.30 zamkni\u0119cie strefy kibica<\/li>\n<li>16.40\u00a0powitanie jacht\u00f3w i zawodnik\u00f3w w porcie<\/li>\n<li>po 18.30 impreza zamkni\u0119ta<\/li>\n<\/ul>\n<p><strong>INFORMACJA DLA FAN\u00d3W\u00a0<\/strong><\/p>\n<p>Serdecznie zapraszamy do wsp\u00f3lnego kibicowania ulubionym YouTuberom i na spotkanie z zawodnikami po zako\u0144czeniu regat.<br \/>\nJednocze\u015bnie uprzejmie prosimy o poszanowanie ich prywatno\u015bci i prawa do wypoczynku poza czasem wsp\u00f3lnego kibicowania i spotka\u0144 z fanami.<br \/>\nRegaty to wymagaj\u0105ce zawody sportowe. Dajmy naszym ulubionym tw\u00f3rcom czas na wypoczynek i odrobin\u0119 prywatno\u015bci.<\/p>\n","protected":false},"excerpt":{"rendered":"<p>Program imprezy VII edycja Mistrzostw odb\u0119dzie si\u0119 w dniach 16\u201318 czerwca 2023 r. 16 czerwca (pi\u0105tek) 16:00-20:00 &#8211; przydzia\u0142 do za\u0142\u00f3g, zakwaterowanie na jachtach; 20:00 &#8211;<span class=\"excerpt-hellip\"> [\u2026]<\/span><\/p>\n","protected":false},"author":2,"featured_media":0,"parent":0,"menu_order":0,"comment_status":"closed","ping_status":"closed","template":"","meta":{"_acf_changed":false,"footnotes":""},"class_list":["post-3229","page","type-page","status-publish","hentry"],"acf":[],"yoast_head":"<!-- This site is optimized with the Yoast SEO plugin v27.5 - https:\/\/yoast.com\/product\/yoast-seo-wordpress\/ -->\n<title>Program 2023 - Regaty Influencer\u00f3w<\/title>\n<meta name=\"robots\" content=\"index, follow, max-snippet:-1, max-image-preview:large, max-video-preview:-1\" \/>\n<link rel=\"canonical\" href=\"https:\/\/regatyinfluencerow.roza.pl\/index.php\/program-2023\/\" \/>\n<meta property=\"og:locale\" content=\"pl_PL\" \/>\n<meta property=\"og:type\" content=\"article\" \/>\n<meta property=\"og:title\" content=\"Program 2023 - Regaty Influencer\u00f3w\" \/>\n<meta property=\"og:description\" content=\"Program imprezy VII edycja Mistrzostw odb\u0119dzie si\u0119 w dniach 16\u201318 czerwca 2023 r. 16 czerwca (pi\u0105tek) 16:00-20:00 &#8211; przydzia\u0142 do za\u0142\u00f3g, zakwaterowanie na jachtach; 20:00 &#8211; [\u2026]\" \/>\n<meta property=\"og:url\" content=\"https:\/\/regatyinfluencerow.roza.pl\/index.php\/program-2023\/\" \/>\n<meta property=\"og:site_name\" content=\"Regaty Influencer\u00f3w\" \/>\n<meta property=\"article:modified_time\" content=\"2023-06-11T10:34:25+00:00\" \/>\n<meta property=\"og:image\" content=\"https:\/\/regatyyoutuberow.roza.pl\/wp-content\/uploads\/2016\/04\/logoyotubesail-1024x934-300x274.png\" \/>\n<meta name=\"twitter:card\" content=\"summary_large_image\" \/>\n<meta name=\"twitter:label1\" content=\"Szacowany czas czytania\" \/>\n\t<meta name=\"twitter:data1\" content=\"2 minuty\" \/>\n<script type=\"application\/ld+json\" class=\"yoast-schema-graph\">{\"@context\":\"https:\\\/\\\/schema.org\",\"@graph\":[{\"@type\":\"WebPage\",\"@id\":\"https:\\\/\\\/regatyinfluencerow.roza.pl\\\/index.php\\\/program-2023\\\/\",\"url\":\"https:\\\/\\\/regatyinfluencerow.roza.pl\\\/index.php\\\/program-2023\\\/\",\"name\":\"Program 2023 - Regaty Influencer\u00f3w\",\"isPartOf\":{\"@id\":\"https:\\\/\\\/regatyinfluencerow.roza.pl\\\/#website\"},\"primaryImageOfPage\":{\"@id\":\"https:\\\/\\\/regatyinfluencerow.roza.pl\\\/index.php\\\/program-2023\\\/#primaryimage\"},\"image\":{\"@id\":\"https:\\\/\\\/regatyinfluencerow.roza.pl\\\/index.php\\\/program-2023\\\/#primaryimage\"},\"thumbnailUrl\":\"https:\\\/\\\/regatyyoutuberow.roza.pl\\\/wp-content\\\/uploads\\\/2016\\\/04\\\/logoyotubesail-1024x934-300x274.png\",\"datePublished\":\"2023-03-26T17:23:35+00:00\",\"dateModified\":\"2023-06-11T10:34:25+00:00\",\"breadcrumb\":{\"@id\":\"https:\\\/\\\/regatyinfluencerow.roza.pl\\\/index.php\\\/program-2023\\\/#breadcrumb\"},\"inLanguage\":\"pl-PL\",\"potentialAction\":[{\"@type\":\"ReadAction\",\"target\":[\"https:\\\/\\\/regatyinfluencerow.roza.pl\\\/index.php\\\/program-2023\\\/\"]}]},{\"@type\":\"ImageObject\",\"inLanguage\":\"pl-PL\",\"@id\":\"https:\\\/\\\/regatyinfluencerow.roza.pl\\\/index.php\\\/program-2023\\\/#primaryimage\",\"url\":\"https:\\\/\\\/regatyyoutuberow.roza.pl\\\/wp-content\\\/uploads\\\/2016\\\/04\\\/logoyotubesail-1024x934-300x274.png\",\"contentUrl\":\"https:\\\/\\\/regatyyoutuberow.roza.pl\\\/wp-content\\\/uploads\\\/2016\\\/04\\\/logoyotubesail-1024x934-300x274.png\"},{\"@type\":\"BreadcrumbList\",\"@id\":\"https:\\\/\\\/regatyinfluencerow.roza.pl\\\/index.php\\\/program-2023\\\/#breadcrumb\",\"itemListElement\":[{\"@type\":\"ListItem\",\"position\":1,\"name\":\"Strona g\u0142\u00f3wna\",\"item\":\"https:\\\/\\\/regatyinfluencerow.roza.pl\\\/\"},{\"@type\":\"ListItem\",\"position\":2,\"name\":\"Program 2023\"}]},{\"@type\":\"WebSite\",\"@id\":\"https:\\\/\\\/regatyinfluencerow.roza.pl\\\/#website\",\"url\":\"https:\\\/\\\/regatyinfluencerow.roza.pl\\\/\",\"name\":\"Regaty Influencer\u00f3w\",\"description\":\"o puchar R\u00f3\u017cy Wiatr\u00f3w\",\"publisher\":{\"@id\":\"https:\\\/\\\/regatyinfluencerow.roza.pl\\\/#organization\"},\"potentialAction\":[{\"@type\":\"SearchAction\",\"target\":{\"@type\":\"EntryPoint\",\"urlTemplate\":\"https:\\\/\\\/regatyinfluencerow.roza.pl\\\/?s={search_term_string}\"},\"query-input\":{\"@type\":\"PropertyValueSpecification\",\"valueRequired\":true,\"valueName\":\"search_term_string\"}}],\"inLanguage\":\"pl-PL\"},{\"@type\":\"Organization\",\"@id\":\"https:\\\/\\\/regatyinfluencerow.roza.pl\\\/#organization\",\"name\":\"Regaty Influencer\u00f3w\",\"url\":\"https:\\\/\\\/regatyinfluencerow.roza.pl\\\/\",\"logo\":{\"@type\":\"ImageObject\",\"inLanguage\":\"pl-PL\",\"@id\":\"https:\\\/\\\/regatyinfluencerow.roza.pl\\\/#\\\/schema\\\/logo\\\/image\\\/\",\"url\":\"https:\\\/\\\/regatyinfluencerow.roza.pl\\\/wp-content\\\/uploads\\\/2016\\\/04\\\/logoyotubesail-1024x934.png\",\"contentUrl\":\"https:\\\/\\\/regatyinfluencerow.roza.pl\\\/wp-content\\\/uploads\\\/2016\\\/04\\\/logoyotubesail-1024x934.png\",\"width\":1024,\"height\":934,\"caption\":\"Regaty Influencer\u00f3w\"},\"image\":{\"@id\":\"https:\\\/\\\/regatyinfluencerow.roza.pl\\\/#\\\/schema\\\/logo\\\/image\\\/\"}}]}<\/script>\n<!-- \/ Yoast SEO plugin. -->","yoast_head_json":{"title":"Program 2023 - Regaty Influencer\u00f3w","robots":{"index":"index","follow":"follow","max-snippet":"max-snippet:-1","max-image-preview":"max-image-preview:large","max-video-preview":"max-video-preview:-1"},"canonical":"https:\/\/regatyinfluencerow.roza.pl\/index.php\/program-2023\/","og_locale":"pl_PL","og_type":"article","og_title":"Program 2023 - Regaty Influencer\u00f3w","og_description":"Program imprezy VII edycja Mistrzostw odb\u0119dzie si\u0119 w dniach 16\u201318 czerwca 2023 r. 16 czerwca (pi\u0105tek) 16:00-20:00 &#8211; przydzia\u0142 do za\u0142\u00f3g, zakwaterowanie na jachtach; 20:00 &#8211; [\u2026]","og_url":"https:\/\/regatyinfluencerow.roza.pl\/index.php\/program-2023\/","og_site_name":"Regaty Influencer\u00f3w","article_modified_time":"2023-06-11T10:34:25+00:00","og_image":[{"url":"https:\/\/regatyyoutuberow.roza.pl\/wp-content\/uploads\/2016\/04\/logoyotubesail-1024x934-300x274.png","type":"","width":"","height":""}],"twitter_card":"summary_large_image","twitter_misc":{"Szacowany czas czytania":"2 minuty"},"schema":{"@context":"https:\/\/schema.org","@graph":[{"@type":"WebPage","@id":"https:\/\/regatyinfluencerow.roza.pl\/index.php\/program-2023\/","url":"https:\/\/regatyinfluencerow.roza.pl\/index.php\/program-2023\/","name":"Program 2023 - Regaty Influencer\u00f3w","isPartOf":{"@id":"https:\/\/regatyinfluencerow.roza.pl\/#website"},"primaryImageOfPage":{"@id":"https:\/\/regatyinfluencerow.roza.pl\/index.php\/program-2023\/#primaryimage"},"image":{"@id":"https:\/\/regatyinfluencerow.roza.pl\/index.php\/program-2023\/#primaryimage"},"thumbnailUrl":"https:\/\/regatyyoutuberow.roza.pl\/wp-content\/uploads\/2016\/04\/logoyotubesail-1024x934-300x274.png","datePublished":"2023-03-26T17:23:35+00:00","dateModified":"2023-06-11T10:34:25+00:00","breadcrumb":{"@id":"https:\/\/regatyinfluencerow.roza.pl\/index.php\/program-2023\/#breadcrumb"},"inLanguage":"pl-PL","potentialAction":[{"@type":"ReadAction","target":["https:\/\/regatyinfluencerow.roza.pl\/index.php\/program-2023\/"]}]},{"@type":"ImageObject","inLanguage":"pl-PL","@id":"https:\/\/regatyinfluencerow.roza.pl\/index.php\/program-2023\/#primaryimage","url":"https:\/\/regatyyoutuberow.roza.pl\/wp-content\/uploads\/2016\/04\/logoyotubesail-1024x934-300x274.png","contentUrl":"https:\/\/regatyyoutuberow.roza.pl\/wp-content\/uploads\/2016\/04\/logoyotubesail-1024x934-300x274.png"},{"@type":"BreadcrumbList","@id":"https:\/\/regatyinfluencerow.roza.pl\/index.php\/program-2023\/#breadcrumb","itemListElement":[{"@type":"ListItem","position":1,"name":"Strona g\u0142\u00f3wna","item":"https:\/\/regatyinfluencerow.roza.pl\/"},{"@type":"ListItem","position":2,"name":"Program 2023"}]},{"@type":"WebSite","@id":"https:\/\/regatyinfluencerow.roza.pl\/#website","url":"https:\/\/regatyinfluencerow.roza.pl\/","name":"Regaty Influencer\u00f3w","description":"o puchar R\u00f3\u017cy Wiatr\u00f3w","publisher":{"@id":"https:\/\/regatyinfluencerow.roza.pl\/#organization"},"potentialAction":[{"@type":"SearchAction","target":{"@type":"EntryPoint","urlTemplate":"https:\/\/regatyinfluencerow.roza.pl\/?s={search_term_string}"},"query-input":{"@type":"PropertyValueSpecification","valueRequired":true,"valueName":"search_term_string"}}],"inLanguage":"pl-PL"},{"@type":"Organization","@id":"https:\/\/regatyinfluencerow.roza.pl\/#organization","name":"Regaty Influencer\u00f3w","url":"https:\/\/regatyinfluencerow.roza.pl\/","logo":{"@type":"ImageObject","inLanguage":"pl-PL","@id":"https:\/\/regatyinfluencerow.roza.pl\/#\/schema\/logo\/image\/","url":"https:\/\/regatyinfluencerow.roza.pl\/wp-content\/uploads\/2016\/04\/logoyotubesail-1024x934.png","contentUrl":"https:\/\/regatyinfluencerow.roza.pl\/wp-content\/uploads\/2016\/04\/logoyotubesail-1024x934.png","width":1024,"height":934,"caption":"Regaty Influencer\u00f3w"},"image":{"@id":"https:\/\/regatyinfluencerow.roza.pl\/#\/schema\/logo\/image\/"}}]}},"_links":{"self":[{"href":"https:\/\/regatyinfluencerow.roza.pl\/index.php\/wp-json\/wp\/v2\/pages\/3229","targetHints":{"allow":["GET"]}}],"collection":[{"href":"https:\/\/regatyinfluencerow.roza.pl\/index.php\/wp-json\/wp\/v2\/pages"}],"about":[{"href":"https:\/\/regatyinfluencerow.roza.pl\/index.php\/wp-json\/wp\/v2\/types\/page"}],"author":[{"embeddable":true,"href":"https:\/\/regatyinfluencerow.roza.pl\/index.php\/wp-json\/wp\/v2\/users\/2"}],"replies":[{"embeddable":true,"href":"https:\/\/regatyinfluencerow.roza.pl\/index.php\/wp-json\/wp\/v2\/comments?post=3229"}],"version-history":[{"count":3,"href":"https:\/\/regatyinfluencerow.roza.pl\/index.php\/wp-json\/wp\/v2\/pages\/3229\/revisions"}],"predecessor-version":[{"id":3500,"href":"https:\/\/regatyinfluencerow.roza.pl\/index.php\/wp-json\/wp\/v2\/pages\/3229\/revisions\/3500"}],"wp:attachment":[{"href":"https:\/\/regatyinfluencerow.roza.pl\/index.php\/wp-json\/wp\/v2\/media?parent=3229"}],"curies":[{"name":"wp","href":"https:\/\/api.w.org\/{rel}","templated":true}]}}