{"id":243,"date":"2016-04-20T12:48:37","date_gmt":"2016-04-20T10:48:37","guid":{"rendered":"http:\/\/regatyyoutuberow.roza.pl\/?page_id=243"},"modified":"2025-05-17T11:54:44","modified_gmt":"2025-05-17T09:54:44","slug":"instrukcja-zeglugi","status":"publish","type":"page","link":"https:\/\/regatyinfluencerow.roza.pl\/index.php\/instrukcja-zeglugi\/","title":{"rendered":"Instrukcja \u017ceglugi"},"content":{"rendered":"<style>\n    body {<br \/>        font-family: Verdana, sans-serif;<br \/>        font-size: small;<br \/>        line-height: 1.6;<br \/>        max-width: 800px;<br \/>        margin: 0 auto;<br \/>        padding: 20px;<br \/>        color: #333;<br \/>    }<br \/>    h1 {<br \/>        text-align: center;<br \/>        font-size: 1.2em;<br \/>        font-weight: bold;<br \/>        margin-bottom: 20px;<br \/>    }<br \/>    h2 {<br \/>        font-size: 1em;<br \/>        font-weight: bold;<br \/>        margin-top: 20px;<br \/>        margin-bottom: 10px;<br \/>    }<br \/>    p {<br \/>        text-align: justify;<br \/>        margin-bottom: 10px;<br \/>    }<br \/>    ol {<br \/>        padding-left: 20px;<br \/>        margin-bottom: 10px;<br \/>    }<br \/>    li {<br \/>        margin-bottom: 5px;<br \/>    }<br \/>    img {<br \/>        max-width: 100%;<br \/>        height: auto;<br \/>        margin: 10px 0;<br \/>    }<br \/>    .center {<br \/>        text-align: center;<br \/>    }<br \/>    .right {<br \/>        text-align: right;<br \/>    }<br \/>    .note {<br \/>        color: #e74c3c;<br \/>        font-style: italic;<br \/>    }<br \/>    .signature {<br \/>        margin-top: 20px;<br \/>    }<br \/>    @media (max-width: 600px) {<br \/>        body {<br \/>            padding: 10px;<br \/>        }<br \/>        h1 {<br \/>            font-size: 1em;<br \/>        }<br \/>    }<br \/><\/style>\n<h1>INSTRUKCJA \u017bEGLUGI IX Regat Influencer\u00f3w 2025<\/h1>\n<h2>1. Przepisy<\/h2>\n<p>Regaty zostan\u0105 rozegrane zgodnie z przepisami okre\u015blonymi w Przepisach Regatowych \u017beglarstwa ISAF edycji 2025\u20132028 oraz niniejsz\u0105 instrukcj\u0105 \u017ceglugi.<\/p>\n<h2>2. Komunikaty i zmiany instrukcji \u017ceglugi<\/h2>\n<p>Komunikaty i zmiany instrukcji \u017ceglugi og\u0142oszone b\u0119d\u0105 podczas odprawy sternik\u00f3w.<\/p>\n<h2>3. Plan wy\u015bcig\u00f3w<\/h2>\n<ol>\n<li>Planuje si\u0119 rozegranie trzech wy\u015bcig\u00f3w kr\u00f3tkich.<\/li>\n<li>Planowany czas sygna\u0142u ostrze\u017cenia do pierwszego wy\u015bcigu \u2013 godzina: 11:00.<\/li>\n<\/ol>\n<p>Otwarcie Regat godz. 9:30<\/p>\n<p>Odprawa sternik\u00f3w godz. 9:40<\/p>\n<p>Wyj\u015bcie jacht\u00f3w z portu godz. 10:30<\/p>\n<p>Regaty godz. 11:00\u201316:00<\/p>\n<h2>4. Flaga grupy jacht\u00f3w startuj\u0105cych w regatach<\/h2>\n<p>Jachty bior\u0105ce udzia\u0142 w regatach startuj\u0105 w grupie oznaczonej flag\u0105 \u201eT\u201d MKS<\/p>\n<p><img loading=\"lazy\" decoding=\"async\" src=\"https:\/\/regatyyoutuberow.roza.pl\/wp-content\/uploads\/2016\/04\/900px-Tango_flag.svg-300x200.png\" alt=\"Flaga T MKS\" width=\"300\" height=\"200\" \/><\/p>\n<h2>5. Akwen rozgrywania wy\u015bcigu<\/h2>\n<p>Regaty rozgrywane b\u0119d\u0105 na Jeziorze \u015awi\u0119cajty.<\/p>\n<h2>6. Trasa regat<\/h2>\n<ol>\n<li>Za\u0142\u0105cznik nr 1 Instrukcji \u017beglugi pokazuje tras\u0119 regat.<\/li>\n<li>Trasa om\u00f3wiona b\u0119dzie szczeg\u00f3\u0142owo na odprawie sternik\u00f3w po oficjalnym otwarciu regat. Trasa mo\u017ce zosta\u0107 skr\u00f3cona przez wywieszenie flagi \u201eS\u201d na statku KS.<\/li>\n<\/ol>\n<p><img loading=\"lazy\" decoding=\"async\" class=\"aligncenter wp-image-4261 size-full\" src=\"https:\/\/regatyinfluencerow.roza.pl\/wp-content\/uploads\/2025\/05\/trasa.png\" alt=\"\" width=\"2000\" height=\"1226\" srcset=\"https:\/\/regatyinfluencerow.roza.pl\/wp-content\/uploads\/2025\/05\/trasa.png 2000w, https:\/\/regatyinfluencerow.roza.pl\/wp-content\/uploads\/2025\/05\/trasa-300x184.png 300w, https:\/\/regatyinfluencerow.roza.pl\/wp-content\/uploads\/2025\/05\/trasa-1024x628.png 1024w, https:\/\/regatyinfluencerow.roza.pl\/wp-content\/uploads\/2025\/05\/trasa-768x471.png 768w, https:\/\/regatyinfluencerow.roza.pl\/wp-content\/uploads\/2025\/05\/trasa-1536x942.png 1536w, https:\/\/regatyinfluencerow.roza.pl\/wp-content\/uploads\/2025\/05\/trasa-238x146.png 238w, https:\/\/regatyinfluencerow.roza.pl\/wp-content\/uploads\/2025\/05\/trasa-50x31.png 50w, https:\/\/regatyinfluencerow.roza.pl\/wp-content\/uploads\/2025\/05\/trasa-122x75.png 122w\" sizes=\"auto, (max-width: 2000px) 100vw, 2000px\" \/><\/p>\n<h2>7. Znaki<\/h2>\n<ol>\n<li>Znakami trasy 1, 2, 3 b\u0119d\u0105 boje o kszta\u0142cie walca koloru pomara\u0144czowego.<\/li>\n<li>Znakami startu b\u0119d\u0105: statek komisji regatowej na prawym ko\u0144cu i boja z tyczk\u0105 na lewym ko\u0144cu.<\/li>\n<li>Znakami mety b\u0119d\u0105: statek komisji regatowej na prawym ko\u0144cu i boja z tyczk\u0105 na lewym ko\u0144cu.<\/li>\n<\/ol>\n<h2>8. Start<\/h2>\n<ol>\n<li>Sygna\u0142y startowe podawane b\u0119d\u0105 zgodnie z informacj\u0105 w tabeli:<\/li>\n<\/ol>\n<p><img loading=\"lazy\" decoding=\"async\" src=\"https:\/\/regatyyoutuberow.roza.pl\/wp-content\/uploads\/2016\/04\/tabelka.png\" alt=\"Tabela sygna\u0142\u00f3w startowych\" width=\"1213\" height=\"860\" \/><\/p>\n<ol start=\"2\">\n<li>Sygna\u0142om optycznym \u2013 decyduj\u0105cym, towarzyszy\u0107 b\u0119d\u0105 sygna\u0142y d\u017awi\u0119kowe.<\/li>\n<li>Jacht startuj\u0105cy p\u00f3\u017aniej ni\u017c 10 min. po sygnale startu otrzyma punkty DNS \u2013 nie wystartowa\u0142.<\/li>\n<li>Lini\u0119 startu wyznacza i ogranicza nabie\u017cnik na statku KR oraz znak startowy (boja z tyczk\u0105) na lewym jej ko\u0144cu.<\/li>\n<\/ol>\n<h2>9. Odwo\u0142ania startu<\/h2>\n<ol>\n<li>Odwo\u0142anie indywidualne sygnalizowane b\u0119dzie, zgodnie z art. 29.1 PR\u017b, przez podniesienie flagi \u201eX\u201d i sygna\u0142em d\u017awi\u0119kowym.<\/li>\n<\/ol>\n<p><img loading=\"lazy\" decoding=\"async\" src=\"https:\/\/regatyyoutuberow.roza.pl\/wp-content\/uploads\/2016\/04\/900px-Xray_flag.svg-300x200.png\" alt=\"Flaga X\" width=\"300\" height=\"200\" \/><\/p>\n<ol start=\"2\">\n<li>Odwo\u0142anie generalne sygnalizowane b\u0119dzie, zgodnie z art. 29.2 PR\u017b, przez podniesienie flagi \u201epierwszy zast\u0119pczy\u201d i podw\u00f3jnym sygna\u0142em d\u017awi\u0119kowym.<\/li>\n<\/ol>\n<p><img loading=\"lazy\" decoding=\"async\" src=\"https:\/\/regatyyoutuberow.roza.pl\/wp-content\/uploads\/2016\/04\/550px-ICS_Repeat_One.svg-300x191.png\" alt=\"Flaga pierwszy zast\u0119pczy\" width=\"300\" height=\"191\" \/><\/p>\n<h2>10. Meta<\/h2>\n<ol>\n<li>Lini\u0119 mety wyznacza nabie\u017cnik na statku KR oraz boja mety (wcze\u015bniej startu) na lewym ko\u0144cu.<\/li>\n<li>Jacht na linii mety oznaczony b\u0119dzie niebiesk\u0105 flag\u0105.<\/li>\n<\/ol>\n<p><img loading=\"lazy\" decoding=\"async\" src=\"https:\/\/regatyyoutuberow.roza.pl\/wp-content\/uploads\/2016\/04\/niebieska-300x203.jpg\" alt=\"Niebieska flaga\" width=\"300\" height=\"203\" \/><\/p>\n<ol start=\"3\">\n<li>Jachty, kt\u00f3re uko\u0144cz\u0105 wy\u015bcig p\u00f3\u017aniej ni\u017c 30 min. po pierwszym jachcie przyj\u0119tym na mecie, b\u0119d\u0105 punktowane jako \u201eDNF\u201d. Przy wy\u015bcigu d\u0142ugim: czas ten wynosi 60 minut.<\/li>\n<\/ol>\n<h2>11. Punktacja<\/h2>\n<ol>\n<li>Stosowany b\u0119dzie system ma\u0142ych punkt\u00f3w.<\/li>\n<li>Regaty b\u0119d\u0105 uwa\u017cane za wa\u017cne po rozegraniu jednego wy\u015bcigu.<\/li>\n<\/ol>\n<h2>12. Protesty<\/h2>\n<ol>\n<li>Protest musi by\u0107 sygnalizowany zgodnie z art. 61.1 PR\u017b.<\/li>\n<li>Protesty, na w\u0142a\u015bciwych formularzach, nale\u017cy sk\u0142ada\u0107 w sekretariacie regat w ci\u0105gu 60 minut po zako\u0144czeniu ostatniego wy\u015bcigu w danym dniu.<\/li>\n<li>Czas i miejsce rozpatrywania protest\u00f3w podane b\u0119d\u0105 oddzielnym komunikatem.<\/li>\n<\/ol>\n<h2>13. Przepisy bezpiecze\u0144stwa<\/h2>\n<ol>\n<li>Obowi\u0105zuje Rozporz\u0105dzenie Rady Ministr\u00f3w z dnia 18 sierpnia 2011 r. w zakresie bezpiecze\u0144stwa os\u00f3b uprawiaj\u0105cych sporty wodne.<\/li>\n<li>Zawodnicy startuj\u0105 na w\u0142asne ryzyko i odpowiedzialno\u015b\u0107.<\/li>\n<li>Nie stosowanie si\u0119 do sygna\u0142u za\u0142o\u017cenia osobistych \u015brodk\u00f3w ratunkowych \u2013 flaga Y \u2013 karane b\u0119dzie dyskwalifikacj\u0105.<\/li>\n<\/ol>\n<p><img loading=\"lazy\" decoding=\"async\" src=\"https:\/\/regatyyoutuberow.roza.pl\/wp-content\/uploads\/2016\/04\/900px-Yankee_flag.svg-300x200.png\" alt=\"Flaga Y\" width=\"300\" height=\"200\" \/><\/p>\n<h2>14. Inne przepisy<\/h2>\n<ol>\n<li>Jacht, kt\u00f3rego za\u0142oga wyrzuci \u015bmieci do wody, mo\u017ce by\u0107 ukarany decyzj\u0105 Komisji Regatowej lub Zespo\u0142u Protestowego po rozpatrzeniu protestu.<\/li>\n<li>Na jachcie, podczas regat, powinna znajdowa\u0107 si\u0119 taka liczba os\u00f3b, jaka zosta\u0142a zg\u0142oszona do regat.<\/li>\n<li>Jacht, kt\u00f3ry wycofuje si\u0119 z wy\u015bcigu, musi powiadomi\u0107 o tym jak najszybciej KR.<\/li>\n<li>Flaga \u201eAP\u201d oznacza, \u017ce wy\u015bcigi nie rozpocz\u0119te s\u0105 odroczone. Sygna\u0142 ostrze\u017cenia podany zostanie 1 minut\u0119 po opuszczeniu flagi \u201eAP\u201d.<\/li>\n<\/ol>\n<p><img loading=\"lazy\" decoding=\"async\" src=\"https:\/\/regatyyoutuberow.roza.pl\/wp-content\/uploads\/2016\/04\/540px-ICS_Answer.svg-300x167.png\" alt=\"Flaga AP\" width=\"300\" height=\"167\" \/><\/p>\n<p class=\"center\"><strong>Mapy tras zostan\u0105 opublikowane w p\u00f3\u017aniejszym terminie.<\/strong><\/p>\n<p class=\"right signature\"><strong>S\u0118DZIA G\u0141\u00d3WNY<\/strong><\/p>\n<p class=\"right\"><em>Regina Flis<\/em><\/p>\n<p>&nbsp;<\/p>\n","protected":false},"excerpt":{"rendered":"<p>INSTRUKCJA \u017bEGLUGI IX Regat Influencer\u00f3w 2025 1. Przepisy Regaty zostan\u0105 rozegrane zgodnie z przepisami okre\u015blonymi w Przepisach Regatowych \u017beglarstwa ISAF edycji 2025\u20132028 oraz niniejsz\u0105 instrukcj\u0105 \u017ceglugi.<span class=\"excerpt-hellip\"> [\u2026]<\/span><\/p>\n","protected":false},"author":2,"featured_media":0,"parent":0,"menu_order":0,"comment_status":"closed","ping_status":"closed","template":"","meta":{"_acf_changed":false,"footnotes":""},"class_list":["post-243","page","type-page","status-publish","hentry"],"acf":[],"yoast_head":"<!-- This site is optimized with the Yoast SEO plugin v27.5 - https:\/\/yoast.com\/product\/yoast-seo-wordpress\/ -->\n<title>Instrukcja \u017ceglugi - Regaty Influencer\u00f3w<\/title>\n<meta name=\"robots\" content=\"index, follow, max-snippet:-1, max-image-preview:large, max-video-preview:-1\" \/>\n<link rel=\"canonical\" href=\"https:\/\/regatyinfluencerow.roza.pl\/index.php\/instrukcja-zeglugi\/\" \/>\n<meta property=\"og:locale\" content=\"pl_PL\" \/>\n<meta property=\"og:type\" content=\"article\" \/>\n<meta property=\"og:title\" content=\"Instrukcja \u017ceglugi - Regaty Influencer\u00f3w\" \/>\n<meta property=\"og:description\" content=\"INSTRUKCJA \u017bEGLUGI IX Regat Influencer\u00f3w 2025 1. Przepisy Regaty zostan\u0105 rozegrane zgodnie z przepisami okre\u015blonymi w Przepisach Regatowych \u017beglarstwa ISAF edycji 2025\u20132028 oraz niniejsz\u0105 instrukcj\u0105 \u017ceglugi. [\u2026]\" \/>\n<meta property=\"og:url\" content=\"https:\/\/regatyinfluencerow.roza.pl\/index.php\/instrukcja-zeglugi\/\" \/>\n<meta property=\"og:site_name\" content=\"Regaty Influencer\u00f3w\" \/>\n<meta property=\"article:modified_time\" content=\"2025-05-17T09:54:44+00:00\" \/>\n<meta property=\"og:image\" content=\"https:\/\/regatyyoutuberow.roza.pl\/wp-content\/uploads\/2016\/04\/900px-Tango_flag.svg-300x200.png\" \/>\n<meta name=\"twitter:card\" content=\"summary_large_image\" \/>\n<meta name=\"twitter:label1\" content=\"Szacowany czas czytania\" \/>\n\t<meta name=\"twitter:data1\" content=\"7 minut\" \/>\n<script type=\"application\/ld+json\" class=\"yoast-schema-graph\">{\"@context\":\"https:\\\/\\\/schema.org\",\"@graph\":[{\"@type\":\"WebPage\",\"@id\":\"https:\\\/\\\/regatyinfluencerow.roza.pl\\\/index.php\\\/instrukcja-zeglugi\\\/\",\"url\":\"https:\\\/\\\/regatyinfluencerow.roza.pl\\\/index.php\\\/instrukcja-zeglugi\\\/\",\"name\":\"Instrukcja \u017ceglugi - Regaty Influencer\u00f3w\",\"isPartOf\":{\"@id\":\"https:\\\/\\\/regatyinfluencerow.roza.pl\\\/#website\"},\"primaryImageOfPage\":{\"@id\":\"https:\\\/\\\/regatyinfluencerow.roza.pl\\\/index.php\\\/instrukcja-zeglugi\\\/#primaryimage\"},\"image\":{\"@id\":\"https:\\\/\\\/regatyinfluencerow.roza.pl\\\/index.php\\\/instrukcja-zeglugi\\\/#primaryimage\"},\"thumbnailUrl\":\"https:\\\/\\\/regatyyoutuberow.roza.pl\\\/wp-content\\\/uploads\\\/2016\\\/04\\\/900px-Tango_flag.svg-300x200.png\",\"datePublished\":\"2016-04-20T10:48:37+00:00\",\"dateModified\":\"2025-05-17T09:54:44+00:00\",\"breadcrumb\":{\"@id\":\"https:\\\/\\\/regatyinfluencerow.roza.pl\\\/index.php\\\/instrukcja-zeglugi\\\/#breadcrumb\"},\"inLanguage\":\"pl-PL\",\"potentialAction\":[{\"@type\":\"ReadAction\",\"target\":[\"https:\\\/\\\/regatyinfluencerow.roza.pl\\\/index.php\\\/instrukcja-zeglugi\\\/\"]}]},{\"@type\":\"ImageObject\",\"inLanguage\":\"pl-PL\",\"@id\":\"https:\\\/\\\/regatyinfluencerow.roza.pl\\\/index.php\\\/instrukcja-zeglugi\\\/#primaryimage\",\"url\":\"https:\\\/\\\/regatyyoutuberow.roza.pl\\\/wp-content\\\/uploads\\\/2016\\\/04\\\/900px-Tango_flag.svg-300x200.png\",\"contentUrl\":\"https:\\\/\\\/regatyyoutuberow.roza.pl\\\/wp-content\\\/uploads\\\/2016\\\/04\\\/900px-Tango_flag.svg-300x200.png\"},{\"@type\":\"BreadcrumbList\",\"@id\":\"https:\\\/\\\/regatyinfluencerow.roza.pl\\\/index.php\\\/instrukcja-zeglugi\\\/#breadcrumb\",\"itemListElement\":[{\"@type\":\"ListItem\",\"position\":1,\"name\":\"Strona g\u0142\u00f3wna\",\"item\":\"https:\\\/\\\/regatyinfluencerow.roza.pl\\\/\"},{\"@type\":\"ListItem\",\"position\":2,\"name\":\"Instrukcja \u017ceglugi\"}]},{\"@type\":\"WebSite\",\"@id\":\"https:\\\/\\\/regatyinfluencerow.roza.pl\\\/#website\",\"url\":\"https:\\\/\\\/regatyinfluencerow.roza.pl\\\/\",\"name\":\"Regaty Influencer\u00f3w\",\"description\":\"o puchar R\u00f3\u017cy Wiatr\u00f3w\",\"publisher\":{\"@id\":\"https:\\\/\\\/regatyinfluencerow.roza.pl\\\/#organization\"},\"potentialAction\":[{\"@type\":\"SearchAction\",\"target\":{\"@type\":\"EntryPoint\",\"urlTemplate\":\"https:\\\/\\\/regatyinfluencerow.roza.pl\\\/?s={search_term_string}\"},\"query-input\":{\"@type\":\"PropertyValueSpecification\",\"valueRequired\":true,\"valueName\":\"search_term_string\"}}],\"inLanguage\":\"pl-PL\"},{\"@type\":\"Organization\",\"@id\":\"https:\\\/\\\/regatyinfluencerow.roza.pl\\\/#organization\",\"name\":\"Regaty Influencer\u00f3w\",\"url\":\"https:\\\/\\\/regatyinfluencerow.roza.pl\\\/\",\"logo\":{\"@type\":\"ImageObject\",\"inLanguage\":\"pl-PL\",\"@id\":\"https:\\\/\\\/regatyinfluencerow.roza.pl\\\/#\\\/schema\\\/logo\\\/image\\\/\",\"url\":\"https:\\\/\\\/regatyinfluencerow.roza.pl\\\/wp-content\\\/uploads\\\/2016\\\/04\\\/logoyotubesail-1024x934.png\",\"contentUrl\":\"https:\\\/\\\/regatyinfluencerow.roza.pl\\\/wp-content\\\/uploads\\\/2016\\\/04\\\/logoyotubesail-1024x934.png\",\"width\":1024,\"height\":934,\"caption\":\"Regaty Influencer\u00f3w\"},\"image\":{\"@id\":\"https:\\\/\\\/regatyinfluencerow.roza.pl\\\/#\\\/schema\\\/logo\\\/image\\\/\"}}]}<\/script>\n<!-- \/ Yoast SEO plugin. -->","yoast_head_json":{"title":"Instrukcja \u017ceglugi - Regaty Influencer\u00f3w","robots":{"index":"index","follow":"follow","max-snippet":"max-snippet:-1","max-image-preview":"max-image-preview:large","max-video-preview":"max-video-preview:-1"},"canonical":"https:\/\/regatyinfluencerow.roza.pl\/index.php\/instrukcja-zeglugi\/","og_locale":"pl_PL","og_type":"article","og_title":"Instrukcja \u017ceglugi - Regaty Influencer\u00f3w","og_description":"INSTRUKCJA \u017bEGLUGI IX Regat Influencer\u00f3w 2025 1. Przepisy Regaty zostan\u0105 rozegrane zgodnie z przepisami okre\u015blonymi w Przepisach Regatowych \u017beglarstwa ISAF edycji 2025\u20132028 oraz niniejsz\u0105 instrukcj\u0105 \u017ceglugi. [\u2026]","og_url":"https:\/\/regatyinfluencerow.roza.pl\/index.php\/instrukcja-zeglugi\/","og_site_name":"Regaty Influencer\u00f3w","article_modified_time":"2025-05-17T09:54:44+00:00","og_image":[{"url":"https:\/\/regatyyoutuberow.roza.pl\/wp-content\/uploads\/2016\/04\/900px-Tango_flag.svg-300x200.png","type":"","width":"","height":""}],"twitter_card":"summary_large_image","twitter_misc":{"Szacowany czas czytania":"7 minut"},"schema":{"@context":"https:\/\/schema.org","@graph":[{"@type":"WebPage","@id":"https:\/\/regatyinfluencerow.roza.pl\/index.php\/instrukcja-zeglugi\/","url":"https:\/\/regatyinfluencerow.roza.pl\/index.php\/instrukcja-zeglugi\/","name":"Instrukcja \u017ceglugi - Regaty Influencer\u00f3w","isPartOf":{"@id":"https:\/\/regatyinfluencerow.roza.pl\/#website"},"primaryImageOfPage":{"@id":"https:\/\/regatyinfluencerow.roza.pl\/index.php\/instrukcja-zeglugi\/#primaryimage"},"image":{"@id":"https:\/\/regatyinfluencerow.roza.pl\/index.php\/instrukcja-zeglugi\/#primaryimage"},"thumbnailUrl":"https:\/\/regatyyoutuberow.roza.pl\/wp-content\/uploads\/2016\/04\/900px-Tango_flag.svg-300x200.png","datePublished":"2016-04-20T10:48:37+00:00","dateModified":"2025-05-17T09:54:44+00:00","breadcrumb":{"@id":"https:\/\/regatyinfluencerow.roza.pl\/index.php\/instrukcja-zeglugi\/#breadcrumb"},"inLanguage":"pl-PL","potentialAction":[{"@type":"ReadAction","target":["https:\/\/regatyinfluencerow.roza.pl\/index.php\/instrukcja-zeglugi\/"]}]},{"@type":"ImageObject","inLanguage":"pl-PL","@id":"https:\/\/regatyinfluencerow.roza.pl\/index.php\/instrukcja-zeglugi\/#primaryimage","url":"https:\/\/regatyyoutuberow.roza.pl\/wp-content\/uploads\/2016\/04\/900px-Tango_flag.svg-300x200.png","contentUrl":"https:\/\/regatyyoutuberow.roza.pl\/wp-content\/uploads\/2016\/04\/900px-Tango_flag.svg-300x200.png"},{"@type":"BreadcrumbList","@id":"https:\/\/regatyinfluencerow.roza.pl\/index.php\/instrukcja-zeglugi\/#breadcrumb","itemListElement":[{"@type":"ListItem","position":1,"name":"Strona g\u0142\u00f3wna","item":"https:\/\/regatyinfluencerow.roza.pl\/"},{"@type":"ListItem","position":2,"name":"Instrukcja \u017ceglugi"}]},{"@type":"WebSite","@id":"https:\/\/regatyinfluencerow.roza.pl\/#website","url":"https:\/\/regatyinfluencerow.roza.pl\/","name":"Regaty Influencer\u00f3w","description":"o puchar R\u00f3\u017cy Wiatr\u00f3w","publisher":{"@id":"https:\/\/regatyinfluencerow.roza.pl\/#organization"},"potentialAction":[{"@type":"SearchAction","target":{"@type":"EntryPoint","urlTemplate":"https:\/\/regatyinfluencerow.roza.pl\/?s={search_term_string}"},"query-input":{"@type":"PropertyValueSpecification","valueRequired":true,"valueName":"search_term_string"}}],"inLanguage":"pl-PL"},{"@type":"Organization","@id":"https:\/\/regatyinfluencerow.roza.pl\/#organization","name":"Regaty Influencer\u00f3w","url":"https:\/\/regatyinfluencerow.roza.pl\/","logo":{"@type":"ImageObject","inLanguage":"pl-PL","@id":"https:\/\/regatyinfluencerow.roza.pl\/#\/schema\/logo\/image\/","url":"https:\/\/regatyinfluencerow.roza.pl\/wp-content\/uploads\/2016\/04\/logoyotubesail-1024x934.png","contentUrl":"https:\/\/regatyinfluencerow.roza.pl\/wp-content\/uploads\/2016\/04\/logoyotubesail-1024x934.png","width":1024,"height":934,"caption":"Regaty Influencer\u00f3w"},"image":{"@id":"https:\/\/regatyinfluencerow.roza.pl\/#\/schema\/logo\/image\/"}}]}},"_links":{"self":[{"href":"https:\/\/regatyinfluencerow.roza.pl\/index.php\/wp-json\/wp\/v2\/pages\/243","targetHints":{"allow":["GET"]}}],"collection":[{"href":"https:\/\/regatyinfluencerow.roza.pl\/index.php\/wp-json\/wp\/v2\/pages"}],"about":[{"href":"https:\/\/regatyinfluencerow.roza.pl\/index.php\/wp-json\/wp\/v2\/types\/page"}],"author":[{"embeddable":true,"href":"https:\/\/regatyinfluencerow.roza.pl\/index.php\/wp-json\/wp\/v2\/users\/2"}],"replies":[{"embeddable":true,"href":"https:\/\/regatyinfluencerow.roza.pl\/index.php\/wp-json\/wp\/v2\/comments?post=243"}],"version-history":[{"count":14,"href":"https:\/\/regatyinfluencerow.roza.pl\/index.php\/wp-json\/wp\/v2\/pages\/243\/revisions"}],"predecessor-version":[{"id":4268,"href":"https:\/\/regatyinfluencerow.roza.pl\/index.php\/wp-json\/wp\/v2\/pages\/243\/revisions\/4268"}],"wp:attachment":[{"href":"https:\/\/regatyinfluencerow.roza.pl\/index.php\/wp-json\/wp\/v2\/media?parent=243"}],"curies":[{"name":"wp","href":"https:\/\/api.w.org\/{rel}","templated":true}]}}