{"id":2090,"date":"2019-04-03T14:28:22","date_gmt":"2019-04-03T12:28:22","guid":{"rendered":"http:\/\/regatyyoutuberow.roza.pl\/?page_id=2090"},"modified":"2019-05-25T16:23:32","modified_gmt":"2019-05-25T14:23:32","slug":"partnerzy19","status":"publish","type":"page","link":"https:\/\/regatyinfluencerow.roza.pl\/index.php\/partnerzy19\/","title":{"rendered":"Partnerzy 2019"},"content":{"rendered":"<h1 style=\"text-align: center;\"><span style=\"color: #000000;\">Partnerzy V edycji \u017beglarskich Mistrzostw Polski YouTuber\u00f3w<\/span><\/h1>\n<p>&nbsp;<\/p>\n<h2 style=\"text-align: center;\"><b>Sponsor g\u0142\u00f3wny:<\/b><\/h2>\n<p><img loading=\"lazy\" decoding=\"async\" class=\"wp-image-2261 aligncenter\" src=\"https:\/\/regatyyoutuberow.roza.pl\/wp-content\/uploads\/2019\/05\/logo_regular_100x15-300x47.jpg\" alt=\"\" width=\"811\" height=\"127\" srcset=\"https:\/\/regatyinfluencerow.roza.pl\/wp-content\/uploads\/2019\/05\/logo_regular_100x15-300x47.jpg 300w, https:\/\/regatyinfluencerow.roza.pl\/wp-content\/uploads\/2019\/05\/logo_regular_100x15.jpg 1024w, https:\/\/regatyinfluencerow.roza.pl\/wp-content\/uploads\/2019\/05\/logo_regular_100x15-260x41.jpg 260w, https:\/\/regatyinfluencerow.roza.pl\/wp-content\/uploads\/2019\/05\/logo_regular_100x15-50x8.jpg 50w, https:\/\/regatyinfluencerow.roza.pl\/wp-content\/uploads\/2019\/05\/logo_regular_100x15-150x24.jpg 150w\" sizes=\"auto, (max-width: 811px) 100vw, 811px\" \/><\/p>\n<hr \/>\n<h2><\/h2>\n<p>&nbsp;<\/p>\n<h2 style=\"text-align: center;\"><b>Partnerzy:<\/b><\/h2>\n<p style=\"text-align: center;\"><img loading=\"lazy\" decoding=\"async\" class=\"wp-image-2376 aligncenter\" src=\"https:\/\/regatyyoutuberow.roza.pl\/wp-content\/uploads\/2019\/05\/logo_FitCity_W\u0119gorzewo3-300x212.jpg\" alt=\"\" width=\"659\" height=\"466\" srcset=\"https:\/\/regatyinfluencerow.roza.pl\/wp-content\/uploads\/2019\/05\/logo_FitCity_W\u0119gorzewo3-300x212.jpg 300w, https:\/\/regatyinfluencerow.roza.pl\/wp-content\/uploads\/2019\/05\/logo_FitCity_W\u0119gorzewo3-1024x722.jpg 1024w, https:\/\/regatyinfluencerow.roza.pl\/wp-content\/uploads\/2019\/05\/logo_FitCity_W\u0119gorzewo3-207x146.jpg 207w, https:\/\/regatyinfluencerow.roza.pl\/wp-content\/uploads\/2019\/05\/logo_FitCity_W\u0119gorzewo3-50x35.jpg 50w, https:\/\/regatyinfluencerow.roza.pl\/wp-content\/uploads\/2019\/05\/logo_FitCity_W\u0119gorzewo3-106x75.jpg 106w, https:\/\/regatyinfluencerow.roza.pl\/wp-content\/uploads\/2019\/05\/logo_FitCity_W\u0119gorzewo3.jpg 1251w\" sizes=\"auto, (max-width: 659px) 100vw, 659px\" \/><\/p>\n<p><img loading=\"lazy\" decoding=\"async\" class=\" wp-image-2268 aligncenter\" src=\"https:\/\/regatyyoutuberow.roza.pl\/wp-content\/uploads\/2019\/05\/Polskaswinia-300x152.jpg\" alt=\"\" width=\"556\" height=\"282\" srcset=\"https:\/\/regatyinfluencerow.roza.pl\/wp-content\/uploads\/2019\/05\/Polskaswinia-300x152.jpg 300w, https:\/\/regatyinfluencerow.roza.pl\/wp-content\/uploads\/2019\/05\/Polskaswinia-768x389.jpg 768w, https:\/\/regatyinfluencerow.roza.pl\/wp-content\/uploads\/2019\/05\/Polskaswinia.jpg 1024w, https:\/\/regatyinfluencerow.roza.pl\/wp-content\/uploads\/2019\/05\/Polskaswinia-260x132.jpg 260w, https:\/\/regatyinfluencerow.roza.pl\/wp-content\/uploads\/2019\/05\/Polskaswinia-50x25.jpg 50w, https:\/\/regatyinfluencerow.roza.pl\/wp-content\/uploads\/2019\/05\/Polskaswinia-148x75.jpg 148w\" sizes=\"auto, (max-width: 556px) 100vw, 556px\" \/><\/p>\n<p>&nbsp;<\/p>\n<p>&nbsp;><\/p>\n<p><img loading=\"lazy\" decoding=\"async\" class=\" wp-image-1841 aligncenter\" src=\"https:\/\/regatyyoutuberow.roza.pl\/wp-content\/uploads\/2018\/05\/logo-cupsell-300x79.png\" alt=\"\" width=\"571\" height=\"150\" srcset=\"https:\/\/regatyinfluencerow.roza.pl\/wp-content\/uploads\/2018\/05\/logo-cupsell-300x79.png 300w, https:\/\/regatyinfluencerow.roza.pl\/wp-content\/uploads\/2018\/05\/logo-cupsell-768x202.png 768w, https:\/\/regatyinfluencerow.roza.pl\/wp-content\/uploads\/2018\/05\/logo-cupsell-1024x270.png 1024w, https:\/\/regatyinfluencerow.roza.pl\/wp-content\/uploads\/2018\/05\/logo-cupsell-260x68.png 260w, https:\/\/regatyinfluencerow.roza.pl\/wp-content\/uploads\/2018\/05\/logo-cupsell-50x13.png 50w, https:\/\/regatyinfluencerow.roza.pl\/wp-content\/uploads\/2018\/05\/logo-cupsell-150x39.png 150w, https:\/\/regatyinfluencerow.roza.pl\/wp-content\/uploads\/2018\/05\/logo-cupsell.png 1656w\" sizes=\"auto, (max-width: 571px) 100vw, 571px\" \/><\/p>\n<p>&nbsp;<\/p>\n<p>&nbsp;<\/p>\n<p><img loading=\"lazy\" decoding=\"async\" class=\" wp-image-2270 aligncenter\" src=\"https:\/\/regatyyoutuberow.roza.pl\/wp-content\/uploads\/2019\/05\/LogoClipper-300x114.jpg\" alt=\"\" width=\"500\" height=\"190\" srcset=\"https:\/\/regatyinfluencerow.roza.pl\/wp-content\/uploads\/2019\/05\/LogoClipper-300x114.jpg 300w, https:\/\/regatyinfluencerow.roza.pl\/wp-content\/uploads\/2019\/05\/LogoClipper-768x291.jpg 768w, https:\/\/regatyinfluencerow.roza.pl\/wp-content\/uploads\/2019\/05\/LogoClipper.jpg 1024w, https:\/\/regatyinfluencerow.roza.pl\/wp-content\/uploads\/2019\/05\/LogoClipper-260x99.jpg 260w, https:\/\/regatyinfluencerow.roza.pl\/wp-content\/uploads\/2019\/05\/LogoClipper-50x19.jpg 50w, https:\/\/regatyinfluencerow.roza.pl\/wp-content\/uploads\/2019\/05\/LogoClipper-150x57.jpg 150w\" sizes=\"auto, (max-width: 500px) 100vw, 500px\" \/><\/p>\n<p>&nbsp;<\/p>\n<p>&nbsp;<\/p>\n<p><img loading=\"lazy\" decoding=\"async\" class=\"size-medium wp-image-1846 aligncenter\" src=\"https:\/\/regatyyoutuberow.roza.pl\/wp-content\/uploads\/2018\/05\/Puszki-dwie-203x300.jpg\" alt=\"\" width=\"203\" height=\"300\" srcset=\"https:\/\/regatyinfluencerow.roza.pl\/wp-content\/uploads\/2018\/05\/Puszki-dwie-203x300.jpg 203w, https:\/\/regatyinfluencerow.roza.pl\/wp-content\/uploads\/2018\/05\/Puszki-dwie-768x1134.jpg 768w, https:\/\/regatyinfluencerow.roza.pl\/wp-content\/uploads\/2018\/05\/Puszki-dwie-693x1024.jpg 693w, https:\/\/regatyinfluencerow.roza.pl\/wp-content\/uploads\/2018\/05\/Puszki-dwie-99x146.jpg 99w, https:\/\/regatyinfluencerow.roza.pl\/wp-content\/uploads\/2018\/05\/Puszki-dwie-34x50.jpg 34w, https:\/\/regatyinfluencerow.roza.pl\/wp-content\/uploads\/2018\/05\/Puszki-dwie-51x75.jpg 51w, https:\/\/regatyinfluencerow.roza.pl\/wp-content\/uploads\/2018\/05\/Puszki-dwie.jpg 1249w\" sizes=\"auto, (max-width: 203px) 100vw, 203px\" \/><\/p>\n<hr \/>\n<h2><\/h2>\n<p>&nbsp;<\/p>\n<h2 style=\"text-align: center;\"><b>Patroni medialni:<\/b><\/h2>\n<p>&nbsp;<\/p>\n<p style=\"text-align: center;\">\u00a0<img loading=\"lazy\" decoding=\"async\" class=\"alignnone wp-image-169\" src=\"https:\/\/regatyyoutuberow.roza.pl\/wp-content\/uploads\/2016\/04\/4FUN_TV_logoRGB-1-300x222.png\" alt=\"\" width=\"297\" height=\"220\" srcset=\"https:\/\/regatyinfluencerow.roza.pl\/wp-content\/uploads\/2016\/04\/4FUN_TV_logoRGB-1-300x222.png 300w, https:\/\/regatyinfluencerow.roza.pl\/wp-content\/uploads\/2016\/04\/4FUN_TV_logoRGB-1-197x146.png 197w, https:\/\/regatyinfluencerow.roza.pl\/wp-content\/uploads\/2016\/04\/4FUN_TV_logoRGB-1-50x37.png 50w, https:\/\/regatyinfluencerow.roza.pl\/wp-content\/uploads\/2016\/04\/4FUN_TV_logoRGB-1-101x75.png 101w, https:\/\/regatyinfluencerow.roza.pl\/wp-content\/uploads\/2016\/04\/4FUN_TV_logoRGB-1.png 757w\" sizes=\"auto, (max-width: 297px) 100vw, 297px\" \/><\/p>\n<p>&nbsp;<\/p>\n<p>&nbsp;<\/p>\n<p><img loading=\"lazy\" decoding=\"async\" class=\" wp-image-170 aligncenter\" src=\"https:\/\/regatyyoutuberow.roza.pl\/wp-content\/uploads\/2016\/04\/logotyp_poziomy-1-1024x410-300x120.jpg\" alt=\"\" width=\"551\" height=\"220\" srcset=\"https:\/\/regatyinfluencerow.roza.pl\/wp-content\/uploads\/2016\/04\/logotyp_poziomy-1-1024x410-300x120.jpg 300w, https:\/\/regatyinfluencerow.roza.pl\/wp-content\/uploads\/2016\/04\/logotyp_poziomy-1-1024x410-768x308.jpg 768w, https:\/\/regatyinfluencerow.roza.pl\/wp-content\/uploads\/2016\/04\/logotyp_poziomy-1-1024x410.jpg 1024w, https:\/\/regatyinfluencerow.roza.pl\/wp-content\/uploads\/2016\/04\/logotyp_poziomy-1-1024x410-260x104.jpg 260w, https:\/\/regatyinfluencerow.roza.pl\/wp-content\/uploads\/2016\/04\/logotyp_poziomy-1-1024x410-50x20.jpg 50w, https:\/\/regatyinfluencerow.roza.pl\/wp-content\/uploads\/2016\/04\/logotyp_poziomy-1-1024x410-150x60.jpg 150w\" sizes=\"auto, (max-width: 551px) 100vw, 551px\" \/><\/p>\n<p>&nbsp;<\/p>\n<p>&nbsp;<\/p>\n<p style=\"text-align: center;\"><img loading=\"lazy\" decoding=\"async\" class=\"alignnone wp-image-1840\" src=\"https:\/\/regatyyoutuberow.roza.pl\/wp-content\/uploads\/2018\/05\/Zagle_blue-300x113.jpg\" alt=\"\" width=\"584\" height=\"220\" srcset=\"https:\/\/regatyinfluencerow.roza.pl\/wp-content\/uploads\/2018\/05\/Zagle_blue-300x113.jpg 300w, https:\/\/regatyinfluencerow.roza.pl\/wp-content\/uploads\/2018\/05\/Zagle_blue-768x288.jpg 768w, https:\/\/regatyinfluencerow.roza.pl\/wp-content\/uploads\/2018\/05\/Zagle_blue-1024x384.jpg 1024w, https:\/\/regatyinfluencerow.roza.pl\/wp-content\/uploads\/2018\/05\/Zagle_blue-260x98.jpg 260w, https:\/\/regatyinfluencerow.roza.pl\/wp-content\/uploads\/2018\/05\/Zagle_blue-50x19.jpg 50w, https:\/\/regatyinfluencerow.roza.pl\/wp-content\/uploads\/2018\/05\/Zagle_blue-150x56.jpg 150w\" sizes=\"auto, (max-width: 584px) 100vw, 584px\" \/><\/p>\n<p>&nbsp;<\/p>\n<p>&nbsp;<\/p>\n<p><img loading=\"lazy\" decoding=\"async\" class=\" wp-image-172 aligncenter\" src=\"https:\/\/regatyyoutuberow.roza.pl\/wp-content\/uploads\/2016\/04\/apynews-1-300x131.jpg\" alt=\"\" width=\"490\" height=\"214\" srcset=\"https:\/\/regatyinfluencerow.roza.pl\/wp-content\/uploads\/2016\/04\/apynews-1-300x131.jpg 300w, https:\/\/regatyinfluencerow.roza.pl\/wp-content\/uploads\/2016\/04\/apynews-1-768x336.jpg 768w, https:\/\/regatyinfluencerow.roza.pl\/wp-content\/uploads\/2016\/04\/apynews-1-260x114.jpg 260w, https:\/\/regatyinfluencerow.roza.pl\/wp-content\/uploads\/2016\/04\/apynews-1-50x22.jpg 50w, https:\/\/regatyinfluencerow.roza.pl\/wp-content\/uploads\/2016\/04\/apynews-1-150x66.jpg 150w, https:\/\/regatyinfluencerow.roza.pl\/wp-content\/uploads\/2016\/04\/apynews-1.jpg 769w\" sizes=\"auto, (max-width: 490px) 100vw, 490px\" \/><\/p>\n","protected":false},"excerpt":{"rendered":"<p>Partnerzy V edycji \u017beglarskich Mistrzostw Polski YouTuber\u00f3w &nbsp; Sponsor g\u0142\u00f3wny: &nbsp; Partnerzy: &nbsp; &nbsp;> &nbsp; &nbsp; &nbsp; &nbsp; &nbsp; Patroni medialni: &nbsp; \u00a0 &nbsp; &nbsp; &nbsp;<span class=\"excerpt-hellip\"> [\u2026]<\/span><\/p>\n","protected":false},"author":9,"featured_media":0,"parent":0,"menu_order":0,"comment_status":"open","ping_status":"closed","template":"","meta":{"_acf_changed":false,"footnotes":""},"class_list":["post-2090","page","type-page","status-publish","hentry"],"acf":[],"yoast_head":"<!-- This site is optimized with the Yoast SEO plugin v27.5 - https:\/\/yoast.com\/product\/yoast-seo-wordpress\/ -->\n<title>Partnerzy 2019 - Regaty Influencer\u00f3w<\/title>\n<meta name=\"robots\" content=\"index, follow, max-snippet:-1, max-image-preview:large, max-video-preview:-1\" \/>\n<link rel=\"canonical\" href=\"https:\/\/regatyinfluencerow.roza.pl\/index.php\/partnerzy19\/\" \/>\n<meta property=\"og:locale\" content=\"pl_PL\" \/>\n<meta property=\"og:type\" content=\"article\" \/>\n<meta property=\"og:title\" content=\"Partnerzy 2019 - Regaty Influencer\u00f3w\" \/>\n<meta property=\"og:description\" content=\"Partnerzy V edycji \u017beglarskich Mistrzostw Polski YouTuber\u00f3w &nbsp; Sponsor g\u0142\u00f3wny: &nbsp; Partnerzy: &nbsp; &nbsp;&gt; &nbsp; &nbsp; &nbsp; &nbsp; &nbsp; Patroni medialni: &nbsp; \u00a0 &nbsp; &nbsp; &nbsp; [\u2026]\" \/>\n<meta property=\"og:url\" content=\"https:\/\/regatyinfluencerow.roza.pl\/index.php\/partnerzy19\/\" \/>\n<meta property=\"og:site_name\" content=\"Regaty Influencer\u00f3w\" \/>\n<meta property=\"article:modified_time\" content=\"2019-05-25T14:23:32+00:00\" \/>\n<meta property=\"og:image\" content=\"https:\/\/regatyyoutuberow.roza.pl\/wp-content\/uploads\/2019\/05\/logo_regular_100x15-300x47.jpg\" \/>\n<meta name=\"twitter:card\" content=\"summary_large_image\" \/>\n<script type=\"application\/ld+json\" class=\"yoast-schema-graph\">{\"@context\":\"https:\\\/\\\/schema.org\",\"@graph\":[{\"@type\":\"WebPage\",\"@id\":\"https:\\\/\\\/regatyinfluencerow.roza.pl\\\/index.php\\\/partnerzy19\\\/\",\"url\":\"https:\\\/\\\/regatyinfluencerow.roza.pl\\\/index.php\\\/partnerzy19\\\/\",\"name\":\"Partnerzy 2019 - Regaty Influencer\u00f3w\",\"isPartOf\":{\"@id\":\"https:\\\/\\\/regatyinfluencerow.roza.pl\\\/#website\"},\"primaryImageOfPage\":{\"@id\":\"https:\\\/\\\/regatyinfluencerow.roza.pl\\\/index.php\\\/partnerzy19\\\/#primaryimage\"},\"image\":{\"@id\":\"https:\\\/\\\/regatyinfluencerow.roza.pl\\\/index.php\\\/partnerzy19\\\/#primaryimage\"},\"thumbnailUrl\":\"https:\\\/\\\/regatyyoutuberow.roza.pl\\\/wp-content\\\/uploads\\\/2019\\\/05\\\/logo_regular_100x15-300x47.jpg\",\"datePublished\":\"2019-04-03T12:28:22+00:00\",\"dateModified\":\"2019-05-25T14:23:32+00:00\",\"breadcrumb\":{\"@id\":\"https:\\\/\\\/regatyinfluencerow.roza.pl\\\/index.php\\\/partnerzy19\\\/#breadcrumb\"},\"inLanguage\":\"pl-PL\",\"potentialAction\":[{\"@type\":\"ReadAction\",\"target\":[\"https:\\\/\\\/regatyinfluencerow.roza.pl\\\/index.php\\\/partnerzy19\\\/\"]}]},{\"@type\":\"ImageObject\",\"inLanguage\":\"pl-PL\",\"@id\":\"https:\\\/\\\/regatyinfluencerow.roza.pl\\\/index.php\\\/partnerzy19\\\/#primaryimage\",\"url\":\"https:\\\/\\\/regatyyoutuberow.roza.pl\\\/wp-content\\\/uploads\\\/2019\\\/05\\\/logo_regular_100x15-300x47.jpg\",\"contentUrl\":\"https:\\\/\\\/regatyyoutuberow.roza.pl\\\/wp-content\\\/uploads\\\/2019\\\/05\\\/logo_regular_100x15-300x47.jpg\"},{\"@type\":\"BreadcrumbList\",\"@id\":\"https:\\\/\\\/regatyinfluencerow.roza.pl\\\/index.php\\\/partnerzy19\\\/#breadcrumb\",\"itemListElement\":[{\"@type\":\"ListItem\",\"position\":1,\"name\":\"Strona g\u0142\u00f3wna\",\"item\":\"https:\\\/\\\/regatyinfluencerow.roza.pl\\\/\"},{\"@type\":\"ListItem\",\"position\":2,\"name\":\"Partnerzy 2019\"}]},{\"@type\":\"WebSite\",\"@id\":\"https:\\\/\\\/regatyinfluencerow.roza.pl\\\/#website\",\"url\":\"https:\\\/\\\/regatyinfluencerow.roza.pl\\\/\",\"name\":\"Regaty Influencer\u00f3w\",\"description\":\"o puchar R\u00f3\u017cy Wiatr\u00f3w\",\"publisher\":{\"@id\":\"https:\\\/\\\/regatyinfluencerow.roza.pl\\\/#organization\"},\"potentialAction\":[{\"@type\":\"SearchAction\",\"target\":{\"@type\":\"EntryPoint\",\"urlTemplate\":\"https:\\\/\\\/regatyinfluencerow.roza.pl\\\/?s={search_term_string}\"},\"query-input\":{\"@type\":\"PropertyValueSpecification\",\"valueRequired\":true,\"valueName\":\"search_term_string\"}}],\"inLanguage\":\"pl-PL\"},{\"@type\":\"Organization\",\"@id\":\"https:\\\/\\\/regatyinfluencerow.roza.pl\\\/#organization\",\"name\":\"Regaty Influencer\u00f3w\",\"url\":\"https:\\\/\\\/regatyinfluencerow.roza.pl\\\/\",\"logo\":{\"@type\":\"ImageObject\",\"inLanguage\":\"pl-PL\",\"@id\":\"https:\\\/\\\/regatyinfluencerow.roza.pl\\\/#\\\/schema\\\/logo\\\/image\\\/\",\"url\":\"https:\\\/\\\/regatyinfluencerow.roza.pl\\\/wp-content\\\/uploads\\\/2016\\\/04\\\/logoyotubesail-1024x934.png\",\"contentUrl\":\"https:\\\/\\\/regatyinfluencerow.roza.pl\\\/wp-content\\\/uploads\\\/2016\\\/04\\\/logoyotubesail-1024x934.png\",\"width\":1024,\"height\":934,\"caption\":\"Regaty Influencer\u00f3w\"},\"image\":{\"@id\":\"https:\\\/\\\/regatyinfluencerow.roza.pl\\\/#\\\/schema\\\/logo\\\/image\\\/\"}}]}<\/script>\n<!-- \/ Yoast SEO plugin. -->","yoast_head_json":{"title":"Partnerzy 2019 - Regaty Influencer\u00f3w","robots":{"index":"index","follow":"follow","max-snippet":"max-snippet:-1","max-image-preview":"max-image-preview:large","max-video-preview":"max-video-preview:-1"},"canonical":"https:\/\/regatyinfluencerow.roza.pl\/index.php\/partnerzy19\/","og_locale":"pl_PL","og_type":"article","og_title":"Partnerzy 2019 - Regaty Influencer\u00f3w","og_description":"Partnerzy V edycji \u017beglarskich Mistrzostw Polski YouTuber\u00f3w &nbsp; Sponsor g\u0142\u00f3wny: &nbsp; Partnerzy: &nbsp; &nbsp;> &nbsp; &nbsp; &nbsp; &nbsp; &nbsp; Patroni medialni: &nbsp; \u00a0 &nbsp; &nbsp; &nbsp; [\u2026]","og_url":"https:\/\/regatyinfluencerow.roza.pl\/index.php\/partnerzy19\/","og_site_name":"Regaty Influencer\u00f3w","article_modified_time":"2019-05-25T14:23:32+00:00","og_image":[{"url":"https:\/\/regatyyoutuberow.roza.pl\/wp-content\/uploads\/2019\/05\/logo_regular_100x15-300x47.jpg","type":"","width":"","height":""}],"twitter_card":"summary_large_image","schema":{"@context":"https:\/\/schema.org","@graph":[{"@type":"WebPage","@id":"https:\/\/regatyinfluencerow.roza.pl\/index.php\/partnerzy19\/","url":"https:\/\/regatyinfluencerow.roza.pl\/index.php\/partnerzy19\/","name":"Partnerzy 2019 - Regaty Influencer\u00f3w","isPartOf":{"@id":"https:\/\/regatyinfluencerow.roza.pl\/#website"},"primaryImageOfPage":{"@id":"https:\/\/regatyinfluencerow.roza.pl\/index.php\/partnerzy19\/#primaryimage"},"image":{"@id":"https:\/\/regatyinfluencerow.roza.pl\/index.php\/partnerzy19\/#primaryimage"},"thumbnailUrl":"https:\/\/regatyyoutuberow.roza.pl\/wp-content\/uploads\/2019\/05\/logo_regular_100x15-300x47.jpg","datePublished":"2019-04-03T12:28:22+00:00","dateModified":"2019-05-25T14:23:32+00:00","breadcrumb":{"@id":"https:\/\/regatyinfluencerow.roza.pl\/index.php\/partnerzy19\/#breadcrumb"},"inLanguage":"pl-PL","potentialAction":[{"@type":"ReadAction","target":["https:\/\/regatyinfluencerow.roza.pl\/index.php\/partnerzy19\/"]}]},{"@type":"ImageObject","inLanguage":"pl-PL","@id":"https:\/\/regatyinfluencerow.roza.pl\/index.php\/partnerzy19\/#primaryimage","url":"https:\/\/regatyyoutuberow.roza.pl\/wp-content\/uploads\/2019\/05\/logo_regular_100x15-300x47.jpg","contentUrl":"https:\/\/regatyyoutuberow.roza.pl\/wp-content\/uploads\/2019\/05\/logo_regular_100x15-300x47.jpg"},{"@type":"BreadcrumbList","@id":"https:\/\/regatyinfluencerow.roza.pl\/index.php\/partnerzy19\/#breadcrumb","itemListElement":[{"@type":"ListItem","position":1,"name":"Strona g\u0142\u00f3wna","item":"https:\/\/regatyinfluencerow.roza.pl\/"},{"@type":"ListItem","position":2,"name":"Partnerzy 2019"}]},{"@type":"WebSite","@id":"https:\/\/regatyinfluencerow.roza.pl\/#website","url":"https:\/\/regatyinfluencerow.roza.pl\/","name":"Regaty Influencer\u00f3w","description":"o puchar R\u00f3\u017cy Wiatr\u00f3w","publisher":{"@id":"https:\/\/regatyinfluencerow.roza.pl\/#organization"},"potentialAction":[{"@type":"SearchAction","target":{"@type":"EntryPoint","urlTemplate":"https:\/\/regatyinfluencerow.roza.pl\/?s={search_term_string}"},"query-input":{"@type":"PropertyValueSpecification","valueRequired":true,"valueName":"search_term_string"}}],"inLanguage":"pl-PL"},{"@type":"Organization","@id":"https:\/\/regatyinfluencerow.roza.pl\/#organization","name":"Regaty Influencer\u00f3w","url":"https:\/\/regatyinfluencerow.roza.pl\/","logo":{"@type":"ImageObject","inLanguage":"pl-PL","@id":"https:\/\/regatyinfluencerow.roza.pl\/#\/schema\/logo\/image\/","url":"https:\/\/regatyinfluencerow.roza.pl\/wp-content\/uploads\/2016\/04\/logoyotubesail-1024x934.png","contentUrl":"https:\/\/regatyinfluencerow.roza.pl\/wp-content\/uploads\/2016\/04\/logoyotubesail-1024x934.png","width":1024,"height":934,"caption":"Regaty Influencer\u00f3w"},"image":{"@id":"https:\/\/regatyinfluencerow.roza.pl\/#\/schema\/logo\/image\/"}}]}},"_links":{"self":[{"href":"https:\/\/regatyinfluencerow.roza.pl\/index.php\/wp-json\/wp\/v2\/pages\/2090","targetHints":{"allow":["GET"]}}],"collection":[{"href":"https:\/\/regatyinfluencerow.roza.pl\/index.php\/wp-json\/wp\/v2\/pages"}],"about":[{"href":"https:\/\/regatyinfluencerow.roza.pl\/index.php\/wp-json\/wp\/v2\/types\/page"}],"author":[{"embeddable":true,"href":"https:\/\/regatyinfluencerow.roza.pl\/index.php\/wp-json\/wp\/v2\/users\/9"}],"replies":[{"embeddable":true,"href":"https:\/\/regatyinfluencerow.roza.pl\/index.php\/wp-json\/wp\/v2\/comments?post=2090"}],"version-history":[{"count":19,"href":"https:\/\/regatyinfluencerow.roza.pl\/index.php\/wp-json\/wp\/v2\/pages\/2090\/revisions"}],"predecessor-version":[{"id":2384,"href":"https:\/\/regatyinfluencerow.roza.pl\/index.php\/wp-json\/wp\/v2\/pages\/2090\/revisions\/2384"}],"wp:attachment":[{"href":"https:\/\/regatyinfluencerow.roza.pl\/index.php\/wp-json\/wp\/v2\/media?parent=2090"}],"curies":[{"name":"wp","href":"https:\/\/api.w.org\/{rel}","templated":true}]}}