{"id":1838,"date":"2018-05-14T18:22:19","date_gmt":"2018-05-14T16:22:19","guid":{"rendered":"http:\/\/regatyyoutuberow.roza.pl\/?page_id=1838"},"modified":"2020-02-21T12:54:22","modified_gmt":"2020-02-21T11:54:22","slug":"partnerzy18","status":"publish","type":"page","link":"https:\/\/regatyinfluencerow.roza.pl\/index.php\/partnerzy18\/","title":{"rendered":"Partnerzy 2018"},"content":{"rendered":"<h1 style=\"text-align: center;\"><span style=\"color: #000000;\">Partnerzy IV edycji \u017beglarskich Mistrzostw Polski YouTuber\u00f3w<\/span><\/h1>\n<p>&nbsp;<\/p>\n<h2 style=\"text-align: center;\"><b>Sponsorzy:<\/b><\/h2>\n<p><img loading=\"lazy\" decoding=\"async\" class=\"aligncenter wp-image-1853 size-large\" src=\"https:\/\/regatyyoutuberow.roza.pl\/wp-content\/uploads\/2018\/05\/GoPro_Logo_4C_RGB-1024x663.jpg\" alt=\"\" width=\"1024\" height=\"663\" srcset=\"https:\/\/regatyinfluencerow.roza.pl\/wp-content\/uploads\/2018\/05\/GoPro_Logo_4C_RGB-1024x663.jpg 1024w, https:\/\/regatyinfluencerow.roza.pl\/wp-content\/uploads\/2018\/05\/GoPro_Logo_4C_RGB-300x194.jpg 300w, https:\/\/regatyinfluencerow.roza.pl\/wp-content\/uploads\/2018\/05\/GoPro_Logo_4C_RGB-768x497.jpg 768w, https:\/\/regatyinfluencerow.roza.pl\/wp-content\/uploads\/2018\/05\/GoPro_Logo_4C_RGB-226x146.jpg 226w, https:\/\/regatyinfluencerow.roza.pl\/wp-content\/uploads\/2018\/05\/GoPro_Logo_4C_RGB-50x32.jpg 50w, https:\/\/regatyinfluencerow.roza.pl\/wp-content\/uploads\/2018\/05\/GoPro_Logo_4C_RGB-116x75.jpg 116w, https:\/\/regatyinfluencerow.roza.pl\/wp-content\/uploads\/2018\/05\/GoPro_Logo_4C_RGB.jpg 1276w\" sizes=\"auto, (max-width: 1024px) 100vw, 1024px\" \/><\/p>\n<hr \/>\n<p>&nbsp;<\/p>\n<p>&nbsp;<\/p>\n<p><a href=\"https:\/\/www.porta.com.pl\"><img loading=\"lazy\" decoding=\"async\" class=\"aligncenter wp-image-1854 \" src=\"https:\/\/regatyyoutuberow.roza.pl\/wp-content\/uploads\/2018\/05\/PORTA_znak-pdst-1-1024x429.jpg\" alt=\"\" width=\"763\" height=\"319\" srcset=\"https:\/\/regatyinfluencerow.roza.pl\/wp-content\/uploads\/2018\/05\/PORTA_znak-pdst-1-1024x429.jpg 1024w, https:\/\/regatyinfluencerow.roza.pl\/wp-content\/uploads\/2018\/05\/PORTA_znak-pdst-1-300x126.jpg 300w, https:\/\/regatyinfluencerow.roza.pl\/wp-content\/uploads\/2018\/05\/PORTA_znak-pdst-1-768x322.jpg 768w, https:\/\/regatyinfluencerow.roza.pl\/wp-content\/uploads\/2018\/05\/PORTA_znak-pdst-1-260x109.jpg 260w, https:\/\/regatyinfluencerow.roza.pl\/wp-content\/uploads\/2018\/05\/PORTA_znak-pdst-1-50x21.jpg 50w, https:\/\/regatyinfluencerow.roza.pl\/wp-content\/uploads\/2018\/05\/PORTA_znak-pdst-1-150x63.jpg 150w\" sizes=\"auto, (max-width: 763px) 100vw, 763px\" \/><\/a><\/p>\n<p>&nbsp;<\/p>\n<p>&nbsp;<\/p>\n<p>&nbsp;<\/p>\n<hr \/>\n<h2 style=\"text-align: center;\"><b>Partnerzy:<\/b><\/h2>\n<p>&nbsp;<\/p>\n<p><a href=\"https:\/\/cupsell.pl\"><img loading=\"lazy\" decoding=\"async\" class=\"aligncenter wp-image-1841\" src=\"https:\/\/regatyyoutuberow.roza.pl\/wp-content\/uploads\/2018\/05\/logo-cupsell-1024x270.png\" alt=\"\" width=\"512\" height=\"135\" srcset=\"https:\/\/regatyinfluencerow.roza.pl\/wp-content\/uploads\/2018\/05\/logo-cupsell-1024x270.png 1024w, https:\/\/regatyinfluencerow.roza.pl\/wp-content\/uploads\/2018\/05\/logo-cupsell-300x79.png 300w, https:\/\/regatyinfluencerow.roza.pl\/wp-content\/uploads\/2018\/05\/logo-cupsell-768x202.png 768w, https:\/\/regatyinfluencerow.roza.pl\/wp-content\/uploads\/2018\/05\/logo-cupsell-260x68.png 260w, https:\/\/regatyinfluencerow.roza.pl\/wp-content\/uploads\/2018\/05\/logo-cupsell-50x13.png 50w, https:\/\/regatyinfluencerow.roza.pl\/wp-content\/uploads\/2018\/05\/logo-cupsell-150x39.png 150w, https:\/\/regatyinfluencerow.roza.pl\/wp-content\/uploads\/2018\/05\/logo-cupsell.png 1656w\" sizes=\"auto, (max-width: 512px) 100vw, 512px\" \/><\/a><\/p>\n<hr \/>\n<p><a href=\"https:\/\/www.redbull.com\/pl-pl\/\"><img loading=\"lazy\" decoding=\"async\" class=\"aligncenter wp-image-1846 \" src=\"https:\/\/regatyyoutuberow.roza.pl\/wp-content\/uploads\/2018\/05\/Puszki-dwie-203x300.jpg\" alt=\"\" width=\"271\" height=\"400\" srcset=\"https:\/\/regatyinfluencerow.roza.pl\/wp-content\/uploads\/2018\/05\/Puszki-dwie-203x300.jpg 203w, https:\/\/regatyinfluencerow.roza.pl\/wp-content\/uploads\/2018\/05\/Puszki-dwie-768x1134.jpg 768w, https:\/\/regatyinfluencerow.roza.pl\/wp-content\/uploads\/2018\/05\/Puszki-dwie-693x1024.jpg 693w, https:\/\/regatyinfluencerow.roza.pl\/wp-content\/uploads\/2018\/05\/Puszki-dwie-99x146.jpg 99w, https:\/\/regatyinfluencerow.roza.pl\/wp-content\/uploads\/2018\/05\/Puszki-dwie-34x50.jpg 34w, https:\/\/regatyinfluencerow.roza.pl\/wp-content\/uploads\/2018\/05\/Puszki-dwie-51x75.jpg 51w, https:\/\/regatyinfluencerow.roza.pl\/wp-content\/uploads\/2018\/05\/Puszki-dwie.jpg 1249w\" sizes=\"auto, (max-width: 271px) 100vw, 271px\" \/><\/a><\/p>\n<p>&nbsp;<\/p>\n<hr \/>\n<p><a href=\"http:\/\/www.granna.pl\"><img loading=\"lazy\" decoding=\"async\" class=\"aligncenter wp-image-1320\" src=\"https:\/\/regatyyoutuberow.roza.pl\/wp-content\/uploads\/2017\/04\/logo.jpg\" alt=\"\" width=\"510\" height=\"316\" srcset=\"https:\/\/regatyinfluencerow.roza.pl\/wp-content\/uploads\/2017\/04\/logo.jpg 590w, https:\/\/regatyinfluencerow.roza.pl\/wp-content\/uploads\/2017\/04\/logo-300x186.jpg 300w, https:\/\/regatyinfluencerow.roza.pl\/wp-content\/uploads\/2017\/04\/logo-235x146.jpg 235w, https:\/\/regatyinfluencerow.roza.pl\/wp-content\/uploads\/2017\/04\/logo-50x31.jpg 50w, https:\/\/regatyinfluencerow.roza.pl\/wp-content\/uploads\/2017\/04\/logo-121x75.jpg 121w\" sizes=\"auto, (max-width: 510px) 100vw, 510px\" \/><\/a><\/p>\n<p>&nbsp;<\/p>\n<h2 style=\"text-align: center;\"><\/h2>\n<hr \/>\n<h2 style=\"text-align: center;\"><b>Patroni medialni:<\/b><\/h2>\n<p>&nbsp;<\/p>\n<p>&nbsp;<\/p>\n<p style=\"text-align: center;\"><a href=\"http:\/\/4fun.tv\/\" target=\"_blank\" rel=\"noopener noreferrer\"><img loading=\"lazy\" decoding=\"async\" class=\" wp-image-169 aligncenter\" src=\"https:\/\/regatyyoutuberow.roza.pl\/wp-content\/uploads\/2016\/04\/4FUN_TV_logoRGB-1.png\" alt=\"4FUN_TV_logoRGB-1\" width=\"343\" height=\"254\" srcset=\"https:\/\/regatyinfluencerow.roza.pl\/wp-content\/uploads\/2016\/04\/4FUN_TV_logoRGB-1.png 757w, https:\/\/regatyinfluencerow.roza.pl\/wp-content\/uploads\/2016\/04\/4FUN_TV_logoRGB-1-300x222.png 300w, https:\/\/regatyinfluencerow.roza.pl\/wp-content\/uploads\/2016\/04\/4FUN_TV_logoRGB-1-197x146.png 197w, https:\/\/regatyinfluencerow.roza.pl\/wp-content\/uploads\/2016\/04\/4FUN_TV_logoRGB-1-50x37.png 50w, https:\/\/regatyinfluencerow.roza.pl\/wp-content\/uploads\/2016\/04\/4FUN_TV_logoRGB-1-101x75.png 101w\" sizes=\"auto, (max-width: 343px) 100vw, 343px\" \/><\/a><\/p>\n<p>&nbsp;<\/p>\n<p>&nbsp;<\/p>\n<hr \/>\n<p>&nbsp;<\/p>\n<p>&nbsp;<\/p>\n<p>&nbsp;<\/p>\n<p style=\"text-align: center;\"><a href=\"http:\/\/www.polskieradio.pl\/10,Czworka\" target=\"_blank\" rel=\"noopener noreferrer\"><img loading=\"lazy\" decoding=\"async\" class=\" wp-image-170 aligncenter\" src=\"https:\/\/regatyyoutuberow.roza.pl\/wp-content\/uploads\/2016\/04\/logotyp_poziomy-1-1024x410-1024x410.jpg\" alt=\"logotyp_poziomy-1-1024x410\" width=\"536\" height=\"215\" srcset=\"https:\/\/regatyinfluencerow.roza.pl\/wp-content\/uploads\/2016\/04\/logotyp_poziomy-1-1024x410.jpg 1024w, https:\/\/regatyinfluencerow.roza.pl\/wp-content\/uploads\/2016\/04\/logotyp_poziomy-1-1024x410-300x120.jpg 300w, https:\/\/regatyinfluencerow.roza.pl\/wp-content\/uploads\/2016\/04\/logotyp_poziomy-1-1024x410-768x308.jpg 768w, https:\/\/regatyinfluencerow.roza.pl\/wp-content\/uploads\/2016\/04\/logotyp_poziomy-1-1024x410-260x104.jpg 260w, https:\/\/regatyinfluencerow.roza.pl\/wp-content\/uploads\/2016\/04\/logotyp_poziomy-1-1024x410-50x20.jpg 50w, https:\/\/regatyinfluencerow.roza.pl\/wp-content\/uploads\/2016\/04\/logotyp_poziomy-1-1024x410-150x60.jpg 150w\" sizes=\"auto, (max-width: 536px) 100vw, 536px\" \/><\/a><\/p>\n<p>&nbsp;<\/p>\n<p>&nbsp;<\/p>\n<p>&nbsp;<\/p>\n<p>&nbsp;<\/p>\n<hr \/>\n<p>&nbsp;<\/p>\n<p>&nbsp;<\/p>\n<p>&nbsp;<\/p>\n<p><a href=\"https:\/\/zagle.se.pl\"><img loading=\"lazy\" decoding=\"async\" class=\"aligncenter wp-image-1840 \" src=\"https:\/\/regatyyoutuberow.roza.pl\/wp-content\/uploads\/2018\/05\/Zagle_blue-1024x384.jpg\" alt=\"\" width=\"566\" height=\"212\" srcset=\"https:\/\/regatyinfluencerow.roza.pl\/wp-content\/uploads\/2018\/05\/Zagle_blue-1024x384.jpg 1024w, https:\/\/regatyinfluencerow.roza.pl\/wp-content\/uploads\/2018\/05\/Zagle_blue-300x113.jpg 300w, https:\/\/regatyinfluencerow.roza.pl\/wp-content\/uploads\/2018\/05\/Zagle_blue-768x288.jpg 768w, https:\/\/regatyinfluencerow.roza.pl\/wp-content\/uploads\/2018\/05\/Zagle_blue-260x98.jpg 260w, https:\/\/regatyinfluencerow.roza.pl\/wp-content\/uploads\/2018\/05\/Zagle_blue-50x19.jpg 50w, https:\/\/regatyinfluencerow.roza.pl\/wp-content\/uploads\/2018\/05\/Zagle_blue-150x56.jpg 150w\" sizes=\"auto, (max-width: 566px) 100vw, 566px\" \/><\/a><\/p>\n<p>&nbsp;<\/p>\n<p>&nbsp;<\/p>\n<p>&nbsp;<\/p>\n<hr \/>\n<p>&nbsp;<\/p>\n<p>&nbsp;<\/p>\n<p>&nbsp;<\/p>\n<p style=\"text-align: center;\"><a href=\"http:\/\/apynews.pl\"><img loading=\"lazy\" decoding=\"async\" class=\"aligncenter wp-image-1345\" src=\"https:\/\/regatyyoutuberow.roza.pl\/wp-content\/uploads\/2017\/04\/logoapy.png\" alt=\"\" width=\"546\" height=\"124\" srcset=\"https:\/\/regatyinfluencerow.roza.pl\/wp-content\/uploads\/2017\/04\/logoapy.png 1266w, https:\/\/regatyinfluencerow.roza.pl\/wp-content\/uploads\/2017\/04\/logoapy-300x68.png 300w, https:\/\/regatyinfluencerow.roza.pl\/wp-content\/uploads\/2017\/04\/logoapy-768x174.png 768w, https:\/\/regatyinfluencerow.roza.pl\/wp-content\/uploads\/2017\/04\/logoapy-1024x232.png 1024w, https:\/\/regatyinfluencerow.roza.pl\/wp-content\/uploads\/2017\/04\/logoapy-260x59.png 260w, https:\/\/regatyinfluencerow.roza.pl\/wp-content\/uploads\/2017\/04\/logoapy-50x11.png 50w, https:\/\/regatyinfluencerow.roza.pl\/wp-content\/uploads\/2017\/04\/logoapy-150x34.png 150w\" sizes=\"auto, (max-width: 546px) 100vw, 546px\" \/><\/a><\/p>\n<p>&nbsp;<\/p>\n<p>&nbsp;<\/p>\n<p>&nbsp;<\/p>\n<hr \/>\n<p>&nbsp;<\/p>\n<p>&nbsp;<\/p>\n<p>&nbsp;<\/p>\n<p><a href=\"https:\/\/yt360.pl\"><img loading=\"lazy\" decoding=\"async\" class=\"aligncenter wp-image-1857 size-full\" src=\"https:\/\/regatyyoutuberow.roza.pl\/wp-content\/uploads\/2018\/05\/yt360-1.png\" alt=\"\" width=\"555\" height=\"191\" srcset=\"https:\/\/regatyinfluencerow.roza.pl\/wp-content\/uploads\/2018\/05\/yt360-1.png 555w, https:\/\/regatyinfluencerow.roza.pl\/wp-content\/uploads\/2018\/05\/yt360-1-300x103.png 300w, https:\/\/regatyinfluencerow.roza.pl\/wp-content\/uploads\/2018\/05\/yt360-1-260x89.png 260w, https:\/\/regatyinfluencerow.roza.pl\/wp-content\/uploads\/2018\/05\/yt360-1-50x17.png 50w, https:\/\/regatyinfluencerow.roza.pl\/wp-content\/uploads\/2018\/05\/yt360-1-150x52.png 150w\" sizes=\"auto, (max-width: 555px) 100vw, 555px\" \/><\/a><\/p>\n<p style=\"text-align: center;\">\n","protected":false},"excerpt":{"rendered":"<p>Partnerzy IV edycji \u017beglarskich Mistrzostw Polski YouTuber\u00f3w &nbsp; Sponsorzy: &nbsp; &nbsp; &nbsp; &nbsp; &nbsp; Partnerzy: &nbsp; &nbsp; &nbsp; Patroni medialni: &nbsp; &nbsp; &nbsp; &nbsp; &nbsp; &nbsp;<span class=\"excerpt-hellip\"> [\u2026]<\/span><\/p>\n","protected":false},"author":2,"featured_media":0,"parent":0,"menu_order":0,"comment_status":"open","ping_status":"closed","template":"","meta":{"_acf_changed":false,"footnotes":""},"class_list":["post-1838","page","type-page","status-publish","hentry"],"acf":[],"yoast_head":"<!-- This site is optimized with the Yoast SEO plugin v27.5 - https:\/\/yoast.com\/product\/yoast-seo-wordpress\/ -->\n<title>Partnerzy 2018 - Regaty Influencer\u00f3w<\/title>\n<meta name=\"robots\" content=\"index, follow, max-snippet:-1, max-image-preview:large, max-video-preview:-1\" \/>\n<link rel=\"canonical\" href=\"https:\/\/regatyinfluencerow.roza.pl\/index.php\/partnerzy18\/\" \/>\n<meta property=\"og:locale\" content=\"pl_PL\" \/>\n<meta property=\"og:type\" content=\"article\" \/>\n<meta property=\"og:title\" content=\"Partnerzy 2018 - Regaty Influencer\u00f3w\" \/>\n<meta property=\"og:description\" content=\"Partnerzy IV edycji \u017beglarskich Mistrzostw Polski YouTuber\u00f3w &nbsp; Sponsorzy: &nbsp; &nbsp; &nbsp; &nbsp; &nbsp; Partnerzy: &nbsp; &nbsp; &nbsp; Patroni medialni: &nbsp; &nbsp; &nbsp; &nbsp; &nbsp; &nbsp; [\u2026]\" \/>\n<meta property=\"og:url\" content=\"https:\/\/regatyinfluencerow.roza.pl\/index.php\/partnerzy18\/\" \/>\n<meta property=\"og:site_name\" content=\"Regaty Influencer\u00f3w\" \/>\n<meta property=\"article:modified_time\" content=\"2020-02-21T11:54:22+00:00\" \/>\n<meta property=\"og:image\" content=\"https:\/\/regatyyoutuberow.roza.pl\/wp-content\/uploads\/2018\/05\/GoPro_Logo_4C_RGB-1024x663.jpg\" \/>\n<meta name=\"twitter:card\" content=\"summary_large_image\" \/>\n<script type=\"application\/ld+json\" class=\"yoast-schema-graph\">{\"@context\":\"https:\\\/\\\/schema.org\",\"@graph\":[{\"@type\":\"WebPage\",\"@id\":\"https:\\\/\\\/regatyinfluencerow.roza.pl\\\/index.php\\\/partnerzy18\\\/\",\"url\":\"https:\\\/\\\/regatyinfluencerow.roza.pl\\\/index.php\\\/partnerzy18\\\/\",\"name\":\"Partnerzy 2018 - Regaty Influencer\u00f3w\",\"isPartOf\":{\"@id\":\"https:\\\/\\\/regatyinfluencerow.roza.pl\\\/#website\"},\"primaryImageOfPage\":{\"@id\":\"https:\\\/\\\/regatyinfluencerow.roza.pl\\\/index.php\\\/partnerzy18\\\/#primaryimage\"},\"image\":{\"@id\":\"https:\\\/\\\/regatyinfluencerow.roza.pl\\\/index.php\\\/partnerzy18\\\/#primaryimage\"},\"thumbnailUrl\":\"https:\\\/\\\/regatyyoutuberow.roza.pl\\\/wp-content\\\/uploads\\\/2018\\\/05\\\/GoPro_Logo_4C_RGB-1024x663.jpg\",\"datePublished\":\"2018-05-14T16:22:19+00:00\",\"dateModified\":\"2020-02-21T11:54:22+00:00\",\"breadcrumb\":{\"@id\":\"https:\\\/\\\/regatyinfluencerow.roza.pl\\\/index.php\\\/partnerzy18\\\/#breadcrumb\"},\"inLanguage\":\"pl-PL\",\"potentialAction\":[{\"@type\":\"ReadAction\",\"target\":[\"https:\\\/\\\/regatyinfluencerow.roza.pl\\\/index.php\\\/partnerzy18\\\/\"]}]},{\"@type\":\"ImageObject\",\"inLanguage\":\"pl-PL\",\"@id\":\"https:\\\/\\\/regatyinfluencerow.roza.pl\\\/index.php\\\/partnerzy18\\\/#primaryimage\",\"url\":\"https:\\\/\\\/regatyyoutuberow.roza.pl\\\/wp-content\\\/uploads\\\/2018\\\/05\\\/GoPro_Logo_4C_RGB-1024x663.jpg\",\"contentUrl\":\"https:\\\/\\\/regatyyoutuberow.roza.pl\\\/wp-content\\\/uploads\\\/2018\\\/05\\\/GoPro_Logo_4C_RGB-1024x663.jpg\"},{\"@type\":\"BreadcrumbList\",\"@id\":\"https:\\\/\\\/regatyinfluencerow.roza.pl\\\/index.php\\\/partnerzy18\\\/#breadcrumb\",\"itemListElement\":[{\"@type\":\"ListItem\",\"position\":1,\"name\":\"Strona g\u0142\u00f3wna\",\"item\":\"https:\\\/\\\/regatyinfluencerow.roza.pl\\\/\"},{\"@type\":\"ListItem\",\"position\":2,\"name\":\"Partnerzy 2018\"}]},{\"@type\":\"WebSite\",\"@id\":\"https:\\\/\\\/regatyinfluencerow.roza.pl\\\/#website\",\"url\":\"https:\\\/\\\/regatyinfluencerow.roza.pl\\\/\",\"name\":\"Regaty Influencer\u00f3w\",\"description\":\"o puchar R\u00f3\u017cy Wiatr\u00f3w\",\"publisher\":{\"@id\":\"https:\\\/\\\/regatyinfluencerow.roza.pl\\\/#organization\"},\"potentialAction\":[{\"@type\":\"SearchAction\",\"target\":{\"@type\":\"EntryPoint\",\"urlTemplate\":\"https:\\\/\\\/regatyinfluencerow.roza.pl\\\/?s={search_term_string}\"},\"query-input\":{\"@type\":\"PropertyValueSpecification\",\"valueRequired\":true,\"valueName\":\"search_term_string\"}}],\"inLanguage\":\"pl-PL\"},{\"@type\":\"Organization\",\"@id\":\"https:\\\/\\\/regatyinfluencerow.roza.pl\\\/#organization\",\"name\":\"Regaty Influencer\u00f3w\",\"url\":\"https:\\\/\\\/regatyinfluencerow.roza.pl\\\/\",\"logo\":{\"@type\":\"ImageObject\",\"inLanguage\":\"pl-PL\",\"@id\":\"https:\\\/\\\/regatyinfluencerow.roza.pl\\\/#\\\/schema\\\/logo\\\/image\\\/\",\"url\":\"https:\\\/\\\/regatyinfluencerow.roza.pl\\\/wp-content\\\/uploads\\\/2016\\\/04\\\/logoyotubesail-1024x934.png\",\"contentUrl\":\"https:\\\/\\\/regatyinfluencerow.roza.pl\\\/wp-content\\\/uploads\\\/2016\\\/04\\\/logoyotubesail-1024x934.png\",\"width\":1024,\"height\":934,\"caption\":\"Regaty Influencer\u00f3w\"},\"image\":{\"@id\":\"https:\\\/\\\/regatyinfluencerow.roza.pl\\\/#\\\/schema\\\/logo\\\/image\\\/\"}}]}<\/script>\n<!-- \/ Yoast SEO plugin. -->","yoast_head_json":{"title":"Partnerzy 2018 - Regaty Influencer\u00f3w","robots":{"index":"index","follow":"follow","max-snippet":"max-snippet:-1","max-image-preview":"max-image-preview:large","max-video-preview":"max-video-preview:-1"},"canonical":"https:\/\/regatyinfluencerow.roza.pl\/index.php\/partnerzy18\/","og_locale":"pl_PL","og_type":"article","og_title":"Partnerzy 2018 - Regaty Influencer\u00f3w","og_description":"Partnerzy IV edycji \u017beglarskich Mistrzostw Polski YouTuber\u00f3w &nbsp; Sponsorzy: &nbsp; &nbsp; &nbsp; &nbsp; &nbsp; Partnerzy: &nbsp; &nbsp; &nbsp; Patroni medialni: &nbsp; &nbsp; &nbsp; &nbsp; &nbsp; &nbsp; [\u2026]","og_url":"https:\/\/regatyinfluencerow.roza.pl\/index.php\/partnerzy18\/","og_site_name":"Regaty Influencer\u00f3w","article_modified_time":"2020-02-21T11:54:22+00:00","og_image":[{"url":"https:\/\/regatyyoutuberow.roza.pl\/wp-content\/uploads\/2018\/05\/GoPro_Logo_4C_RGB-1024x663.jpg","type":"","width":"","height":""}],"twitter_card":"summary_large_image","schema":{"@context":"https:\/\/schema.org","@graph":[{"@type":"WebPage","@id":"https:\/\/regatyinfluencerow.roza.pl\/index.php\/partnerzy18\/","url":"https:\/\/regatyinfluencerow.roza.pl\/index.php\/partnerzy18\/","name":"Partnerzy 2018 - Regaty Influencer\u00f3w","isPartOf":{"@id":"https:\/\/regatyinfluencerow.roza.pl\/#website"},"primaryImageOfPage":{"@id":"https:\/\/regatyinfluencerow.roza.pl\/index.php\/partnerzy18\/#primaryimage"},"image":{"@id":"https:\/\/regatyinfluencerow.roza.pl\/index.php\/partnerzy18\/#primaryimage"},"thumbnailUrl":"https:\/\/regatyyoutuberow.roza.pl\/wp-content\/uploads\/2018\/05\/GoPro_Logo_4C_RGB-1024x663.jpg","datePublished":"2018-05-14T16:22:19+00:00","dateModified":"2020-02-21T11:54:22+00:00","breadcrumb":{"@id":"https:\/\/regatyinfluencerow.roza.pl\/index.php\/partnerzy18\/#breadcrumb"},"inLanguage":"pl-PL","potentialAction":[{"@type":"ReadAction","target":["https:\/\/regatyinfluencerow.roza.pl\/index.php\/partnerzy18\/"]}]},{"@type":"ImageObject","inLanguage":"pl-PL","@id":"https:\/\/regatyinfluencerow.roza.pl\/index.php\/partnerzy18\/#primaryimage","url":"https:\/\/regatyyoutuberow.roza.pl\/wp-content\/uploads\/2018\/05\/GoPro_Logo_4C_RGB-1024x663.jpg","contentUrl":"https:\/\/regatyyoutuberow.roza.pl\/wp-content\/uploads\/2018\/05\/GoPro_Logo_4C_RGB-1024x663.jpg"},{"@type":"BreadcrumbList","@id":"https:\/\/regatyinfluencerow.roza.pl\/index.php\/partnerzy18\/#breadcrumb","itemListElement":[{"@type":"ListItem","position":1,"name":"Strona g\u0142\u00f3wna","item":"https:\/\/regatyinfluencerow.roza.pl\/"},{"@type":"ListItem","position":2,"name":"Partnerzy 2018"}]},{"@type":"WebSite","@id":"https:\/\/regatyinfluencerow.roza.pl\/#website","url":"https:\/\/regatyinfluencerow.roza.pl\/","name":"Regaty Influencer\u00f3w","description":"o puchar R\u00f3\u017cy Wiatr\u00f3w","publisher":{"@id":"https:\/\/regatyinfluencerow.roza.pl\/#organization"},"potentialAction":[{"@type":"SearchAction","target":{"@type":"EntryPoint","urlTemplate":"https:\/\/regatyinfluencerow.roza.pl\/?s={search_term_string}"},"query-input":{"@type":"PropertyValueSpecification","valueRequired":true,"valueName":"search_term_string"}}],"inLanguage":"pl-PL"},{"@type":"Organization","@id":"https:\/\/regatyinfluencerow.roza.pl\/#organization","name":"Regaty Influencer\u00f3w","url":"https:\/\/regatyinfluencerow.roza.pl\/","logo":{"@type":"ImageObject","inLanguage":"pl-PL","@id":"https:\/\/regatyinfluencerow.roza.pl\/#\/schema\/logo\/image\/","url":"https:\/\/regatyinfluencerow.roza.pl\/wp-content\/uploads\/2016\/04\/logoyotubesail-1024x934.png","contentUrl":"https:\/\/regatyinfluencerow.roza.pl\/wp-content\/uploads\/2016\/04\/logoyotubesail-1024x934.png","width":1024,"height":934,"caption":"Regaty Influencer\u00f3w"},"image":{"@id":"https:\/\/regatyinfluencerow.roza.pl\/#\/schema\/logo\/image\/"}}]}},"_links":{"self":[{"href":"https:\/\/regatyinfluencerow.roza.pl\/index.php\/wp-json\/wp\/v2\/pages\/1838","targetHints":{"allow":["GET"]}}],"collection":[{"href":"https:\/\/regatyinfluencerow.roza.pl\/index.php\/wp-json\/wp\/v2\/pages"}],"about":[{"href":"https:\/\/regatyinfluencerow.roza.pl\/index.php\/wp-json\/wp\/v2\/types\/page"}],"author":[{"embeddable":true,"href":"https:\/\/regatyinfluencerow.roza.pl\/index.php\/wp-json\/wp\/v2\/users\/2"}],"replies":[{"embeddable":true,"href":"https:\/\/regatyinfluencerow.roza.pl\/index.php\/wp-json\/wp\/v2\/comments?post=1838"}],"version-history":[{"count":13,"href":"https:\/\/regatyinfluencerow.roza.pl\/index.php\/wp-json\/wp\/v2\/pages\/1838\/revisions"}],"predecessor-version":[{"id":2089,"href":"https:\/\/regatyinfluencerow.roza.pl\/index.php\/wp-json\/wp\/v2\/pages\/1838\/revisions\/2089"}],"wp:attachment":[{"href":"https:\/\/regatyinfluencerow.roza.pl\/index.php\/wp-json\/wp\/v2\/media?parent=1838"}],"curies":[{"name":"wp","href":"https:\/\/api.w.org\/{rel}","templated":true}]}}