{"id":1318,"date":"2017-04-03T18:41:33","date_gmt":"2017-04-03T16:41:33","guid":{"rendered":"http:\/\/regatyyoutuberow.roza.pl\/?page_id=1318"},"modified":"2017-04-29T18:33:21","modified_gmt":"2017-04-29T16:33:21","slug":"partnerzy-3","status":"publish","type":"page","link":"https:\/\/regatyinfluencerow.roza.pl\/index.php\/partnerzy-3\/","title":{"rendered":"Partnerzy &#8217;17"},"content":{"rendered":"<h1 style=\"text-align: center;\"><span style=\"color: #000000;\">Partnerzy III edycji \u017beglarskich Mistrzostw Polski YouTuber\u00f3w:<\/span><\/h1>\n<hr \/>\n<h2 style=\"text-align: center;\"><b>Sponsor g\u0142\u00f3wny:<\/b><\/h2>\n<p><a href=\"https:\/\/www.perrier.com\/intl\/en\/products\/detail\/perrier\"><img loading=\"lazy\" decoding=\"async\" class=\"aligncenter wp-image-1383\" src=\"https:\/\/regatyyoutuberow.roza.pl\/wp-content\/uploads\/2017\/04\/perlogoupg4cbsr.png\" alt=\"\" width=\"933\" height=\"592\" srcset=\"https:\/\/regatyinfluencerow.roza.pl\/wp-content\/uploads\/2017\/04\/perlogoupg4cbsr.png 1975w, https:\/\/regatyinfluencerow.roza.pl\/wp-content\/uploads\/2017\/04\/perlogoupg4cbsr-300x190.png 300w, https:\/\/regatyinfluencerow.roza.pl\/wp-content\/uploads\/2017\/04\/perlogoupg4cbsr-768x487.png 768w, https:\/\/regatyinfluencerow.roza.pl\/wp-content\/uploads\/2017\/04\/perlogoupg4cbsr-1024x650.png 1024w, https:\/\/regatyinfluencerow.roza.pl\/wp-content\/uploads\/2017\/04\/perlogoupg4cbsr-230x146.png 230w, https:\/\/regatyinfluencerow.roza.pl\/wp-content\/uploads\/2017\/04\/perlogoupg4cbsr-50x32.png 50w, https:\/\/regatyinfluencerow.roza.pl\/wp-content\/uploads\/2017\/04\/perlogoupg4cbsr-118x75.png 118w\" sizes=\"auto, (max-width: 933px) 100vw, 933px\" \/><\/a><\/p>\n<hr \/>\n<h2 style=\"text-align: center;\"><b>Sponsorzy:<\/b><a href=\"https:\/\/www.kozminski.edu.pl\/pl\/\" target=\"_blank\" rel=\"noopener noreferrer\"><img loading=\"lazy\" decoding=\"async\" class=\" wp-image-168 aligncenter\" src=\"https:\/\/regatyyoutuberow.roza.pl\/wp-content\/uploads\/2016\/04\/logo-plaskie_z-polsk\u0105-nazw\u0105-1024x686-1024x686.png\" alt=\"logo-plaskie_z-polsk\u0105-nazw\u0105-1024x686\" width=\"887\" height=\"557\" \/><\/a><\/h2>\n<hr \/>\n<p><img loading=\"lazy\" decoding=\"async\" class=\"aligncenter size-full wp-image-1319\" src=\"https:\/\/regatyyoutuberow.roza.pl\/wp-content\/uploads\/2017\/04\/image_gallery.jpg\" alt=\"\" width=\"556\" height=\"212\" srcset=\"https:\/\/regatyinfluencerow.roza.pl\/wp-content\/uploads\/2017\/04\/image_gallery.jpg 556w, https:\/\/regatyinfluencerow.roza.pl\/wp-content\/uploads\/2017\/04\/image_gallery-300x114.jpg 300w, https:\/\/regatyinfluencerow.roza.pl\/wp-content\/uploads\/2017\/04\/image_gallery-260x99.jpg 260w, https:\/\/regatyinfluencerow.roza.pl\/wp-content\/uploads\/2017\/04\/image_gallery-50x19.jpg 50w, https:\/\/regatyinfluencerow.roza.pl\/wp-content\/uploads\/2017\/04\/image_gallery-150x57.jpg 150w\" sizes=\"auto, (max-width: 556px) 100vw, 556px\" \/><\/p>\n<hr \/>\n<p><a href=\"http:\/\/www.somersbycider.com\/gl\/en\/\"><img loading=\"lazy\" decoding=\"async\" class=\"aligncenter wp-image-1382 size-full\" src=\"https:\/\/regatyyoutuberow.roza.pl\/wp-content\/uploads\/2017\/04\/Somersby_drzewkonapis.png\" alt=\"\" width=\"622\" height=\"468\" srcset=\"https:\/\/regatyinfluencerow.roza.pl\/wp-content\/uploads\/2017\/04\/Somersby_drzewkonapis.png 622w, https:\/\/regatyinfluencerow.roza.pl\/wp-content\/uploads\/2017\/04\/Somersby_drzewkonapis-300x226.png 300w, https:\/\/regatyinfluencerow.roza.pl\/wp-content\/uploads\/2017\/04\/Somersby_drzewkonapis-194x146.png 194w, https:\/\/regatyinfluencerow.roza.pl\/wp-content\/uploads\/2017\/04\/Somersby_drzewkonapis-50x38.png 50w, https:\/\/regatyinfluencerow.roza.pl\/wp-content\/uploads\/2017\/04\/Somersby_drzewkonapis-100x75.png 100w\" sizes=\"auto, (max-width: 622px) 100vw, 622px\" \/><\/a><\/p>\n<hr \/>\n<h2 style=\"text-align: center;\"><b>Partnerzy:<\/b><\/h2>\n<p><a href=\"http:\/\/www.granna.pl\"><img loading=\"lazy\" decoding=\"async\" class=\"aligncenter wp-image-1320\" src=\"https:\/\/regatyyoutuberow.roza.pl\/wp-content\/uploads\/2017\/04\/logo.jpg\" alt=\"\" width=\"510\" height=\"316\" srcset=\"https:\/\/regatyinfluencerow.roza.pl\/wp-content\/uploads\/2017\/04\/logo.jpg 590w, https:\/\/regatyinfluencerow.roza.pl\/wp-content\/uploads\/2017\/04\/logo-300x186.jpg 300w, https:\/\/regatyinfluencerow.roza.pl\/wp-content\/uploads\/2017\/04\/logo-235x146.jpg 235w, https:\/\/regatyinfluencerow.roza.pl\/wp-content\/uploads\/2017\/04\/logo-50x31.jpg 50w, https:\/\/regatyinfluencerow.roza.pl\/wp-content\/uploads\/2017\/04\/logo-121x75.jpg 121w\" sizes=\"auto, (max-width: 510px) 100vw, 510px\" \/><\/a><\/p>\n<p>&nbsp;<\/p>\n<p><a href=\"http:\/\/gopro.com\/\"><img loading=\"lazy\" decoding=\"async\" class=\"aligncenter wp-image-1414\" src=\"https:\/\/regatyyoutuberow.roza.pl\/wp-content\/uploads\/2017\/04\/GoPro_Logo_4C_R_RGB.jpg\" alt=\"\" width=\"547\" height=\"354\" srcset=\"https:\/\/regatyinfluencerow.roza.pl\/wp-content\/uploads\/2017\/04\/GoPro_Logo_4C_R_RGB.jpg 2550w, https:\/\/regatyinfluencerow.roza.pl\/wp-content\/uploads\/2017\/04\/GoPro_Logo_4C_R_RGB-300x194.jpg 300w, https:\/\/regatyinfluencerow.roza.pl\/wp-content\/uploads\/2017\/04\/GoPro_Logo_4C_R_RGB-768x497.jpg 768w, https:\/\/regatyinfluencerow.roza.pl\/wp-content\/uploads\/2017\/04\/GoPro_Logo_4C_R_RGB-1024x663.jpg 1024w, https:\/\/regatyinfluencerow.roza.pl\/wp-content\/uploads\/2017\/04\/GoPro_Logo_4C_R_RGB-226x146.jpg 226w, https:\/\/regatyinfluencerow.roza.pl\/wp-content\/uploads\/2017\/04\/GoPro_Logo_4C_R_RGB-50x32.jpg 50w, https:\/\/regatyinfluencerow.roza.pl\/wp-content\/uploads\/2017\/04\/GoPro_Logo_4C_R_RGB-116x75.jpg 116w\" sizes=\"auto, (max-width: 547px) 100vw, 547px\" \/><\/a><\/p>\n<hr \/>\n<h2 style=\"text-align: center;\"><b>Partnerzy merytoryczni:<\/b><\/h2>\n<p>&nbsp;<\/p>\n<p><a href=\"http:\/\/www.talentmedia.tv\/pl\/\"><img loading=\"lazy\" decoding=\"async\" class=\"aligncenter wp-image-1321\" src=\"https:\/\/regatyyoutuberow.roza.pl\/wp-content\/uploads\/2017\/04\/tm-logo1-png-1024x347.png\" alt=\"\" width=\"546\" height=\"185\" srcset=\"https:\/\/regatyinfluencerow.roza.pl\/wp-content\/uploads\/2017\/04\/tm-logo1-png-1024x347.png 1024w, https:\/\/regatyinfluencerow.roza.pl\/wp-content\/uploads\/2017\/04\/tm-logo1-png-300x102.png 300w, https:\/\/regatyinfluencerow.roza.pl\/wp-content\/uploads\/2017\/04\/tm-logo1-png-768x260.png 768w, https:\/\/regatyinfluencerow.roza.pl\/wp-content\/uploads\/2017\/04\/tm-logo1-png-260x88.png 260w, https:\/\/regatyinfluencerow.roza.pl\/wp-content\/uploads\/2017\/04\/tm-logo1-png-50x17.png 50w, https:\/\/regatyinfluencerow.roza.pl\/wp-content\/uploads\/2017\/04\/tm-logo1-png-150x51.png 150w\" sizes=\"auto, (max-width: 546px) 100vw, 546px\" \/><\/a><\/p>\n<p>&nbsp;<\/p>\n<hr \/>\n<p>&nbsp;<\/p>\n<h2 style=\"text-align: center;\"><b>Partner techniczny:<\/b><\/h2>\n<p><a href=\"https:\/\/brand24.pl\"><img loading=\"lazy\" decoding=\"async\" class=\"aligncenter wp-image-1322\" src=\"https:\/\/regatyyoutuberow.roza.pl\/wp-content\/uploads\/2017\/04\/logo_brand24_black.jpg\" alt=\"\" width=\"512\" height=\"103\" srcset=\"https:\/\/regatyinfluencerow.roza.pl\/wp-content\/uploads\/2017\/04\/logo_brand24_black.jpg 2629w, https:\/\/regatyinfluencerow.roza.pl\/wp-content\/uploads\/2017\/04\/logo_brand24_black-300x60.jpg 300w, https:\/\/regatyinfluencerow.roza.pl\/wp-content\/uploads\/2017\/04\/logo_brand24_black-768x155.jpg 768w, https:\/\/regatyinfluencerow.roza.pl\/wp-content\/uploads\/2017\/04\/logo_brand24_black-1024x206.jpg 1024w, https:\/\/regatyinfluencerow.roza.pl\/wp-content\/uploads\/2017\/04\/logo_brand24_black-260x52.jpg 260w, https:\/\/regatyinfluencerow.roza.pl\/wp-content\/uploads\/2017\/04\/logo_brand24_black-50x10.jpg 50w, https:\/\/regatyinfluencerow.roza.pl\/wp-content\/uploads\/2017\/04\/logo_brand24_black-150x30.jpg 150w\" sizes=\"auto, (max-width: 512px) 100vw, 512px\" \/><\/a><\/p>\n<hr \/>\n<h2 style=\"text-align: center;\"><b>Patroni medialni:<\/b><\/h2>\n<p style=\"text-align: center;\"><a href=\"http:\/\/4fun.tv\/\" target=\"_blank\" rel=\"noopener noreferrer\"><img loading=\"lazy\" decoding=\"async\" class=\" wp-image-169 aligncenter\" src=\"https:\/\/regatyyoutuberow.roza.pl\/wp-content\/uploads\/2016\/04\/4FUN_TV_logoRGB-1.png\" alt=\"4FUN_TV_logoRGB-1\" width=\"343\" height=\"254\" srcset=\"https:\/\/regatyinfluencerow.roza.pl\/wp-content\/uploads\/2016\/04\/4FUN_TV_logoRGB-1.png 757w, https:\/\/regatyinfluencerow.roza.pl\/wp-content\/uploads\/2016\/04\/4FUN_TV_logoRGB-1-300x222.png 300w, https:\/\/regatyinfluencerow.roza.pl\/wp-content\/uploads\/2016\/04\/4FUN_TV_logoRGB-1-197x146.png 197w, https:\/\/regatyinfluencerow.roza.pl\/wp-content\/uploads\/2016\/04\/4FUN_TV_logoRGB-1-50x37.png 50w, https:\/\/regatyinfluencerow.roza.pl\/wp-content\/uploads\/2016\/04\/4FUN_TV_logoRGB-1-101x75.png 101w\" sizes=\"auto, (max-width: 343px) 100vw, 343px\" \/><\/a><\/p>\n<hr \/>\n<p style=\"text-align: center;\"><a href=\"http:\/\/www.polskieradio.pl\/10,Czworka\" target=\"_blank\" rel=\"noopener noreferrer\"><img loading=\"lazy\" decoding=\"async\" class=\" wp-image-170 aligncenter\" src=\"https:\/\/regatyyoutuberow.roza.pl\/wp-content\/uploads\/2016\/04\/logotyp_poziomy-1-1024x410-1024x410.jpg\" alt=\"logotyp_poziomy-1-1024x410\" width=\"536\" height=\"215\" srcset=\"https:\/\/regatyinfluencerow.roza.pl\/wp-content\/uploads\/2016\/04\/logotyp_poziomy-1-1024x410.jpg 1024w, https:\/\/regatyinfluencerow.roza.pl\/wp-content\/uploads\/2016\/04\/logotyp_poziomy-1-1024x410-300x120.jpg 300w, https:\/\/regatyinfluencerow.roza.pl\/wp-content\/uploads\/2016\/04\/logotyp_poziomy-1-1024x410-768x308.jpg 768w, https:\/\/regatyinfluencerow.roza.pl\/wp-content\/uploads\/2016\/04\/logotyp_poziomy-1-1024x410-260x104.jpg 260w, https:\/\/regatyinfluencerow.roza.pl\/wp-content\/uploads\/2016\/04\/logotyp_poziomy-1-1024x410-50x20.jpg 50w, https:\/\/regatyinfluencerow.roza.pl\/wp-content\/uploads\/2016\/04\/logotyp_poziomy-1-1024x410-150x60.jpg 150w\" sizes=\"auto, (max-width: 536px) 100vw, 536px\" \/><\/a><\/p>\n<hr \/>\n<p style=\"text-align: center;\"><a href=\"https:\/\/www.facebook.com\/TubeNews24\" target=\"_blank\" rel=\"noopener noreferrer\"><img loading=\"lazy\" decoding=\"async\" class=\" wp-image-171 aligncenter\" src=\"https:\/\/regatyyoutuberow.roza.pl\/wp-content\/uploads\/2016\/04\/logo-tube-news-5cm.png\" alt=\"logo-tube-news-5cm\" width=\"478\" height=\"143\" srcset=\"https:\/\/regatyinfluencerow.roza.pl\/wp-content\/uploads\/2016\/04\/logo-tube-news-5cm.png 591w, https:\/\/regatyinfluencerow.roza.pl\/wp-content\/uploads\/2016\/04\/logo-tube-news-5cm-300x90.png 300w, https:\/\/regatyinfluencerow.roza.pl\/wp-content\/uploads\/2016\/04\/logo-tube-news-5cm-260x78.png 260w, https:\/\/regatyinfluencerow.roza.pl\/wp-content\/uploads\/2016\/04\/logo-tube-news-5cm-50x15.png 50w, https:\/\/regatyinfluencerow.roza.pl\/wp-content\/uploads\/2016\/04\/logo-tube-news-5cm-150x45.png 150w\" sizes=\"auto, (max-width: 478px) 100vw, 478px\" \/><\/a><\/p>\n<hr \/>\n<p><a href=\"http:\/\/sailing.org.pl\"><img loading=\"lazy\" decoding=\"async\" class=\"aligncenter wp-image-1323\" src=\"https:\/\/regatyyoutuberow.roza.pl\/wp-content\/uploads\/2017\/04\/FINAL-Sailing_org_pl-logotyp.jpg\" alt=\"\" width=\"469\" height=\"157\" srcset=\"https:\/\/regatyinfluencerow.roza.pl\/wp-content\/uploads\/2017\/04\/FINAL-Sailing_org_pl-logotyp.jpg 2350w, https:\/\/regatyinfluencerow.roza.pl\/wp-content\/uploads\/2017\/04\/FINAL-Sailing_org_pl-logotyp-300x100.jpg 300w, https:\/\/regatyinfluencerow.roza.pl\/wp-content\/uploads\/2017\/04\/FINAL-Sailing_org_pl-logotyp-768x257.jpg 768w, https:\/\/regatyinfluencerow.roza.pl\/wp-content\/uploads\/2017\/04\/FINAL-Sailing_org_pl-logotyp-1024x342.jpg 1024w, https:\/\/regatyinfluencerow.roza.pl\/wp-content\/uploads\/2017\/04\/FINAL-Sailing_org_pl-logotyp-260x87.jpg 260w, https:\/\/regatyinfluencerow.roza.pl\/wp-content\/uploads\/2017\/04\/FINAL-Sailing_org_pl-logotyp-50x17.jpg 50w, https:\/\/regatyinfluencerow.roza.pl\/wp-content\/uploads\/2017\/04\/FINAL-Sailing_org_pl-logotyp-150x50.jpg 150w\" sizes=\"auto, (max-width: 469px) 100vw, 469px\" \/><\/a><\/p>\n<hr \/>\n<p style=\"text-align: center;\"><a href=\"http:\/\/apynews.pl\"><img loading=\"lazy\" decoding=\"async\" class=\"aligncenter wp-image-1345\" src=\"https:\/\/regatyyoutuberow.roza.pl\/wp-content\/uploads\/2017\/04\/logoapy.png\" alt=\"\" width=\"480\" height=\"109\" srcset=\"https:\/\/regatyinfluencerow.roza.pl\/wp-content\/uploads\/2017\/04\/logoapy.png 1266w, https:\/\/regatyinfluencerow.roza.pl\/wp-content\/uploads\/2017\/04\/logoapy-300x68.png 300w, https:\/\/regatyinfluencerow.roza.pl\/wp-content\/uploads\/2017\/04\/logoapy-768x174.png 768w, https:\/\/regatyinfluencerow.roza.pl\/wp-content\/uploads\/2017\/04\/logoapy-1024x232.png 1024w, https:\/\/regatyinfluencerow.roza.pl\/wp-content\/uploads\/2017\/04\/logoapy-260x59.png 260w, https:\/\/regatyinfluencerow.roza.pl\/wp-content\/uploads\/2017\/04\/logoapy-50x11.png 50w, https:\/\/regatyinfluencerow.roza.pl\/wp-content\/uploads\/2017\/04\/logoapy-150x34.png 150w\" sizes=\"auto, (max-width: 480px) 100vw, 480px\" \/><\/a><\/p>\n<hr \/>\n<p><a href=\"http:\/\/yt360.pl\/\" target=\"_blank\" rel=\"noopener noreferrer\"><img loading=\"lazy\" decoding=\"async\" class=\"wp-image-173 aligncenter\" src=\"https:\/\/regatyyoutuberow.roza.pl\/wp-content\/uploads\/2016\/04\/yt360-transparent-300x107.png\" alt=\"yt360-transparent-300x107\" width=\"426\" height=\"152\" srcset=\"https:\/\/regatyinfluencerow.roza.pl\/wp-content\/uploads\/2016\/04\/yt360-transparent-300x107.png 300w, https:\/\/regatyinfluencerow.roza.pl\/wp-content\/uploads\/2016\/04\/yt360-transparent-300x107-260x93.png 260w, https:\/\/regatyinfluencerow.roza.pl\/wp-content\/uploads\/2016\/04\/yt360-transparent-300x107-50x18.png 50w, https:\/\/regatyinfluencerow.roza.pl\/wp-content\/uploads\/2016\/04\/yt360-transparent-300x107-150x54.png 150w\" sizes=\"auto, (max-width: 426px) 100vw, 426px\" \/><\/a><\/p>\n<hr \/>\n<p style=\"text-align: center;\"><a href=\"http:\/\/www.vstars.pl\"><img loading=\"lazy\" decoding=\"async\" class=\"aligncenter wp-image-1328\" src=\"https:\/\/regatyyoutuberow.roza.pl\/wp-content\/uploads\/2017\/04\/VStarsLogopink.jpg\" alt=\"\" width=\"449\" height=\"152\" srcset=\"https:\/\/regatyinfluencerow.roza.pl\/wp-content\/uploads\/2017\/04\/VStarsLogopink.jpg 1025w, https:\/\/regatyinfluencerow.roza.pl\/wp-content\/uploads\/2017\/04\/VStarsLogopink-300x102.jpg 300w, https:\/\/regatyinfluencerow.roza.pl\/wp-content\/uploads\/2017\/04\/VStarsLogopink-768x260.jpg 768w, https:\/\/regatyinfluencerow.roza.pl\/wp-content\/uploads\/2017\/04\/VStarsLogopink-1024x347.jpg 1024w, https:\/\/regatyinfluencerow.roza.pl\/wp-content\/uploads\/2017\/04\/VStarsLogopink-260x88.jpg 260w, https:\/\/regatyinfluencerow.roza.pl\/wp-content\/uploads\/2017\/04\/VStarsLogopink-50x17.jpg 50w, https:\/\/regatyinfluencerow.roza.pl\/wp-content\/uploads\/2017\/04\/VStarsLogopink-150x51.jpg 150w\" sizes=\"auto, (max-width: 449px) 100vw, 449px\" \/><\/a><\/p>\n","protected":false},"excerpt":{"rendered":"<p>Partnerzy III edycji \u017beglarskich Mistrzostw Polski YouTuber\u00f3w: Sponsor g\u0142\u00f3wny: Sponsorzy: Partnerzy: &nbsp; Partnerzy merytoryczni: &nbsp; &nbsp; &nbsp; Partner techniczny: Patroni medialni:<\/p>\n","protected":false},"author":2,"featured_media":0,"parent":0,"menu_order":0,"comment_status":"open","ping_status":"closed","template":"","meta":{"_acf_changed":false,"footnotes":""},"class_list":["post-1318","page","type-page","status-publish","hentry"],"acf":[],"yoast_head":"<!-- This site is optimized with the Yoast SEO plugin v27.5 - https:\/\/yoast.com\/product\/yoast-seo-wordpress\/ -->\n<title>Partnerzy &#039;17 - Regaty Influencer\u00f3w<\/title>\n<meta name=\"robots\" content=\"index, follow, max-snippet:-1, max-image-preview:large, max-video-preview:-1\" \/>\n<link rel=\"canonical\" href=\"https:\/\/regatyinfluencerow.roza.pl\/index.php\/partnerzy-3\/\" \/>\n<meta property=\"og:locale\" content=\"pl_PL\" \/>\n<meta property=\"og:type\" content=\"article\" \/>\n<meta property=\"og:title\" content=\"Partnerzy &#039;17 - Regaty Influencer\u00f3w\" \/>\n<meta property=\"og:description\" content=\"Partnerzy III edycji \u017beglarskich Mistrzostw Polski YouTuber\u00f3w: Sponsor g\u0142\u00f3wny: Sponsorzy: Partnerzy: &nbsp; Partnerzy merytoryczni: &nbsp; &nbsp; &nbsp; Partner techniczny: Patroni medialni:\" \/>\n<meta property=\"og:url\" content=\"https:\/\/regatyinfluencerow.roza.pl\/index.php\/partnerzy-3\/\" \/>\n<meta property=\"og:site_name\" content=\"Regaty Influencer\u00f3w\" \/>\n<meta property=\"article:modified_time\" content=\"2017-04-29T16:33:21+00:00\" \/>\n<meta property=\"og:image\" content=\"https:\/\/regatyyoutuberow.roza.pl\/wp-content\/uploads\/2017\/04\/perlogoupg4cbsr.png\" \/>\n<meta name=\"twitter:card\" content=\"summary_large_image\" \/>\n<script type=\"application\/ld+json\" class=\"yoast-schema-graph\">{\"@context\":\"https:\\\/\\\/schema.org\",\"@graph\":[{\"@type\":\"WebPage\",\"@id\":\"https:\\\/\\\/regatyinfluencerow.roza.pl\\\/index.php\\\/partnerzy-3\\\/\",\"url\":\"https:\\\/\\\/regatyinfluencerow.roza.pl\\\/index.php\\\/partnerzy-3\\\/\",\"name\":\"Partnerzy '17 - Regaty Influencer\u00f3w\",\"isPartOf\":{\"@id\":\"https:\\\/\\\/regatyinfluencerow.roza.pl\\\/#website\"},\"primaryImageOfPage\":{\"@id\":\"https:\\\/\\\/regatyinfluencerow.roza.pl\\\/index.php\\\/partnerzy-3\\\/#primaryimage\"},\"image\":{\"@id\":\"https:\\\/\\\/regatyinfluencerow.roza.pl\\\/index.php\\\/partnerzy-3\\\/#primaryimage\"},\"thumbnailUrl\":\"https:\\\/\\\/regatyyoutuberow.roza.pl\\\/wp-content\\\/uploads\\\/2017\\\/04\\\/perlogoupg4cbsr.png\",\"datePublished\":\"2017-04-03T16:41:33+00:00\",\"dateModified\":\"2017-04-29T16:33:21+00:00\",\"breadcrumb\":{\"@id\":\"https:\\\/\\\/regatyinfluencerow.roza.pl\\\/index.php\\\/partnerzy-3\\\/#breadcrumb\"},\"inLanguage\":\"pl-PL\",\"potentialAction\":[{\"@type\":\"ReadAction\",\"target\":[\"https:\\\/\\\/regatyinfluencerow.roza.pl\\\/index.php\\\/partnerzy-3\\\/\"]}]},{\"@type\":\"ImageObject\",\"inLanguage\":\"pl-PL\",\"@id\":\"https:\\\/\\\/regatyinfluencerow.roza.pl\\\/index.php\\\/partnerzy-3\\\/#primaryimage\",\"url\":\"https:\\\/\\\/regatyyoutuberow.roza.pl\\\/wp-content\\\/uploads\\\/2017\\\/04\\\/perlogoupg4cbsr.png\",\"contentUrl\":\"https:\\\/\\\/regatyyoutuberow.roza.pl\\\/wp-content\\\/uploads\\\/2017\\\/04\\\/perlogoupg4cbsr.png\"},{\"@type\":\"BreadcrumbList\",\"@id\":\"https:\\\/\\\/regatyinfluencerow.roza.pl\\\/index.php\\\/partnerzy-3\\\/#breadcrumb\",\"itemListElement\":[{\"@type\":\"ListItem\",\"position\":1,\"name\":\"Strona g\u0142\u00f3wna\",\"item\":\"https:\\\/\\\/regatyinfluencerow.roza.pl\\\/\"},{\"@type\":\"ListItem\",\"position\":2,\"name\":\"Partnerzy &#8217;17\"}]},{\"@type\":\"WebSite\",\"@id\":\"https:\\\/\\\/regatyinfluencerow.roza.pl\\\/#website\",\"url\":\"https:\\\/\\\/regatyinfluencerow.roza.pl\\\/\",\"name\":\"Regaty Influencer\u00f3w\",\"description\":\"o puchar R\u00f3\u017cy Wiatr\u00f3w\",\"publisher\":{\"@id\":\"https:\\\/\\\/regatyinfluencerow.roza.pl\\\/#organization\"},\"potentialAction\":[{\"@type\":\"SearchAction\",\"target\":{\"@type\":\"EntryPoint\",\"urlTemplate\":\"https:\\\/\\\/regatyinfluencerow.roza.pl\\\/?s={search_term_string}\"},\"query-input\":{\"@type\":\"PropertyValueSpecification\",\"valueRequired\":true,\"valueName\":\"search_term_string\"}}],\"inLanguage\":\"pl-PL\"},{\"@type\":\"Organization\",\"@id\":\"https:\\\/\\\/regatyinfluencerow.roza.pl\\\/#organization\",\"name\":\"Regaty Influencer\u00f3w\",\"url\":\"https:\\\/\\\/regatyinfluencerow.roza.pl\\\/\",\"logo\":{\"@type\":\"ImageObject\",\"inLanguage\":\"pl-PL\",\"@id\":\"https:\\\/\\\/regatyinfluencerow.roza.pl\\\/#\\\/schema\\\/logo\\\/image\\\/\",\"url\":\"https:\\\/\\\/regatyinfluencerow.roza.pl\\\/wp-content\\\/uploads\\\/2016\\\/04\\\/logoyotubesail-1024x934.png\",\"contentUrl\":\"https:\\\/\\\/regatyinfluencerow.roza.pl\\\/wp-content\\\/uploads\\\/2016\\\/04\\\/logoyotubesail-1024x934.png\",\"width\":1024,\"height\":934,\"caption\":\"Regaty Influencer\u00f3w\"},\"image\":{\"@id\":\"https:\\\/\\\/regatyinfluencerow.roza.pl\\\/#\\\/schema\\\/logo\\\/image\\\/\"}}]}<\/script>\n<!-- \/ Yoast SEO plugin. -->","yoast_head_json":{"title":"Partnerzy '17 - Regaty Influencer\u00f3w","robots":{"index":"index","follow":"follow","max-snippet":"max-snippet:-1","max-image-preview":"max-image-preview:large","max-video-preview":"max-video-preview:-1"},"canonical":"https:\/\/regatyinfluencerow.roza.pl\/index.php\/partnerzy-3\/","og_locale":"pl_PL","og_type":"article","og_title":"Partnerzy '17 - Regaty Influencer\u00f3w","og_description":"Partnerzy III edycji \u017beglarskich Mistrzostw Polski YouTuber\u00f3w: Sponsor g\u0142\u00f3wny: Sponsorzy: Partnerzy: &nbsp; Partnerzy merytoryczni: &nbsp; &nbsp; &nbsp; Partner techniczny: Patroni medialni:","og_url":"https:\/\/regatyinfluencerow.roza.pl\/index.php\/partnerzy-3\/","og_site_name":"Regaty Influencer\u00f3w","article_modified_time":"2017-04-29T16:33:21+00:00","og_image":[{"url":"https:\/\/regatyyoutuberow.roza.pl\/wp-content\/uploads\/2017\/04\/perlogoupg4cbsr.png","type":"","width":"","height":""}],"twitter_card":"summary_large_image","schema":{"@context":"https:\/\/schema.org","@graph":[{"@type":"WebPage","@id":"https:\/\/regatyinfluencerow.roza.pl\/index.php\/partnerzy-3\/","url":"https:\/\/regatyinfluencerow.roza.pl\/index.php\/partnerzy-3\/","name":"Partnerzy '17 - Regaty Influencer\u00f3w","isPartOf":{"@id":"https:\/\/regatyinfluencerow.roza.pl\/#website"},"primaryImageOfPage":{"@id":"https:\/\/regatyinfluencerow.roza.pl\/index.php\/partnerzy-3\/#primaryimage"},"image":{"@id":"https:\/\/regatyinfluencerow.roza.pl\/index.php\/partnerzy-3\/#primaryimage"},"thumbnailUrl":"https:\/\/regatyyoutuberow.roza.pl\/wp-content\/uploads\/2017\/04\/perlogoupg4cbsr.png","datePublished":"2017-04-03T16:41:33+00:00","dateModified":"2017-04-29T16:33:21+00:00","breadcrumb":{"@id":"https:\/\/regatyinfluencerow.roza.pl\/index.php\/partnerzy-3\/#breadcrumb"},"inLanguage":"pl-PL","potentialAction":[{"@type":"ReadAction","target":["https:\/\/regatyinfluencerow.roza.pl\/index.php\/partnerzy-3\/"]}]},{"@type":"ImageObject","inLanguage":"pl-PL","@id":"https:\/\/regatyinfluencerow.roza.pl\/index.php\/partnerzy-3\/#primaryimage","url":"https:\/\/regatyyoutuberow.roza.pl\/wp-content\/uploads\/2017\/04\/perlogoupg4cbsr.png","contentUrl":"https:\/\/regatyyoutuberow.roza.pl\/wp-content\/uploads\/2017\/04\/perlogoupg4cbsr.png"},{"@type":"BreadcrumbList","@id":"https:\/\/regatyinfluencerow.roza.pl\/index.php\/partnerzy-3\/#breadcrumb","itemListElement":[{"@type":"ListItem","position":1,"name":"Strona g\u0142\u00f3wna","item":"https:\/\/regatyinfluencerow.roza.pl\/"},{"@type":"ListItem","position":2,"name":"Partnerzy &#8217;17"}]},{"@type":"WebSite","@id":"https:\/\/regatyinfluencerow.roza.pl\/#website","url":"https:\/\/regatyinfluencerow.roza.pl\/","name":"Regaty Influencer\u00f3w","description":"o puchar R\u00f3\u017cy Wiatr\u00f3w","publisher":{"@id":"https:\/\/regatyinfluencerow.roza.pl\/#organization"},"potentialAction":[{"@type":"SearchAction","target":{"@type":"EntryPoint","urlTemplate":"https:\/\/regatyinfluencerow.roza.pl\/?s={search_term_string}"},"query-input":{"@type":"PropertyValueSpecification","valueRequired":true,"valueName":"search_term_string"}}],"inLanguage":"pl-PL"},{"@type":"Organization","@id":"https:\/\/regatyinfluencerow.roza.pl\/#organization","name":"Regaty Influencer\u00f3w","url":"https:\/\/regatyinfluencerow.roza.pl\/","logo":{"@type":"ImageObject","inLanguage":"pl-PL","@id":"https:\/\/regatyinfluencerow.roza.pl\/#\/schema\/logo\/image\/","url":"https:\/\/regatyinfluencerow.roza.pl\/wp-content\/uploads\/2016\/04\/logoyotubesail-1024x934.png","contentUrl":"https:\/\/regatyinfluencerow.roza.pl\/wp-content\/uploads\/2016\/04\/logoyotubesail-1024x934.png","width":1024,"height":934,"caption":"Regaty Influencer\u00f3w"},"image":{"@id":"https:\/\/regatyinfluencerow.roza.pl\/#\/schema\/logo\/image\/"}}]}},"_links":{"self":[{"href":"https:\/\/regatyinfluencerow.roza.pl\/index.php\/wp-json\/wp\/v2\/pages\/1318","targetHints":{"allow":["GET"]}}],"collection":[{"href":"https:\/\/regatyinfluencerow.roza.pl\/index.php\/wp-json\/wp\/v2\/pages"}],"about":[{"href":"https:\/\/regatyinfluencerow.roza.pl\/index.php\/wp-json\/wp\/v2\/types\/page"}],"author":[{"embeddable":true,"href":"https:\/\/regatyinfluencerow.roza.pl\/index.php\/wp-json\/wp\/v2\/users\/2"}],"replies":[{"embeddable":true,"href":"https:\/\/regatyinfluencerow.roza.pl\/index.php\/wp-json\/wp\/v2\/comments?post=1318"}],"version-history":[{"count":15,"href":"https:\/\/regatyinfluencerow.roza.pl\/index.php\/wp-json\/wp\/v2\/pages\/1318\/revisions"}],"predecessor-version":[{"id":1415,"href":"https:\/\/regatyinfluencerow.roza.pl\/index.php\/wp-json\/wp\/v2\/pages\/1318\/revisions\/1415"}],"wp:attachment":[{"href":"https:\/\/regatyinfluencerow.roza.pl\/index.php\/wp-json\/wp\/v2\/media?parent=1318"}],"curies":[{"name":"wp","href":"https:\/\/api.w.org\/{rel}","templated":true}]}}