{"id":1072,"date":"2017-02-21T15:19:33","date_gmt":"2017-02-21T14:19:33","guid":{"rendered":"http:\/\/regatyyoutuberow.roza.pl\/?page_id=1072"},"modified":"2017-03-02T14:11:15","modified_gmt":"2017-03-02T13:11:15","slug":"program-regat-2017","status":"publish","type":"page","link":"https:\/\/regatyinfluencerow.roza.pl\/index.php\/program-regat-2017\/","title":{"rendered":"Program regat 2017"},"content":{"rendered":"<h1>Program III \u017beglarskich Mistrzostw Polski YouTuber\u00f3w o Puchar R\u00f3\u017cy Wiatr\u00f3w<\/h1>\n<p><img loading=\"lazy\" decoding=\"async\" class=\"alignnone size-large wp-image-175\" src=\"https:\/\/regatyyoutuberow.roza.pl\/wp-content\/uploads\/2016\/04\/IMG_0859-1024x541.jpg\" alt=\"IMG_0859\" width=\"1024\" height=\"541\" srcset=\"https:\/\/regatyinfluencerow.roza.pl\/wp-content\/uploads\/2016\/04\/IMG_0859-1024x541.jpg 1024w, https:\/\/regatyinfluencerow.roza.pl\/wp-content\/uploads\/2016\/04\/IMG_0859-300x159.jpg 300w, https:\/\/regatyinfluencerow.roza.pl\/wp-content\/uploads\/2016\/04\/IMG_0859-768x406.jpg 768w, https:\/\/regatyinfluencerow.roza.pl\/wp-content\/uploads\/2016\/04\/IMG_0859-260x137.jpg 260w, https:\/\/regatyinfluencerow.roza.pl\/wp-content\/uploads\/2016\/04\/IMG_0859-50x26.jpg 50w, https:\/\/regatyinfluencerow.roza.pl\/wp-content\/uploads\/2016\/04\/IMG_0859-142x75.jpg 142w, https:\/\/regatyinfluencerow.roza.pl\/wp-content\/uploads\/2016\/04\/IMG_0859.jpg 1600w\" sizes=\"auto, (max-width: 1024px) 100vw, 1024px\" \/><\/p>\n<h2>Program regat<\/h2>\n<p><strong>Trzecia edycja regat YouTuber\u00f3w\u00a0odb\u0119dzie si\u0119 13\u00a0maja 2017 r.<\/strong><\/p>\n<ul>\n<li>9.30 otwarcie regat<\/li>\n<li>9.40\u00a0odprawa sternik\u00f3w \u2013\u00a0om\u00f3wienie regat<\/li>\n<li>10.30 wyj\u015bcie jacht\u00f3w z portu<\/li>\n<li>11.00 pierwszy bieg<\/li>\n<li>12.00 drugi bieg<\/li>\n<li>13.30 trzeci bieg<\/li>\n<li>16.30 zako\u0144czenie regat, powr\u00f3t do portu<\/li>\n<li>18.00 og\u0142oszenie wynik\u00f3w \u2013\u00a0rozdanie nagr\u00f3d<\/li>\n<\/ul>\n<h2>Program\u00a0FanZone<\/h2>\n<ul>\n<li>10.10 po\u017cegnanie za\u0142\u00f3g wyp\u0142ywaj\u0105cych z portu<\/li>\n<li>11.00 otwarcie strefy kibica<\/li>\n<li>16.30 zamkni\u0119cie strefy kibica<\/li>\n<li>16.40\u00a0powitanie jacht\u00f3w i zawodnik\u00f3w w porcie<\/li>\n<li>po 18.30 impreza zamkni\u0119ta<\/li>\n<\/ul>\n<p>&nbsp;<\/p>\n<p>&nbsp;<\/p>\n<p><strong>INFORMACJA DLA FAN\u00d3W\u00a0<\/strong><\/p>\n<p>Serdecznie zapraszamy do wsp\u00f3lnego kibicowania ulubionym YouTuberom i na spotkanie z zawodnikami po zako\u0144czeniu regat.<br \/>\nJednocze\u015bnie uprzejmie prosimy o poszanowanie ich prywatno\u015bci i prawa do wypoczynku poza czasem wsp\u00f3lnego kibicowania i spotka\u0144 z fanami.<br \/>\nRegaty to wymagaj\u0105ce zawody sportowe. Dajmy naszym ulubionym tw\u00f3rcom czas na wypoczynek i odrobin\u0119 prywatno\u015bci.<\/p>\n<p>&nbsp;<\/p>\n","protected":false},"excerpt":{"rendered":"<p>Program III \u017beglarskich Mistrzostw Polski YouTuber\u00f3w o Puchar R\u00f3\u017cy Wiatr\u00f3w Program regat Trzecia edycja regat YouTuber\u00f3w\u00a0odb\u0119dzie si\u0119 13\u00a0maja 2017 r. 9.30 otwarcie regat 9.40\u00a0odprawa sternik\u00f3w \u2013\u00a0om\u00f3wienie<span class=\"excerpt-hellip\"> [\u2026]<\/span><\/p>\n","protected":false},"author":2,"featured_media":0,"parent":0,"menu_order":0,"comment_status":"open","ping_status":"closed","template":"","meta":{"_acf_changed":false,"footnotes":""},"class_list":["post-1072","page","type-page","status-publish","hentry"],"acf":[],"yoast_head":"<!-- This site is optimized with the Yoast SEO plugin v27.5 - https:\/\/yoast.com\/product\/yoast-seo-wordpress\/ -->\n<title>Program regat 2017 - Regaty Influencer\u00f3w<\/title>\n<meta name=\"robots\" content=\"index, follow, max-snippet:-1, max-image-preview:large, max-video-preview:-1\" \/>\n<link rel=\"canonical\" href=\"https:\/\/regatyinfluencerow.roza.pl\/index.php\/program-regat-2017\/\" \/>\n<meta property=\"og:locale\" content=\"pl_PL\" \/>\n<meta property=\"og:type\" content=\"article\" \/>\n<meta property=\"og:title\" content=\"Program regat 2017 - Regaty Influencer\u00f3w\" \/>\n<meta property=\"og:description\" content=\"Program III \u017beglarskich Mistrzostw Polski YouTuber\u00f3w o Puchar R\u00f3\u017cy Wiatr\u00f3w Program regat Trzecia edycja regat YouTuber\u00f3w\u00a0odb\u0119dzie si\u0119 13\u00a0maja 2017 r. 9.30 otwarcie regat 9.40\u00a0odprawa sternik\u00f3w \u2013\u00a0om\u00f3wienie [\u2026]\" \/>\n<meta property=\"og:url\" content=\"https:\/\/regatyinfluencerow.roza.pl\/index.php\/program-regat-2017\/\" \/>\n<meta property=\"og:site_name\" content=\"Regaty Influencer\u00f3w\" \/>\n<meta property=\"article:modified_time\" content=\"2017-03-02T13:11:15+00:00\" \/>\n<meta property=\"og:image\" content=\"https:\/\/regatyyoutuberow.roza.pl\/wp-content\/uploads\/2016\/04\/IMG_0859-1024x541.jpg\" \/>\n<meta name=\"twitter:card\" content=\"summary_large_image\" \/>\n<meta name=\"twitter:label1\" content=\"Szacowany czas czytania\" \/>\n\t<meta name=\"twitter:data1\" content=\"1 minuta\" \/>\n<script type=\"application\/ld+json\" class=\"yoast-schema-graph\">{\"@context\":\"https:\\\/\\\/schema.org\",\"@graph\":[{\"@type\":\"WebPage\",\"@id\":\"https:\\\/\\\/regatyinfluencerow.roza.pl\\\/index.php\\\/program-regat-2017\\\/\",\"url\":\"https:\\\/\\\/regatyinfluencerow.roza.pl\\\/index.php\\\/program-regat-2017\\\/\",\"name\":\"Program regat 2017 - Regaty Influencer\u00f3w\",\"isPartOf\":{\"@id\":\"https:\\\/\\\/regatyinfluencerow.roza.pl\\\/#website\"},\"primaryImageOfPage\":{\"@id\":\"https:\\\/\\\/regatyinfluencerow.roza.pl\\\/index.php\\\/program-regat-2017\\\/#primaryimage\"},\"image\":{\"@id\":\"https:\\\/\\\/regatyinfluencerow.roza.pl\\\/index.php\\\/program-regat-2017\\\/#primaryimage\"},\"thumbnailUrl\":\"https:\\\/\\\/regatyyoutuberow.roza.pl\\\/wp-content\\\/uploads\\\/2016\\\/04\\\/IMG_0859-1024x541.jpg\",\"datePublished\":\"2017-02-21T14:19:33+00:00\",\"dateModified\":\"2017-03-02T13:11:15+00:00\",\"breadcrumb\":{\"@id\":\"https:\\\/\\\/regatyinfluencerow.roza.pl\\\/index.php\\\/program-regat-2017\\\/#breadcrumb\"},\"inLanguage\":\"pl-PL\",\"potentialAction\":[{\"@type\":\"ReadAction\",\"target\":[\"https:\\\/\\\/regatyinfluencerow.roza.pl\\\/index.php\\\/program-regat-2017\\\/\"]}]},{\"@type\":\"ImageObject\",\"inLanguage\":\"pl-PL\",\"@id\":\"https:\\\/\\\/regatyinfluencerow.roza.pl\\\/index.php\\\/program-regat-2017\\\/#primaryimage\",\"url\":\"https:\\\/\\\/regatyyoutuberow.roza.pl\\\/wp-content\\\/uploads\\\/2016\\\/04\\\/IMG_0859-1024x541.jpg\",\"contentUrl\":\"https:\\\/\\\/regatyyoutuberow.roza.pl\\\/wp-content\\\/uploads\\\/2016\\\/04\\\/IMG_0859-1024x541.jpg\"},{\"@type\":\"BreadcrumbList\",\"@id\":\"https:\\\/\\\/regatyinfluencerow.roza.pl\\\/index.php\\\/program-regat-2017\\\/#breadcrumb\",\"itemListElement\":[{\"@type\":\"ListItem\",\"position\":1,\"name\":\"Strona g\u0142\u00f3wna\",\"item\":\"https:\\\/\\\/regatyinfluencerow.roza.pl\\\/\"},{\"@type\":\"ListItem\",\"position\":2,\"name\":\"Program regat 2017\"}]},{\"@type\":\"WebSite\",\"@id\":\"https:\\\/\\\/regatyinfluencerow.roza.pl\\\/#website\",\"url\":\"https:\\\/\\\/regatyinfluencerow.roza.pl\\\/\",\"name\":\"Regaty Influencer\u00f3w\",\"description\":\"o puchar R\u00f3\u017cy Wiatr\u00f3w\",\"publisher\":{\"@id\":\"https:\\\/\\\/regatyinfluencerow.roza.pl\\\/#organization\"},\"potentialAction\":[{\"@type\":\"SearchAction\",\"target\":{\"@type\":\"EntryPoint\",\"urlTemplate\":\"https:\\\/\\\/regatyinfluencerow.roza.pl\\\/?s={search_term_string}\"},\"query-input\":{\"@type\":\"PropertyValueSpecification\",\"valueRequired\":true,\"valueName\":\"search_term_string\"}}],\"inLanguage\":\"pl-PL\"},{\"@type\":\"Organization\",\"@id\":\"https:\\\/\\\/regatyinfluencerow.roza.pl\\\/#organization\",\"name\":\"Regaty Influencer\u00f3w\",\"url\":\"https:\\\/\\\/regatyinfluencerow.roza.pl\\\/\",\"logo\":{\"@type\":\"ImageObject\",\"inLanguage\":\"pl-PL\",\"@id\":\"https:\\\/\\\/regatyinfluencerow.roza.pl\\\/#\\\/schema\\\/logo\\\/image\\\/\",\"url\":\"https:\\\/\\\/regatyinfluencerow.roza.pl\\\/wp-content\\\/uploads\\\/2016\\\/04\\\/logoyotubesail-1024x934.png\",\"contentUrl\":\"https:\\\/\\\/regatyinfluencerow.roza.pl\\\/wp-content\\\/uploads\\\/2016\\\/04\\\/logoyotubesail-1024x934.png\",\"width\":1024,\"height\":934,\"caption\":\"Regaty Influencer\u00f3w\"},\"image\":{\"@id\":\"https:\\\/\\\/regatyinfluencerow.roza.pl\\\/#\\\/schema\\\/logo\\\/image\\\/\"}}]}<\/script>\n<!-- \/ Yoast SEO plugin. -->","yoast_head_json":{"title":"Program regat 2017 - Regaty Influencer\u00f3w","robots":{"index":"index","follow":"follow","max-snippet":"max-snippet:-1","max-image-preview":"max-image-preview:large","max-video-preview":"max-video-preview:-1"},"canonical":"https:\/\/regatyinfluencerow.roza.pl\/index.php\/program-regat-2017\/","og_locale":"pl_PL","og_type":"article","og_title":"Program regat 2017 - Regaty Influencer\u00f3w","og_description":"Program III \u017beglarskich Mistrzostw Polski YouTuber\u00f3w o Puchar R\u00f3\u017cy Wiatr\u00f3w Program regat Trzecia edycja regat YouTuber\u00f3w\u00a0odb\u0119dzie si\u0119 13\u00a0maja 2017 r. 9.30 otwarcie regat 9.40\u00a0odprawa sternik\u00f3w \u2013\u00a0om\u00f3wienie [\u2026]","og_url":"https:\/\/regatyinfluencerow.roza.pl\/index.php\/program-regat-2017\/","og_site_name":"Regaty Influencer\u00f3w","article_modified_time":"2017-03-02T13:11:15+00:00","og_image":[{"url":"https:\/\/regatyyoutuberow.roza.pl\/wp-content\/uploads\/2016\/04\/IMG_0859-1024x541.jpg","type":"","width":"","height":""}],"twitter_card":"summary_large_image","twitter_misc":{"Szacowany czas czytania":"1 minuta"},"schema":{"@context":"https:\/\/schema.org","@graph":[{"@type":"WebPage","@id":"https:\/\/regatyinfluencerow.roza.pl\/index.php\/program-regat-2017\/","url":"https:\/\/regatyinfluencerow.roza.pl\/index.php\/program-regat-2017\/","name":"Program regat 2017 - Regaty Influencer\u00f3w","isPartOf":{"@id":"https:\/\/regatyinfluencerow.roza.pl\/#website"},"primaryImageOfPage":{"@id":"https:\/\/regatyinfluencerow.roza.pl\/index.php\/program-regat-2017\/#primaryimage"},"image":{"@id":"https:\/\/regatyinfluencerow.roza.pl\/index.php\/program-regat-2017\/#primaryimage"},"thumbnailUrl":"https:\/\/regatyyoutuberow.roza.pl\/wp-content\/uploads\/2016\/04\/IMG_0859-1024x541.jpg","datePublished":"2017-02-21T14:19:33+00:00","dateModified":"2017-03-02T13:11:15+00:00","breadcrumb":{"@id":"https:\/\/regatyinfluencerow.roza.pl\/index.php\/program-regat-2017\/#breadcrumb"},"inLanguage":"pl-PL","potentialAction":[{"@type":"ReadAction","target":["https:\/\/regatyinfluencerow.roza.pl\/index.php\/program-regat-2017\/"]}]},{"@type":"ImageObject","inLanguage":"pl-PL","@id":"https:\/\/regatyinfluencerow.roza.pl\/index.php\/program-regat-2017\/#primaryimage","url":"https:\/\/regatyyoutuberow.roza.pl\/wp-content\/uploads\/2016\/04\/IMG_0859-1024x541.jpg","contentUrl":"https:\/\/regatyyoutuberow.roza.pl\/wp-content\/uploads\/2016\/04\/IMG_0859-1024x541.jpg"},{"@type":"BreadcrumbList","@id":"https:\/\/regatyinfluencerow.roza.pl\/index.php\/program-regat-2017\/#breadcrumb","itemListElement":[{"@type":"ListItem","position":1,"name":"Strona g\u0142\u00f3wna","item":"https:\/\/regatyinfluencerow.roza.pl\/"},{"@type":"ListItem","position":2,"name":"Program regat 2017"}]},{"@type":"WebSite","@id":"https:\/\/regatyinfluencerow.roza.pl\/#website","url":"https:\/\/regatyinfluencerow.roza.pl\/","name":"Regaty Influencer\u00f3w","description":"o puchar R\u00f3\u017cy Wiatr\u00f3w","publisher":{"@id":"https:\/\/regatyinfluencerow.roza.pl\/#organization"},"potentialAction":[{"@type":"SearchAction","target":{"@type":"EntryPoint","urlTemplate":"https:\/\/regatyinfluencerow.roza.pl\/?s={search_term_string}"},"query-input":{"@type":"PropertyValueSpecification","valueRequired":true,"valueName":"search_term_string"}}],"inLanguage":"pl-PL"},{"@type":"Organization","@id":"https:\/\/regatyinfluencerow.roza.pl\/#organization","name":"Regaty Influencer\u00f3w","url":"https:\/\/regatyinfluencerow.roza.pl\/","logo":{"@type":"ImageObject","inLanguage":"pl-PL","@id":"https:\/\/regatyinfluencerow.roza.pl\/#\/schema\/logo\/image\/","url":"https:\/\/regatyinfluencerow.roza.pl\/wp-content\/uploads\/2016\/04\/logoyotubesail-1024x934.png","contentUrl":"https:\/\/regatyinfluencerow.roza.pl\/wp-content\/uploads\/2016\/04\/logoyotubesail-1024x934.png","width":1024,"height":934,"caption":"Regaty Influencer\u00f3w"},"image":{"@id":"https:\/\/regatyinfluencerow.roza.pl\/#\/schema\/logo\/image\/"}}]}},"_links":{"self":[{"href":"https:\/\/regatyinfluencerow.roza.pl\/index.php\/wp-json\/wp\/v2\/pages\/1072","targetHints":{"allow":["GET"]}}],"collection":[{"href":"https:\/\/regatyinfluencerow.roza.pl\/index.php\/wp-json\/wp\/v2\/pages"}],"about":[{"href":"https:\/\/regatyinfluencerow.roza.pl\/index.php\/wp-json\/wp\/v2\/types\/page"}],"author":[{"embeddable":true,"href":"https:\/\/regatyinfluencerow.roza.pl\/index.php\/wp-json\/wp\/v2\/users\/2"}],"replies":[{"embeddable":true,"href":"https:\/\/regatyinfluencerow.roza.pl\/index.php\/wp-json\/wp\/v2\/comments?post=1072"}],"version-history":[{"count":4,"href":"https:\/\/regatyinfluencerow.roza.pl\/index.php\/wp-json\/wp\/v2\/pages\/1072\/revisions"}],"predecessor-version":[{"id":3166,"href":"https:\/\/regatyinfluencerow.roza.pl\/index.php\/wp-json\/wp\/v2\/pages\/1072\/revisions\/3166"}],"wp:attachment":[{"href":"https:\/\/regatyinfluencerow.roza.pl\/index.php\/wp-json\/wp\/v2\/media?parent=1072"}],"curies":[{"name":"wp","href":"https:\/\/api.w.org\/{rel}","templated":true}]}}